{"id":1016,"date":"2017-05-04T12:40:35","date_gmt":"2017-05-04T10:40:35","guid":{"rendered":"http:\/\/www.undetec.com\/blog\/?page_id=1016"},"modified":"2025-05-26T23:04:02","modified_gmt":"2025-05-26T21:04:02","slug":"inici","status":"publish","type":"page","link":"https:\/\/www.undetec.com\/blog\/","title":{"rendered":""},"content":{"rendered":"\n<div class=\"alignnormal\"><div id=\"metaslider-id-1962\" style=\"width: 100%; margin: 0 auto;\" class=\"ml-slider-3-108-0 metaslider metaslider-flex metaslider-1962 ml-slider has-dots-nav has-carousel-mode ms-theme-default\" role=\"region\" aria-label=\"principal\" data-height=\"300\" data-width=\"700\">\n    <div id=\"metaslider_container_1962\">\n        <div id=\"metaslider_1962\">\n            <ul class='slides'>\n                <li style=\"display: none; width: 100%;\" class=\"slide-1963 ms-image \" aria-roledescription=\"slide\" data-date=\"2021-01-01 19:47:24\" data-filename=\"animat_silos.jpg\" data-slide-type=\"image\"><a href=\"https:\/\/www.undetec.com\/blog\/engreixada-intro\" target=\"_self\" aria-label=\"View Slide Details\" class=\"metaslider_image_link\"><img loading=\"lazy\" decoding=\"async\" width=\"700\" height=\"300\" src=\"https:\/\/www.undetec.com\/blog\/wp-content\/uploads\/2021\/12\/animat_silos.jpg\" class=\"slider-1962 slide-1963 msDefaultImage\" alt=\"\" rel=\"\" title=\"_animat_silos\" style=\"margin: 0 auto; width: 100%\" srcset=\"https:\/\/www.undetec.com\/blog\/wp-content\/uploads\/2021\/12\/animat_silos.jpg 700w, https:\/\/www.undetec.com\/blog\/wp-content\/uploads\/2021\/12\/animat_silos-300x129.jpg 300w\" sizes=\"auto, (max-width: 700px) 85vw, 700px\" \/><\/a><\/li>\n                <li style=\"display: none; width: 100%;\" class=\"slide-1964 ms-image \" aria-roledescription=\"slide\" data-date=\"2021-01-01 19:47:37\" data-filename=\"animat_cellules_carrega_pota.jpg\" data-slide-type=\"image\"><a href=\"https:\/\/www.undetec.com\/blog\/manual-control-sitges\" target=\"_self\" aria-label=\"View Slide Details\" class=\"metaslider_image_link\"><img loading=\"lazy\" decoding=\"async\" width=\"700\" height=\"300\" src=\"https:\/\/www.undetec.com\/blog\/wp-content\/uploads\/2021\/12\/animat_cellules_carrega_pota.jpg\" class=\"slider-1962 slide-1964 msDefaultImage\" alt=\"\" rel=\"\" title=\"_animat_cellules_carrega_pota\" style=\"margin: 0 auto; width: 100%\" srcset=\"https:\/\/www.undetec.com\/blog\/wp-content\/uploads\/2021\/12\/animat_cellules_carrega_pota.jpg 700w, https:\/\/www.undetec.com\/blog\/wp-content\/uploads\/2021\/12\/animat_cellules_carrega_pota-300x129.jpg 300w\" sizes=\"auto, (max-width: 700px) 85vw, 700px\" \/><\/a><\/li>\n                <li style=\"display: none; width: 100%;\" class=\"slide-1965 ms-image \" aria-roledescription=\"slide\" data-date=\"2021-01-01 19:48:00\" data-filename=\"animat_IdA.jpg\" data-slide-type=\"image\"><a href=\"https:\/\/www.undetec.com\/blog\/engreixada-intro\" target=\"_self\" aria-label=\"View Slide Details\" class=\"metaslider_image_link\"><img loading=\"lazy\" decoding=\"async\" width=\"700\" height=\"300\" src=\"https:\/\/www.undetec.com\/blog\/wp-content\/uploads\/2021\/12\/animat_IdA.jpg\" class=\"slider-1962 slide-1965 msDefaultImage\" alt=\"\" rel=\"\" title=\"_animat_IdA\" style=\"margin: 0 auto; width: 100%\" srcset=\"https:\/\/www.undetec.com\/blog\/wp-content\/uploads\/2021\/12\/animat_IdA.jpg 700w, https:\/\/www.undetec.com\/blog\/wp-content\/uploads\/2021\/12\/animat_IdA-300x129.jpg 300w\" sizes=\"auto, (max-width: 700px) 85vw, 700px\" \/><\/a><\/li>\n                <li style=\"display: none; width: 100%;\" class=\"slide-1966 ms-image \" aria-roledescription=\"slide\" data-date=\"2021-01-01 19:48:28\" data-filename=\"animat_grafica_bascules_dia.jpg\" data-slide-type=\"image\"><a href=\"https:\/\/www.undetec.com\/blog\/engreixada-intro\" target=\"_self\" aria-label=\"View Slide Details\" class=\"metaslider_image_link\"><img loading=\"lazy\" decoding=\"async\" width=\"700\" height=\"300\" src=\"https:\/\/www.undetec.com\/blog\/wp-content\/uploads\/2021\/12\/animat_grafica_bascules_dia.jpg\" class=\"slider-1962 slide-1966 msDefaultImage\" alt=\"\" rel=\"\" title=\"_animat_grafica_bascules_dia\" style=\"margin: 0 auto; width: 100%\" srcset=\"https:\/\/www.undetec.com\/blog\/wp-content\/uploads\/2021\/12\/animat_grafica_bascules_dia.jpg 700w, https:\/\/www.undetec.com\/blog\/wp-content\/uploads\/2021\/12\/animat_grafica_bascules_dia-300x129.jpg 300w\" sizes=\"auto, (max-width: 700px) 85vw, 700px\" \/><\/a><\/li>\n                <li style=\"display: none; width: 100%;\" class=\"slide-2042 ms-image \" aria-roledescription=\"slide\" data-date=\"2021-12-08 01:26:46\" data-filename=\"animat_bascules_pesar_aus_vives.jpg\" data-slide-type=\"image\"><a href=\"https:\/\/www.undetec.com\/blog\/undecex\" target=\"_self\" aria-label=\"View Slide Details\" class=\"metaslider_image_link\"><img loading=\"lazy\" decoding=\"async\" width=\"700\" height=\"300\" src=\"https:\/\/www.undetec.com\/blog\/wp-content\/uploads\/2021\/12\/animat_bascules_pesar_aus_vives.jpg\" class=\"slider-1962 slide-2042 msDefaultImage\" alt=\"\" rel=\"\" title=\"_animat_bascules_pesar_aus_vives\" style=\"margin: 0 auto; width: 100%\" srcset=\"https:\/\/www.undetec.com\/blog\/wp-content\/uploads\/2021\/12\/animat_bascules_pesar_aus_vives.jpg 700w, https:\/\/www.undetec.com\/blog\/wp-content\/uploads\/2021\/12\/animat_bascules_pesar_aus_vives-300x129.jpg 300w\" sizes=\"auto, (max-width: 700px) 85vw, 700px\" \/><\/a><\/li>\n                <li style=\"display: none; width: 100%;\" class=\"slide-2043 ms-image \" aria-roledescription=\"slide\" data-date=\"2021-12-08 01:27:14\" data-filename=\"animat_centinella.jpg\" data-slide-type=\"image\"><a href=\"https:\/\/www.undetec.com\/blog\/producte-undetec-sentinella\" target=\"_self\" aria-label=\"View Slide Details\" class=\"metaslider_image_link\"><img loading=\"lazy\" decoding=\"async\" width=\"699\" height=\"302\" src=\"https:\/\/www.undetec.com\/blog\/wp-content\/uploads\/2021\/12\/animat_centinella.jpg\" class=\"slider-1962 slide-2043 msDefaultImage\" alt=\"\" rel=\"\" title=\"_animat_centinella\" style=\"margin: 0 auto; width: 99.195837275307%\" srcset=\"https:\/\/www.undetec.com\/blog\/wp-content\/uploads\/2021\/12\/animat_centinella.jpg 699w, https:\/\/www.undetec.com\/blog\/wp-content\/uploads\/2021\/12\/animat_centinella-300x130.jpg 300w\" sizes=\"auto, (max-width: 699px) 85vw, 699px\" \/><\/a><\/li>\n            <\/ul>\n        <\/div>\n        \n    <\/div>\n<\/div><\/div>\n\n\n\n<h2 class=\"wp-block-heading\">Serveis<\/h2>\n\n\n\n<figure class=\"wp-block-gallery aligncenter columns-3 is-cropped wp-block-gallery-1 is-layout-flex wp-block-gallery-is-layout-flex\"><ul class=\"blocks-gallery-grid\"><li class=\"blocks-gallery-item\"><figure><img loading=\"lazy\" decoding=\"async\" width=\"138\" height=\"78\" src=\"https:\/\/www.undetec.com\/blog\/wp-content\/uploads\/2015\/02\/control_visual.jpg\" alt=\"Control visual\" data-id=\"611\" data-full-url=\"https:\/\/www.undetec.com\/blog\/wp-content\/uploads\/2015\/02\/control_visual.jpg\" data-link=\"https:\/\/www.undetec.com\/blog\/undetec-serveis\/control_visual\/\" class=\"wp-image-611\"\/><figcaption class=\"blocks-gallery-item__caption\"><a href=\"https:\/\/www.undetec.com\/blog\/servei-undetec-control-visual\/\"><span class=\"has-inline-color has-white-color\"><strong>CONTROL VISUAL<\/strong><\/span><\/a><\/figcaption><\/figure><\/li><li class=\"blocks-gallery-item\"><figure><img loading=\"lazy\" decoding=\"async\" width=\"138\" height=\"78\" src=\"https:\/\/www.undetec.com\/blog\/wp-content\/uploads\/2015\/02\/automatismes.jpg\" alt=\"automatismes\" data-id=\"610\" data-full-url=\"https:\/\/www.undetec.com\/blog\/wp-content\/uploads\/2015\/02\/automatismes.jpg\" data-link=\"https:\/\/www.undetec.com\/blog\/undetec-serveis\/automatismes-2\/\" class=\"wp-image-610\"\/><figcaption class=\"blocks-gallery-item__caption\"><a href=\"https:\/\/www.undetec.com\/blog\/servei-undetec-automatismes\/\"><span class=\"has-inline-color has-white-color\"><strong>AUTOMATISMES<\/strong><\/span><\/a><br><\/figcaption><\/figure><\/li><li class=\"blocks-gallery-item\"><figure><img loading=\"lazy\" decoding=\"async\" width=\"138\" height=\"78\" src=\"https:\/\/www.undetec.com\/blog\/wp-content\/uploads\/2015\/02\/seguretat.jpg\" alt=\"Seguretat\" data-id=\"615\" data-full-url=\"https:\/\/www.undetec.com\/blog\/wp-content\/uploads\/2015\/02\/seguretat.jpg\" data-link=\"https:\/\/www.undetec.com\/blog\/undetec-serveis\/seguretat-2\/\" class=\"wp-image-615\"\/><figcaption class=\"blocks-gallery-item__caption\"><strong><a href=\"https:\/\/www.undetec.com\/blog\/servei-undetec-seguretat\/\"><span class=\"has-inline-color has-white-color\">SEGURETAT<\/span><\/a><\/strong><\/figcaption><\/figure><\/li><li class=\"blocks-gallery-item\"><figure><img loading=\"lazy\" decoding=\"async\" width=\"138\" height=\"78\" src=\"https:\/\/www.undetec.com\/blog\/wp-content\/uploads\/2015\/02\/historics.jpg\" alt=\"Hist\u00f2rics\" data-id=\"613\" data-full-url=\"https:\/\/www.undetec.com\/blog\/wp-content\/uploads\/2015\/02\/historics.jpg\" data-link=\"https:\/\/www.undetec.com\/blog\/undetec-serveis\/historics\/\" class=\"wp-image-613\"\/><figcaption class=\"blocks-gallery-item__caption\"><strong><a href=\"https:\/\/www.undetec.com\/blog\/servei-undetec-historics\/\"><span class=\"has-inline-color has-white-color\">HISTORICS<\/span><\/a><\/strong><\/figcaption><\/figure><\/li><li class=\"blocks-gallery-item\"><figure><img loading=\"lazy\" decoding=\"async\" width=\"138\" height=\"78\" src=\"https:\/\/www.undetec.com\/blog\/wp-content\/uploads\/2015\/02\/Seccio_5.jpg\" alt=\"Serveis Web\" data-id=\"614\" data-full-url=\"https:\/\/www.undetec.com\/blog\/wp-content\/uploads\/2015\/02\/Seccio_5.jpg\" data-link=\"https:\/\/www.undetec.com\/blog\/undetec-serveis\/seccio_5\/\" class=\"wp-image-614\"\/><figcaption class=\"blocks-gallery-item__caption\"><strong><a href=\"https:\/\/www.undetec.com\/blog\/servei-undetec-serveis-web\/\"><span class=\"has-inline-color has-white-color\">SERVEIS WEB<\/span><\/a><\/strong><\/figcaption><\/figure><\/li><li class=\"blocks-gallery-item\"><figure><img loading=\"lazy\" decoding=\"async\" width=\"138\" height=\"78\" src=\"https:\/\/www.undetec.com\/blog\/wp-content\/uploads\/2015\/02\/control-presencia.jpg\" alt=\"Control de pres\u00e8ncia\" data-id=\"612\" data-full-url=\"https:\/\/www.undetec.com\/blog\/wp-content\/uploads\/2015\/02\/control-presencia.jpg\" data-link=\"https:\/\/www.undetec.com\/blog\/undetec-serveis\/control-presencia\/\" class=\"wp-image-612\"\/><figcaption class=\"blocks-gallery-item__caption\"><strong><a href=\"https:\/\/www.undetec.com\/blog\/servei-undetec-control-de-presencia\/\"><span class=\"has-inline-color has-white-color\">CONTROL PRES\u00c8NCIA<\/span><\/a><\/strong><\/figcaption><\/figure><\/li><\/ul><figcaption class=\"blocks-gallery-caption\">Serveis UNDETEC<\/figcaption><\/figure>\n\n\n\n<p><\/p>\n\n\n\n<h2 class=\"wp-block-heading\">Productes<\/h2>\n\n\n\n<p><\/p>\n\n\n\n<div class=\"wp-block-columns has-3-columns is-layout-flex wp-container-core-columns-is-layout-9d6595d7 wp-block-columns-is-layout-flex\">\n<div class=\"wp-block-column is-vertically-aligned-center is-layout-flow wp-block-column-is-layout-flow\">\n<div class=\"wp-block-button\"><a class=\"wp-block-button__link has-very-dark-gray-background-color has-background no-border-radius\" href=\"\/blog\/producte-undetec-control-habitatge\/\">&nbsp;&nbsp; Control&nbsp;&nbsp;&nbsp; <br>Habitatge<br><\/a><\/div>\n\n\n\n<p> <\/p>\n\n\n\n<div class=\"wp-block-button\"><a class=\"wp-block-button__link has-very-dark-gray-background-color has-background no-border-radius\" href=\"\/blog\/producte-undetec-control-transport\/\">&nbsp;&nbsp; Control &nbsp;&nbsp; <br>Transport<\/a><\/div>\n<\/div>\n\n\n\n<div class=\"wp-block-column is-layout-flow wp-block-column-is-layout-flow\">\n<div class=\"wp-block-button\"><a class=\"wp-block-button__link has-very-dark-gray-background-color has-background no-border-radius\" href=\"\/blog\/producte-undetec-control-negoci\/\">&nbsp;&nbsp; Control&nbsp;&nbsp;&nbsp; <br>Negoci<br><\/a><\/div>\n<\/div>\n\n\n\n<div class=\"wp-block-column is-vertically-aligned-center is-layout-flow wp-block-column-is-layout-flow\">\n<div class=\"wp-block-button\"><a class=\"wp-block-button__link has-very-dark-gray-background-color has-background no-border-radius\" href=\"\/blog\/producte-undetec-control-granja\/\">&nbsp; Control &nbsp;&nbsp; <br>Granja<br><\/a><\/div>\n\n\n\n<p> <\/p>\n\n\n\n<div class=\"wp-block-button\"><a class=\"wp-block-button__link has-very-dark-gray-background-color has-background no-border-radius\" href=\"\/blog\/producte-undetec-sentinella\/\">Control<br>Sentinella<\/a><\/div>\n<\/div>\n<\/div>\n\n\n\n<div class=\"wp-block-columns is-layout-flex wp-container-core-columns-is-layout-9d6595d7 wp-block-columns-is-layout-flex\">\n<div class=\"wp-block-column is-layout-flow wp-block-column-is-layout-flow\">\n<p><\/p>\n<\/div>\n\n\n\n<div class=\"wp-block-column is-layout-flow wp-block-column-is-layout-flow\"><\/div>\n\n\n\n<div class=\"wp-block-column is-layout-flow wp-block-column-is-layout-flow\"><\/div>\n<\/div>\n\n\n\n<p><\/p>\n","protected":false},"excerpt":{"rendered":"<p>Serveis Productes<\/p>\n","protected":false},"author":2,"featured_media":0,"parent":0,"menu_order":0,"comment_status":"closed","ping_status":"closed","template":"","meta":{"footnotes":""},"class_list":["post-1016","page","type-page","status-publish","hentry"],"yoast_head":"<!-- This site is optimized with the Yoast SEO plugin v27.5 - https:\/\/yoast.com\/product\/yoast-seo-wordpress\/ -->\n<title>p\u00e0gina principal<\/title>\n<meta name=\"description\" content=\"P\u00e0gina principal d&#039;UNDETEC. Serveis, productes, not\u00edcies, \u00e0rea privada clients\" \/>\n<meta name=\"robots\" content=\"index, follow, max-snippet:-1, max-image-preview:large, max-video-preview:-1\" \/>\n<link rel=\"canonical\" href=\"https:\/\/www.undetec.com\/blog\/\" \/>\n<meta property=\"og:locale\" content=\"ca_ES\" \/>\n<meta property=\"og:type\" content=\"article\" \/>\n<meta property=\"og:title\" content=\"p\u00e0gina principal\" \/>\n<meta property=\"og:description\" content=\"P\u00e0gina principal d&#039;UNDETEC. Serveis, productes, not\u00edcies, \u00e0rea privada clients\" \/>\n<meta property=\"og:url\" content=\"https:\/\/www.undetec.com\/blog\/\" \/>\n<meta property=\"og:site_name\" content=\"UNDETEC\" \/>\n<meta property=\"article:publisher\" content=\"https:\/\/www.facebook.com\/pages\/UNDETEC\/120913354659573\" \/>\n<meta property=\"article:modified_time\" content=\"2025-05-26T21:04:02+00:00\" \/>\n<meta name=\"twitter:card\" content=\"summary_large_image\" \/>\n<meta name=\"twitter:label1\" content=\"Temps estimat de lectura\" \/>\n\t<meta name=\"twitter:data1\" content=\"2 minuts\" \/>\n<script type=\"application\/ld+json\" class=\"yoast-schema-graph\">{\"@context\":\"https:\\\/\\\/schema.org\",\"@graph\":[{\"@type\":\"WebPage\",\"@id\":\"https:\\\/\\\/www.undetec.com\\\/blog\\\/\",\"url\":\"https:\\\/\\\/www.undetec.com\\\/blog\\\/\",\"name\":\"p\u00e0gina principal\",\"isPartOf\":{\"@id\":\"https:\\\/\\\/www.undetec.com\\\/blog\\\/#website\"},\"datePublished\":\"2017-05-04T10:40:35+00:00\",\"dateModified\":\"2025-05-26T21:04:02+00:00\",\"description\":\"P\u00e0gina principal d'UNDETEC. Serveis, productes, not\u00edcies, \u00e0rea privada clients\",\"inLanguage\":\"ca\",\"potentialAction\":[{\"@type\":\"ReadAction\",\"target\":[\"https:\\\/\\\/www.undetec.com\\\/blog\\\/\"]}]},{\"@type\":\"WebSite\",\"@id\":\"https:\\\/\\\/www.undetec.com\\\/blog\\\/#website\",\"url\":\"https:\\\/\\\/www.undetec.com\\\/blog\\\/\",\"name\":\"UNDETEC\",\"description\":\"UNI\u00d3 DE TECNOLOGIES\",\"publisher\":{\"@id\":\"https:\\\/\\\/www.undetec.com\\\/blog\\\/#organization\"},\"potentialAction\":[{\"@type\":\"SearchAction\",\"target\":{\"@type\":\"EntryPoint\",\"urlTemplate\":\"https:\\\/\\\/www.undetec.com\\\/blog\\\/?s={search_term_string}\"},\"query-input\":{\"@type\":\"PropertyValueSpecification\",\"valueRequired\":true,\"valueName\":\"search_term_string\"}}],\"inLanguage\":\"ca\"},{\"@type\":\"Organization\",\"@id\":\"https:\\\/\\\/www.undetec.com\\\/blog\\\/#organization\",\"name\":\"UNDETEC\",\"url\":\"https:\\\/\\\/www.undetec.com\\\/blog\\\/\",\"logo\":{\"@type\":\"ImageObject\",\"inLanguage\":\"ca\",\"@id\":\"https:\\\/\\\/www.undetec.com\\\/blog\\\/#\\\/schema\\\/logo\\\/image\\\/\",\"url\":\"https:\\\/\\\/www.undetec.com\\\/blog\\\/wp-content\\\/uploads\\\/2016\\\/11\\\/undetec_logo.gif\",\"contentUrl\":\"https:\\\/\\\/www.undetec.com\\\/blog\\\/wp-content\\\/uploads\\\/2016\\\/11\\\/undetec_logo.gif\",\"width\":154,\"height\":45,\"caption\":\"UNDETEC\"},\"image\":{\"@id\":\"https:\\\/\\\/www.undetec.com\\\/blog\\\/#\\\/schema\\\/logo\\\/image\\\/\"},\"sameAs\":[\"https:\\\/\\\/www.facebook.com\\\/pages\\\/UNDETEC\\\/120913354659573\"]}]}<\/script>\n<!-- \/ Yoast SEO plugin. -->","yoast_head_json":{"title":"p\u00e0gina principal","description":"P\u00e0gina principal d'UNDETEC. Serveis, productes, not\u00edcies, \u00e0rea privada clients","robots":{"index":"index","follow":"follow","max-snippet":"max-snippet:-1","max-image-preview":"max-image-preview:large","max-video-preview":"max-video-preview:-1"},"canonical":"https:\/\/www.undetec.com\/blog\/","og_locale":"ca_ES","og_type":"article","og_title":"p\u00e0gina principal","og_description":"P\u00e0gina principal d'UNDETEC. Serveis, productes, not\u00edcies, \u00e0rea privada clients","og_url":"https:\/\/www.undetec.com\/blog\/","og_site_name":"UNDETEC","article_publisher":"https:\/\/www.facebook.com\/pages\/UNDETEC\/120913354659573","article_modified_time":"2025-05-26T21:04:02+00:00","twitter_card":"summary_large_image","twitter_misc":{"Temps estimat de lectura":"2 minuts"},"schema":{"@context":"https:\/\/schema.org","@graph":[{"@type":"WebPage","@id":"https:\/\/www.undetec.com\/blog\/","url":"https:\/\/www.undetec.com\/blog\/","name":"p\u00e0gina principal","isPartOf":{"@id":"https:\/\/www.undetec.com\/blog\/#website"},"datePublished":"2017-05-04T10:40:35+00:00","dateModified":"2025-05-26T21:04:02+00:00","description":"P\u00e0gina principal d'UNDETEC. Serveis, productes, not\u00edcies, \u00e0rea privada clients","inLanguage":"ca","potentialAction":[{"@type":"ReadAction","target":["https:\/\/www.undetec.com\/blog\/"]}]},{"@type":"WebSite","@id":"https:\/\/www.undetec.com\/blog\/#website","url":"https:\/\/www.undetec.com\/blog\/","name":"UNDETEC","description":"UNI\u00d3 DE TECNOLOGIES","publisher":{"@id":"https:\/\/www.undetec.com\/blog\/#organization"},"potentialAction":[{"@type":"SearchAction","target":{"@type":"EntryPoint","urlTemplate":"https:\/\/www.undetec.com\/blog\/?s={search_term_string}"},"query-input":{"@type":"PropertyValueSpecification","valueRequired":true,"valueName":"search_term_string"}}],"inLanguage":"ca"},{"@type":"Organization","@id":"https:\/\/www.undetec.com\/blog\/#organization","name":"UNDETEC","url":"https:\/\/www.undetec.com\/blog\/","logo":{"@type":"ImageObject","inLanguage":"ca","@id":"https:\/\/www.undetec.com\/blog\/#\/schema\/logo\/image\/","url":"https:\/\/www.undetec.com\/blog\/wp-content\/uploads\/2016\/11\/undetec_logo.gif","contentUrl":"https:\/\/www.undetec.com\/blog\/wp-content\/uploads\/2016\/11\/undetec_logo.gif","width":154,"height":45,"caption":"UNDETEC"},"image":{"@id":"https:\/\/www.undetec.com\/blog\/#\/schema\/logo\/image\/"},"sameAs":["https:\/\/www.facebook.com\/pages\/UNDETEC\/120913354659573"]}]}},"_links":{"self":[{"href":"https:\/\/www.undetec.com\/blog\/wp-json\/wp\/v2\/pages\/1016","targetHints":{"allow":["GET"]}}],"collection":[{"href":"https:\/\/www.undetec.com\/blog\/wp-json\/wp\/v2\/pages"}],"about":[{"href":"https:\/\/www.undetec.com\/blog\/wp-json\/wp\/v2\/types\/page"}],"author":[{"embeddable":true,"href":"https:\/\/www.undetec.com\/blog\/wp-json\/wp\/v2\/users\/2"}],"replies":[{"embeddable":true,"href":"https:\/\/www.undetec.com\/blog\/wp-json\/wp\/v2\/comments?post=1016"}],"version-history":[{"count":35,"href":"https:\/\/www.undetec.com\/blog\/wp-json\/wp\/v2\/pages\/1016\/revisions"}],"predecessor-version":[{"id":2147,"href":"https:\/\/www.undetec.com\/blog\/wp-json\/wp\/v2\/pages\/1016\/revisions\/2147"}],"wp:attachment":[{"href":"https:\/\/www.undetec.com\/blog\/wp-json\/wp\/v2\/media?parent=1016"}],"curies":[{"name":"wp","href":"https:\/\/api.w.org\/{rel}","templated":true}]}}