{"id":1157,"date":"2018-10-19T23:44:10","date_gmt":"2018-10-19T21:44:10","guid":{"rendered":"http:\/\/www.undetec.com\/blog\/?page_id=1157"},"modified":"2020-12-20T23:32:15","modified_gmt":"2020-12-20T22:32:15","slug":"cellules-de-carrega","status":"publish","type":"page","link":"https:\/\/www.undetec.com\/blog\/cellules-de-carrega\/","title":{"rendered":"C\u00e8l\u00b7lules de c\u00e0rrega"},"content":{"rendered":"\n<p>Aquest document \u00e9s part del <a href=\"https:\/\/www.undetec.com\/blog\/manual-control-sitges\/\">Manual CONTROL SITGES<\/a><\/p>\n\n\n\n<h2 class=\"wp-block-heading\">Descripci\u00f3 General<\/h2>\n\n\n\n<p>Models disponibles per 2.5, 5 i 10\u00a0 Tones. S&#8217;ha de tenir en compte que les tones s\u00f3n per pota. Fent els c\u00e0lculs podem concloure que per a sitges de 4 potes fins a 12.000 kg podem utilitzar c\u00e8l\u00b7lules de c\u00e0rrega de 5T a partir de 12.000 kg hem d&#8217;utilitzar c\u00e8l\u00b7lules de c\u00e0rrega de 10T.<\/p>\n\n\n\n<figure class=\"wp-block-image alignnone size-full wp-image-1190\"><img loading=\"lazy\" decoding=\"async\" width=\"472\" height=\"319\" src=\"http:\/\/www.undetec.com\/blog\/wp-content\/uploads\/2018\/11\/prod_cell_cell01.png\" alt=\"C\u00e8l\u00b7lula de C\u00e0rrega\" class=\"wp-image-1190\" srcset=\"https:\/\/www.undetec.com\/blog\/wp-content\/uploads\/2018\/11\/prod_cell_cell01.png 472w, https:\/\/www.undetec.com\/blog\/wp-content\/uploads\/2018\/11\/prod_cell_cell01-300x203.png 300w\" sizes=\"auto, (max-width: 472px) 85vw, 472px\" \/><figcaption>C\u00e8l\u00b7lula de C\u00e0rrega<\/figcaption><\/figure>\n\n\n\n<h2 class=\"wp-block-heading\"><a id=\"CARAC\"><\/a>Caracter\u00edstiques t\u00e8cniques:<\/h2>\n\n\n\n<ul class=\"wp-block-list\"><li>C\u00e8l\u00b7lula de c\u00e0rrega de compresi\u00f3<\/li><li>1000 divisions OIML R60 Clase C<\/li><li>Suport el\u00e0stic d&#8217;\u00e0cer inoxidable<\/li><li>Sellat herm\u00e8tic, completament soldad<\/li><li>Protecci\u00f3 <a href=\"https:\/\/ca.wikipedia.org\/wiki\/Grau_de_protecci%C3%B3_IP\">IP68 (EN 60529)<\/a><\/li><li>F\u00e0cil muntatge<\/li><li>Disponible en versi\u00f3 ATEX (opcional). Zona 0-1-2 (gas) y 20-21-22 (pols)<\/li><\/ul>\n\n\n\n<h2 class=\"wp-block-heading\"><a id=\"INST\"><\/a>Col\u00b7locaci\u00f3 i instal\u00b7laci\u00f3<\/h2>\n\n\n\n<p>Per facilitar la col\u00b7locaci\u00f3 de les c\u00e8l\u00b7lules de c\u00e0rrega s&#8217;utilitza un suport espec\u00edfic, antivolcatge d&#8217;acer zincat.<\/p>\n\n\n\n<figure class=\"wp-block-image alignnone size-full wp-image-1175\"><img loading=\"lazy\" decoding=\"async\" width=\"323\" height=\"235\" src=\"http:\/\/www.undetec.com\/blog\/wp-content\/uploads\/2018\/11\/prod_cel_cel.png\" alt=\"\" class=\"wp-image-1175\" srcset=\"https:\/\/www.undetec.com\/blog\/wp-content\/uploads\/2018\/11\/prod_cel_cel.png 323w, https:\/\/www.undetec.com\/blog\/wp-content\/uploads\/2018\/11\/prod_cel_cel-300x218.png 300w\" sizes=\"auto, (max-width: 323px) 85vw, 323px\" \/><figcaption>C\u00e8l\u00b7lula de C\u00e0rrega dins el Support<\/figcaption><\/figure>\n\n\n\n<p>El suport pesa 5,3 Kg i te les mesures seg\u00fcents:<\/p>\n\n\n\n<figure class=\"wp-block-image alignnone size-full wp-image-1197\"><img loading=\"lazy\" decoding=\"async\" width=\"640\" height=\"876\" src=\"http:\/\/www.undetec.com\/blog\/wp-content\/uploads\/2018\/11\/prod_cell_suport_01.png\" alt=\"Esquema i mesures del suport\" class=\"wp-image-1197\" srcset=\"https:\/\/www.undetec.com\/blog\/wp-content\/uploads\/2018\/11\/prod_cell_suport_01.png 640w, https:\/\/www.undetec.com\/blog\/wp-content\/uploads\/2018\/11\/prod_cell_suport_01-219x300.png 219w\" sizes=\"auto, (max-width: 640px) 85vw, 640px\" \/><figcaption>Esquema i mesures del suport. Extretes de https:\/\/www.utilcell.es<\/figcaption><\/figure>\n\n\n\n<p>El suport \u00e9s el primer que s&#8217;ha de col\u00b7locar. El suport pot anar cargolat o soldat a la pota i al terra.<\/p>\n\n\n\n<p>La col\u00b7locaci\u00f3 dels suports i de les c\u00e8l\u00b7lules de c\u00e0rrega les poden realitzar els mateixos grangers.<\/p>\n\n\n\n<figure class=\"wp-block-image\"><img loading=\"lazy\" decoding=\"async\" width=\"640\" height=\"435\" src=\"http:\/\/www.undetec.com\/blog\/wp-content\/uploads\/2018\/11\/prod_cel_col01.png\" alt=\"\" class=\"wp-image-1178\" srcset=\"https:\/\/www.undetec.com\/blog\/wp-content\/uploads\/2018\/11\/prod_cel_col01.png 640w, https:\/\/www.undetec.com\/blog\/wp-content\/uploads\/2018\/11\/prod_cel_col01-300x204.png 300w\" sizes=\"auto, (max-width: 640px) 85vw, 640px\" \/><\/figure>\n\n\n\n<p>La superf\u00edcie on s&#8217;ha de col\u00b7locar el suport ha de ser plana i anivellada amb la resta de potes.<\/p>\n\n\n\n<figure class=\"wp-block-image alignnone size-full wp-image-1187\"><img loading=\"lazy\" decoding=\"async\" width=\"640\" height=\"566\" src=\"http:\/\/www.undetec.com\/blog\/wp-content\/uploads\/2018\/11\/prod_cel_col0101.png\" alt=\"suport amb c\u00e8l\u00b7lula de c\u00e0rrega\" class=\"wp-image-1187\" srcset=\"https:\/\/www.undetec.com\/blog\/wp-content\/uploads\/2018\/11\/prod_cel_col0101.png 640w, https:\/\/www.undetec.com\/blog\/wp-content\/uploads\/2018\/11\/prod_cel_col0101-300x265.png 300w\" sizes=\"auto, (max-width: 640px) 85vw, 640px\" \/><figcaption>suport amb c\u00e8l\u00b7lula de c\u00e0rrega<\/figcaption><\/figure>\n\n\n\n<p>En la imatge seg\u00fcent es veu la pota original i el suport que s&#8217;ha de ficar.<\/p>\n\n\n\n<figure class=\"wp-block-image\"><img loading=\"lazy\" decoding=\"async\" width=\"640\" height=\"830\" src=\"http:\/\/www.undetec.com\/blog\/wp-content\/uploads\/2018\/11\/prod_cel_col02.png\" alt=\"\" class=\"wp-image-1182\" srcset=\"https:\/\/www.undetec.com\/blog\/wp-content\/uploads\/2018\/11\/prod_cel_col02.png 640w, https:\/\/www.undetec.com\/blog\/wp-content\/uploads\/2018\/11\/prod_cel_col02-231x300.png 231w\" sizes=\"auto, (max-width: 640px) 85vw, 640px\" \/><\/figure>\n\n\n\n<p>A continuaci\u00f3 el suport col\u00b7locat. En aquest cas, cargolat directament a terra i cargolat a la pota. \u00c9s va tenir que modificar la base de la pota per tal que es pod\u00e9s cargolar el suport a la pota.<\/p>\n\n\n\n<figure class=\"wp-block-image alignnone size-full wp-image-1179\"><img loading=\"lazy\" decoding=\"async\" width=\"640\" height=\"718\" src=\"http:\/\/www.undetec.com\/blog\/wp-content\/uploads\/2018\/11\/prod_cel_col03.png\" alt=\"\" class=\"wp-image-1179\" srcset=\"https:\/\/www.undetec.com\/blog\/wp-content\/uploads\/2018\/11\/prod_cel_col03.png 640w, https:\/\/www.undetec.com\/blog\/wp-content\/uploads\/2018\/11\/prod_cel_col03-267x300.png 267w\" sizes=\"auto, (max-width: 640px) 85vw, 640px\" \/><figcaption>Suport col\u00b7locat.<\/figcaption><\/figure>\n\n\n\n<p>En la imatge seg\u00fcent es pot apreciar el suport cargolat directament al terra i soldat a la pota.<\/p>\n\n\n\n<figure class=\"wp-block-image alignnone size-full wp-image-1221\"><img loading=\"lazy\" decoding=\"async\" width=\"640\" height=\"369\" src=\"http:\/\/www.undetec.com\/blog\/wp-content\/uploads\/2018\/11\/cel_cel_sup_01.png\" alt=\"suport soldat a la pota i cargolat al terra\" class=\"wp-image-1221\" srcset=\"https:\/\/www.undetec.com\/blog\/wp-content\/uploads\/2018\/11\/cel_cel_sup_01.png 640w, https:\/\/www.undetec.com\/blog\/wp-content\/uploads\/2018\/11\/cel_cel_sup_01-300x173.png 300w\" sizes=\"auto, (max-width: 640px) 85vw, 640px\" \/><figcaption>suport soldat a la pota i cargolat al terra<\/figcaption><\/figure>\n\n\n\n<p>L&#8217;al\u00e7ada total del suport + la C\u00e8l\u00b7lula de c\u00e0rrega \u00e9s de 80 mm.&nbsp; Aix\u00f2 s&#8217;ha de tenir en compte per si cal tallar les potes.<\/p>\n\n\n\n<p>Un cop col\u00b7locats els suports i comprovat que est\u00e0 tot anivellat, ja es poden col\u00b7locar les c\u00e8l\u00b7lules de c\u00e0rrega. Les c\u00e8l\u00b7lules porten un cable de 10 metres. Aquest cable (millor entubat) s&#8217;ha de portar per la pota fins a un punt com\u00fa on farem les connexions amb el lector de c\u00e8l\u00b7lules de c\u00e0rrega.<\/p>\n\n\n\n<p>UNDETEC permet llegir dos sitges que estiguin juntes(10 metres una de l&#8217;altre) amb un sol LECTOR de c\u00e8l\u00b7lules de c\u00e0rrega.<\/p>\n\n\n\n<figure class=\"wp-block-image alignnone size-full wp-image-1195\"><img loading=\"lazy\" decoding=\"async\" width=\"640\" height=\"259\" src=\"http:\/\/www.undetec.com\/blog\/wp-content\/uploads\/2018\/11\/prod_cel_con_01.png\" alt=\"\" class=\"wp-image-1195\" srcset=\"https:\/\/www.undetec.com\/blog\/wp-content\/uploads\/2018\/11\/prod_cel_con_01.png 640w, https:\/\/www.undetec.com\/blog\/wp-content\/uploads\/2018\/11\/prod_cel_con_01-300x121.png 300w\" sizes=\"auto, (max-width: 640px) 85vw, 640px\" \/><figcaption>Portar el cable de les c\u00e8l\u00b7lules de carrega fins a un punt com\u00fa per poder fer les connexions.<\/figcaption><\/figure>\n\n\n\n<p><\/p>\n","protected":false},"excerpt":{"rendered":"<p>Aquest document \u00e9s part del Manual CONTROL SITGES Descripci\u00f3 General Models disponibles per 2.5, 5 i 10\u00a0 Tones. S&#8217;ha de tenir en compte que les tones s\u00f3n per pota. Fent els c\u00e0lculs podem concloure que per a sitges de 4 potes fins a 12.000 kg podem utilitzar c\u00e8l\u00b7lules de c\u00e0rrega de 5T a partir de &hellip; <a href=\"https:\/\/www.undetec.com\/blog\/cellules-de-carrega\/\" class=\"more-link\">Continua llegint <span class=\"screen-reader-text\">\u00abC\u00e8l\u00b7lules de c\u00e0rrega\u00bb<\/span><\/a><\/p>\n","protected":false},"author":2,"featured_media":0,"parent":0,"menu_order":0,"comment_status":"closed","ping_status":"closed","template":"","meta":{"footnotes":""},"class_list":["post-1157","page","type-page","status-publish","hentry"],"yoast_head":"<!-- This site is optimized with the Yoast SEO plugin v27.3 - https:\/\/yoast.com\/product\/yoast-seo-wordpress\/ -->\n<title>C\u00e8l\u00b7lules de c\u00e0rrega<\/title>\n<meta name=\"robots\" content=\"index, follow, max-snippet:-1, max-image-preview:large, max-video-preview:-1\" \/>\n<link rel=\"canonical\" href=\"https:\/\/www.undetec.com\/blog\/cellules-de-carrega\/\" \/>\n<meta property=\"og:locale\" content=\"ca_ES\" \/>\n<meta property=\"og:type\" content=\"article\" \/>\n<meta property=\"og:title\" content=\"C\u00e8l\u00b7lules de c\u00e0rrega\" \/>\n<meta property=\"og:description\" content=\"Aquest document \u00e9s part del Manual CONTROL SITGES Descripci\u00f3 General Models disponibles per 2.5, 5 i 10\u00a0 Tones. S&#8217;ha de tenir en compte que les tones s\u00f3n per pota. Fent els c\u00e0lculs podem concloure que per a sitges de 4 potes fins a 12.000 kg podem utilitzar c\u00e8l\u00b7lules de c\u00e0rrega de 5T a partir de &hellip; Continua llegint \u00abC\u00e8l\u00b7lules de c\u00e0rrega\u00bb\" \/>\n<meta property=\"og:url\" content=\"https:\/\/www.undetec.com\/blog\/cellules-de-carrega\/\" \/>\n<meta property=\"og:site_name\" content=\"UNDETEC\" \/>\n<meta property=\"article:publisher\" content=\"https:\/\/www.facebook.com\/pages\/UNDETEC\/120913354659573\" \/>\n<meta property=\"article:modified_time\" content=\"2020-12-20T22:32:15+00:00\" \/>\n<meta property=\"og:image\" content=\"http:\/\/www.undetec.com\/blog\/wp-content\/uploads\/2018\/11\/prod_cell_cell01.png\" \/>\n<meta name=\"twitter:card\" content=\"summary_large_image\" \/>\n<meta name=\"twitter:label1\" content=\"Temps estimat de lectura\" \/>\n\t<meta name=\"twitter:data1\" content=\"2 minuts\" \/>\n<script type=\"application\/ld+json\" class=\"yoast-schema-graph\">{\"@context\":\"https:\\\/\\\/schema.org\",\"@graph\":[{\"@type\":\"WebPage\",\"@id\":\"https:\\\/\\\/www.undetec.com\\\/blog\\\/cellules-de-carrega\\\/\",\"url\":\"https:\\\/\\\/www.undetec.com\\\/blog\\\/cellules-de-carrega\\\/\",\"name\":\"C\u00e8l\u00b7lules de c\u00e0rrega\",\"isPartOf\":{\"@id\":\"https:\\\/\\\/www.undetec.com\\\/blog\\\/#website\"},\"primaryImageOfPage\":{\"@id\":\"https:\\\/\\\/www.undetec.com\\\/blog\\\/cellules-de-carrega\\\/#primaryimage\"},\"image\":{\"@id\":\"https:\\\/\\\/www.undetec.com\\\/blog\\\/cellules-de-carrega\\\/#primaryimage\"},\"thumbnailUrl\":\"http:\\\/\\\/www.undetec.com\\\/blog\\\/wp-content\\\/uploads\\\/2018\\\/11\\\/prod_cell_cell01.png\",\"datePublished\":\"2018-10-19T21:44:10+00:00\",\"dateModified\":\"2020-12-20T22:32:15+00:00\",\"breadcrumb\":{\"@id\":\"https:\\\/\\\/www.undetec.com\\\/blog\\\/cellules-de-carrega\\\/#breadcrumb\"},\"inLanguage\":\"ca\",\"potentialAction\":[{\"@type\":\"ReadAction\",\"target\":[\"https:\\\/\\\/www.undetec.com\\\/blog\\\/cellules-de-carrega\\\/\"]}]},{\"@type\":\"ImageObject\",\"inLanguage\":\"ca\",\"@id\":\"https:\\\/\\\/www.undetec.com\\\/blog\\\/cellules-de-carrega\\\/#primaryimage\",\"url\":\"https:\\\/\\\/www.undetec.com\\\/blog\\\/wp-content\\\/uploads\\\/2018\\\/11\\\/prod_cell_cell01.png\",\"contentUrl\":\"https:\\\/\\\/www.undetec.com\\\/blog\\\/wp-content\\\/uploads\\\/2018\\\/11\\\/prod_cell_cell01.png\",\"width\":472,\"height\":319,\"caption\":\"C\u00e8l\u00b7lula de C\u00e0rrega\"},{\"@type\":\"BreadcrumbList\",\"@id\":\"https:\\\/\\\/www.undetec.com\\\/blog\\\/cellules-de-carrega\\\/#breadcrumb\",\"itemListElement\":[{\"@type\":\"ListItem\",\"position\":1,\"name\":\"Inici\",\"item\":\"https:\\\/\\\/www.undetec.com\\\/blog\\\/\"},{\"@type\":\"ListItem\",\"position\":2,\"name\":\"C\u00e8l\u00b7lules de c\u00e0rrega\"}]},{\"@type\":\"WebSite\",\"@id\":\"https:\\\/\\\/www.undetec.com\\\/blog\\\/#website\",\"url\":\"https:\\\/\\\/www.undetec.com\\\/blog\\\/\",\"name\":\"UNDETEC\",\"description\":\"UNI\u00d3 DE TECNOLOGIES\",\"publisher\":{\"@id\":\"https:\\\/\\\/www.undetec.com\\\/blog\\\/#organization\"},\"potentialAction\":[{\"@type\":\"SearchAction\",\"target\":{\"@type\":\"EntryPoint\",\"urlTemplate\":\"https:\\\/\\\/www.undetec.com\\\/blog\\\/?s={search_term_string}\"},\"query-input\":{\"@type\":\"PropertyValueSpecification\",\"valueRequired\":true,\"valueName\":\"search_term_string\"}}],\"inLanguage\":\"ca\"},{\"@type\":\"Organization\",\"@id\":\"https:\\\/\\\/www.undetec.com\\\/blog\\\/#organization\",\"name\":\"UNDETEC\",\"url\":\"https:\\\/\\\/www.undetec.com\\\/blog\\\/\",\"logo\":{\"@type\":\"ImageObject\",\"inLanguage\":\"ca\",\"@id\":\"https:\\\/\\\/www.undetec.com\\\/blog\\\/#\\\/schema\\\/logo\\\/image\\\/\",\"url\":\"https:\\\/\\\/www.undetec.com\\\/blog\\\/wp-content\\\/uploads\\\/2016\\\/11\\\/undetec_logo.gif\",\"contentUrl\":\"https:\\\/\\\/www.undetec.com\\\/blog\\\/wp-content\\\/uploads\\\/2016\\\/11\\\/undetec_logo.gif\",\"width\":154,\"height\":45,\"caption\":\"UNDETEC\"},\"image\":{\"@id\":\"https:\\\/\\\/www.undetec.com\\\/blog\\\/#\\\/schema\\\/logo\\\/image\\\/\"},\"sameAs\":[\"https:\\\/\\\/www.facebook.com\\\/pages\\\/UNDETEC\\\/120913354659573\"]}]}<\/script>\n<!-- \/ Yoast SEO plugin. -->","yoast_head_json":{"title":"C\u00e8l\u00b7lules de c\u00e0rrega","robots":{"index":"index","follow":"follow","max-snippet":"max-snippet:-1","max-image-preview":"max-image-preview:large","max-video-preview":"max-video-preview:-1"},"canonical":"https:\/\/www.undetec.com\/blog\/cellules-de-carrega\/","og_locale":"ca_ES","og_type":"article","og_title":"C\u00e8l\u00b7lules de c\u00e0rrega","og_description":"Aquest document \u00e9s part del Manual CONTROL SITGES Descripci\u00f3 General Models disponibles per 2.5, 5 i 10\u00a0 Tones. S&#8217;ha de tenir en compte que les tones s\u00f3n per pota. Fent els c\u00e0lculs podem concloure que per a sitges de 4 potes fins a 12.000 kg podem utilitzar c\u00e8l\u00b7lules de c\u00e0rrega de 5T a partir de &hellip; Continua llegint \u00abC\u00e8l\u00b7lules de c\u00e0rrega\u00bb","og_url":"https:\/\/www.undetec.com\/blog\/cellules-de-carrega\/","og_site_name":"UNDETEC","article_publisher":"https:\/\/www.facebook.com\/pages\/UNDETEC\/120913354659573","article_modified_time":"2020-12-20T22:32:15+00:00","og_image":[{"url":"http:\/\/www.undetec.com\/blog\/wp-content\/uploads\/2018\/11\/prod_cell_cell01.png","type":"","width":"","height":""}],"twitter_card":"summary_large_image","twitter_misc":{"Temps estimat de lectura":"2 minuts"},"schema":{"@context":"https:\/\/schema.org","@graph":[{"@type":"WebPage","@id":"https:\/\/www.undetec.com\/blog\/cellules-de-carrega\/","url":"https:\/\/www.undetec.com\/blog\/cellules-de-carrega\/","name":"C\u00e8l\u00b7lules de c\u00e0rrega","isPartOf":{"@id":"https:\/\/www.undetec.com\/blog\/#website"},"primaryImageOfPage":{"@id":"https:\/\/www.undetec.com\/blog\/cellules-de-carrega\/#primaryimage"},"image":{"@id":"https:\/\/www.undetec.com\/blog\/cellules-de-carrega\/#primaryimage"},"thumbnailUrl":"http:\/\/www.undetec.com\/blog\/wp-content\/uploads\/2018\/11\/prod_cell_cell01.png","datePublished":"2018-10-19T21:44:10+00:00","dateModified":"2020-12-20T22:32:15+00:00","breadcrumb":{"@id":"https:\/\/www.undetec.com\/blog\/cellules-de-carrega\/#breadcrumb"},"inLanguage":"ca","potentialAction":[{"@type":"ReadAction","target":["https:\/\/www.undetec.com\/blog\/cellules-de-carrega\/"]}]},{"@type":"ImageObject","inLanguage":"ca","@id":"https:\/\/www.undetec.com\/blog\/cellules-de-carrega\/#primaryimage","url":"https:\/\/www.undetec.com\/blog\/wp-content\/uploads\/2018\/11\/prod_cell_cell01.png","contentUrl":"https:\/\/www.undetec.com\/blog\/wp-content\/uploads\/2018\/11\/prod_cell_cell01.png","width":472,"height":319,"caption":"C\u00e8l\u00b7lula de C\u00e0rrega"},{"@type":"BreadcrumbList","@id":"https:\/\/www.undetec.com\/blog\/cellules-de-carrega\/#breadcrumb","itemListElement":[{"@type":"ListItem","position":1,"name":"Inici","item":"https:\/\/www.undetec.com\/blog\/"},{"@type":"ListItem","position":2,"name":"C\u00e8l\u00b7lules de c\u00e0rrega"}]},{"@type":"WebSite","@id":"https:\/\/www.undetec.com\/blog\/#website","url":"https:\/\/www.undetec.com\/blog\/","name":"UNDETEC","description":"UNI\u00d3 DE TECNOLOGIES","publisher":{"@id":"https:\/\/www.undetec.com\/blog\/#organization"},"potentialAction":[{"@type":"SearchAction","target":{"@type":"EntryPoint","urlTemplate":"https:\/\/www.undetec.com\/blog\/?s={search_term_string}"},"query-input":{"@type":"PropertyValueSpecification","valueRequired":true,"valueName":"search_term_string"}}],"inLanguage":"ca"},{"@type":"Organization","@id":"https:\/\/www.undetec.com\/blog\/#organization","name":"UNDETEC","url":"https:\/\/www.undetec.com\/blog\/","logo":{"@type":"ImageObject","inLanguage":"ca","@id":"https:\/\/www.undetec.com\/blog\/#\/schema\/logo\/image\/","url":"https:\/\/www.undetec.com\/blog\/wp-content\/uploads\/2016\/11\/undetec_logo.gif","contentUrl":"https:\/\/www.undetec.com\/blog\/wp-content\/uploads\/2016\/11\/undetec_logo.gif","width":154,"height":45,"caption":"UNDETEC"},"image":{"@id":"https:\/\/www.undetec.com\/blog\/#\/schema\/logo\/image\/"},"sameAs":["https:\/\/www.facebook.com\/pages\/UNDETEC\/120913354659573"]}]}},"_links":{"self":[{"href":"https:\/\/www.undetec.com\/blog\/wp-json\/wp\/v2\/pages\/1157","targetHints":{"allow":["GET"]}}],"collection":[{"href":"https:\/\/www.undetec.com\/blog\/wp-json\/wp\/v2\/pages"}],"about":[{"href":"https:\/\/www.undetec.com\/blog\/wp-json\/wp\/v2\/types\/page"}],"author":[{"embeddable":true,"href":"https:\/\/www.undetec.com\/blog\/wp-json\/wp\/v2\/users\/2"}],"replies":[{"embeddable":true,"href":"https:\/\/www.undetec.com\/blog\/wp-json\/wp\/v2\/comments?post=1157"}],"version-history":[{"count":18,"href":"https:\/\/www.undetec.com\/blog\/wp-json\/wp\/v2\/pages\/1157\/revisions"}],"predecessor-version":[{"id":1889,"href":"https:\/\/www.undetec.com\/blog\/wp-json\/wp\/v2\/pages\/1157\/revisions\/1889"}],"wp:attachment":[{"href":"https:\/\/www.undetec.com\/blog\/wp-json\/wp\/v2\/media?parent=1157"}],"curies":[{"name":"wp","href":"https:\/\/api.w.org\/{rel}","templated":true}]}}