{"id":1330,"date":"2018-11-15T22:42:22","date_gmt":"2018-11-15T21:42:22","guid":{"rendered":"https:\/\/www.undetec.com\/blog\/?page_id=1330"},"modified":"2020-05-17T00:41:00","modified_gmt":"2020-05-16T22:41:00","slug":"novetats-i-modificacions","status":"publish","type":"page","link":"https:\/\/www.undetec.com\/blog\/novetats-i-modificacions\/","title":{"rendered":"Novetats i Modificacions"},"content":{"rendered":"\n<p><strong>2020-05-16[Afegit]<\/strong> Afegir compensaci\u00f3 de pesos grans per les engreixades de pollastres. <\/p>\n\n\n\n<p><strong>2020-05-02[Afegit]<\/strong> Afegir gr\u00e0fica mitja per hores als pesos dels animals a les engreixades.<\/p>\n\n\n\n<p><strong>2020-05-02[Modificat] <\/strong>Polir gr\u00e0fiques engreixades.<\/p>\n\n\n\n<p><strong>2020-04-28[Afegit<\/strong>] Optimitzar consulta pesos b\u00e0scula<\/p>\n\n\n\n<p><strong>2018-11-27 [Afegit]<\/strong> Afegit 80,160 i 320 dies a les gr\u00e0fiques hist\u00f2riques dels sensors. Fins a aquest dia&nbsp; podiem seleccionar 1,2,3,4,5,10 i 40 dies. Pensat per donar cobertura a engreixades de vedells.<br><\/p>\n\n\n\n<figure class=\"wp-block-image\"><img loading=\"lazy\" decoding=\"async\" width=\"455\" height=\"254\" src=\"https:\/\/www.undetec.com\/blog\/wp-content\/uploads\/2018\/11\/diesSensors.png\" alt=\"Selector de dies dels Sensors\" class=\"wp-image-1444\" srcset=\"https:\/\/www.undetec.com\/blog\/wp-content\/uploads\/2018\/11\/diesSensors.png 455w, https:\/\/www.undetec.com\/blog\/wp-content\/uploads\/2018\/11\/diesSensors-300x167.png 300w\" sizes=\"auto, (max-width: 455px) 85vw, 455px\" \/><figcaption>Selector de dies dels sensors<\/figcaption><\/figure>\n\n\n\n<hr class=\"wp-block-separator\"\/>\n\n\n\n<p><strong>2018-11-27 [Afegit]<\/strong>&nbsp; Afegir la icona de dip\u00f2sit per representar els sensors que capturen el volum o pes de l\u00edquids. Fins ara s&#8217;utilitzava la de la sitja.<br><\/p>\n\n\n\n<div class=\"wp-block-image\"><figure class=\"aligncenter\"><img loading=\"lazy\" decoding=\"async\" width=\"86\" height=\"174\" src=\"https:\/\/www.undetec.com\/blog\/wp-content\/uploads\/2018\/11\/DipositSensors.png\" alt=\"Dip\u00f2sit Sensors\" class=\"wp-image-1445\"\/><\/figure><\/div>\n\n\n\n<hr class=\"wp-block-separator\"\/>\n\n\n\n<p><strong>2018-11-27 [Nou]<\/strong> S&#8217;ha preparat la mitja di\u00e0ria per tal que pugui utilitzar 3 sitges. Fins ara es podia fer de una o dos sitges. Per\u00f2 degut a que cada vegada hi ha mes granges que utilitzen 3 sitges per nau(sobretot en animals de ploma), ens hem adaptat a aquest requeriment. <br><\/p>\n\n\n\n<hr class=\"wp-block-separator\"\/>\n\n\n\n<p><strong>2018-10-29 [Modificat]<\/strong> Canvis importants a hist\u00f2ric sensors aix\u00ed com tamb\u00e9 a la part de l&#8217;SCADA referent als sensors. <\/p>\n\n\n\n<p><em>(suggerit per &#8220;coopivar&#8221;)<\/em><\/p>\n\n\n\n<hr class=\"wp-block-separator\"\/>\n\n\n\n<p><strong>2018-08-15 [Afegit]<\/strong>&nbsp; Al detall dels silos s&#8217;ha afegit kg 10 com a tipus de representaci\u00f3. Fins ara hi havia percentatge i Kg. A partir d&#8217;ara, l&#8217;opci\u00f3 per defecte \u00e9s kg10. kg10 vol dir que les lectures s&#8217;arrodoneixen a 10 kg. D&#8217;aquesta manera evitem petites oscil\u00b7lacions en la gr\u00e0fica.<\/p>\n\n\n\n<figure class=\"wp-block-image\"><a href=\"https:\/\/www.undetec.com\/blog\/wp-content\/uploads\/2018\/11\/kg10.png\" target=\"_blank\" rel=\"noreferrer noopener\"><img loading=\"lazy\" decoding=\"async\" width=\"446\" height=\"103\" src=\"https:\/\/www.undetec.com\/blog\/wp-content\/uploads\/2018\/11\/kg10.png\" alt=\"Fer salts de 10 kg en 10 kg\" class=\"wp-image-1413\" srcset=\"https:\/\/www.undetec.com\/blog\/wp-content\/uploads\/2018\/11\/kg10.png 446w, https:\/\/www.undetec.com\/blog\/wp-content\/uploads\/2018\/11\/kg10-300x69.png 300w\" sizes=\"auto, (max-width: 446px) 85vw, 446px\" \/><\/a><\/figure>\n\n\n\n<p><em>(suggerit per &#8220;rando&#8221;)<\/em><\/p>\n\n\n\n<hr class=\"wp-block-separator\"\/>\n\n\n\n<div class=\"wp-block-image\"><figure class=\"alignright\"><img loading=\"lazy\" decoding=\"async\" width=\"172\" height=\"28\" src=\"https:\/\/www.undetec.com\/blog\/wp-content\/uploads\/2018\/11\/excelexportar.png\" alt=\"Opci\u00f3 per exportar a Excel\" class=\"wp-image-1443\"\/><figcaption>Bot\u00f3 per exportar a Excel<\/figcaption><\/figure><\/div>\n\n\n\n<p><strong>2018-06-23 [Nou]<\/strong> Ja es pot exportar a EXCEL el consum diari de les sitges.<\/p>\n\n\n\n<p><em>(suggerit per &#8220;coopivars&#8221;)<\/em><\/p>\n\n\n\n<hr class=\"wp-block-separator\"\/>\n\n\n\n<p><strong>2018-06-23 [Nou]<\/strong> a l&#8217;apartat de sensors, dins l&#8217;SCADA apareix la informaci\u00f3 de les mitjes diaries de consum de pinso de les sitges. Ja no cal anar a sensors. <\/p>\n\n\n\n<figure class=\"wp-block-image\"><img loading=\"lazy\" decoding=\"async\" width=\"174\" height=\"173\" src=\"https:\/\/www.undetec.com\/blog\/wp-content\/uploads\/2018\/11\/MDSensors.png\" alt=\"Dades de Mitja diaria de consum de pinso de sitges\" class=\"wp-image-1447\" srcset=\"https:\/\/www.undetec.com\/blog\/wp-content\/uploads\/2018\/11\/MDSensors.png 174w, https:\/\/www.undetec.com\/blog\/wp-content\/uploads\/2018\/11\/MDSensors-150x150.png 150w\" sizes=\"auto, (max-width: 174px) 85vw, 174px\" \/><\/figure>\n\n\n\n<p><em>(suggerit per &#8220;coopivars&#8221;)<\/em><br><\/p>\n\n\n\n<hr class=\"wp-block-separator\"\/>\n\n\n\n<p><strong>2018-06-22 [Modificat]<\/strong> Al entrar a la p\u00e0gina privada d&#8217;UNDETEC <a href=\"https:\/\/www.undetec.com\/privat\/\">https:\/\/www.undetec.com\/privat\/<\/a> apareix SCADA per defecte.<\/p>\n","protected":false},"excerpt":{"rendered":"<p>2020-05-16[Afegit] Afegir compensaci\u00f3 de pesos grans per les engreixades de pollastres. 2020-05-02[Afegit] Afegir gr\u00e0fica mitja per hores als pesos dels animals a les engreixades. 2020-05-02[Modificat] Polir gr\u00e0fiques engreixades. 2020-04-28[Afegit] Optimitzar consulta pesos b\u00e0scula 2018-11-27 [Afegit] Afegit 80,160 i 320 dies a les gr\u00e0fiques hist\u00f2riques dels sensors. Fins a aquest dia&nbsp; podiem seleccionar 1,2,3,4,5,10 i 40 &hellip; <a href=\"https:\/\/www.undetec.com\/blog\/novetats-i-modificacions\/\" class=\"more-link\">Continua llegint <span class=\"screen-reader-text\">\u00abNovetats i Modificacions\u00bb<\/span><\/a><\/p>\n","protected":false},"author":2,"featured_media":0,"parent":0,"menu_order":0,"comment_status":"closed","ping_status":"closed","template":"","meta":{"footnotes":""},"class_list":["post-1330","page","type-page","status-publish","hentry"],"yoast_head":"<!-- This site is optimized with the Yoast SEO plugin v27.4 - https:\/\/yoast.com\/product\/yoast-seo-wordpress\/ -->\n<title>Novetats i Modificacions<\/title>\n<meta name=\"robots\" content=\"index, follow, max-snippet:-1, max-image-preview:large, max-video-preview:-1\" \/>\n<link rel=\"canonical\" href=\"https:\/\/www.undetec.com\/blog\/novetats-i-modificacions\/\" \/>\n<meta property=\"og:locale\" content=\"ca_ES\" \/>\n<meta property=\"og:type\" content=\"article\" \/>\n<meta property=\"og:title\" content=\"Novetats i Modificacions\" \/>\n<meta property=\"og:description\" content=\"2020-05-16[Afegit] Afegir compensaci\u00f3 de pesos grans per les engreixades de pollastres. 2020-05-02[Afegit] Afegir gr\u00e0fica mitja per hores als pesos dels animals a les engreixades. 2020-05-02[Modificat] Polir gr\u00e0fiques engreixades. 2020-04-28[Afegit] Optimitzar consulta pesos b\u00e0scula 2018-11-27 [Afegit] Afegit 80,160 i 320 dies a les gr\u00e0fiques hist\u00f2riques dels sensors. Fins a aquest dia&nbsp; podiem seleccionar 1,2,3,4,5,10 i 40 &hellip; Continua llegint \u00abNovetats i Modificacions\u00bb\" \/>\n<meta property=\"og:url\" content=\"https:\/\/www.undetec.com\/blog\/novetats-i-modificacions\/\" \/>\n<meta property=\"og:site_name\" content=\"UNDETEC\" \/>\n<meta property=\"article:publisher\" content=\"https:\/\/www.facebook.com\/pages\/UNDETEC\/120913354659573\" \/>\n<meta property=\"article:modified_time\" content=\"2020-05-16T22:41:00+00:00\" \/>\n<meta property=\"og:image\" content=\"https:\/\/www.undetec.com\/blog\/wp-content\/uploads\/2018\/11\/diesSensors.png\" \/>\n<meta name=\"twitter:card\" content=\"summary_large_image\" \/>\n<meta name=\"twitter:label1\" content=\"Temps estimat de lectura\" \/>\n\t<meta name=\"twitter:data1\" content=\"2 minuts\" \/>\n<script type=\"application\/ld+json\" class=\"yoast-schema-graph\">{\"@context\":\"https:\\\/\\\/schema.org\",\"@graph\":[{\"@type\":\"WebPage\",\"@id\":\"https:\\\/\\\/www.undetec.com\\\/blog\\\/novetats-i-modificacions\\\/\",\"url\":\"https:\\\/\\\/www.undetec.com\\\/blog\\\/novetats-i-modificacions\\\/\",\"name\":\"Novetats i Modificacions\",\"isPartOf\":{\"@id\":\"https:\\\/\\\/www.undetec.com\\\/blog\\\/#website\"},\"primaryImageOfPage\":{\"@id\":\"https:\\\/\\\/www.undetec.com\\\/blog\\\/novetats-i-modificacions\\\/#primaryimage\"},\"image\":{\"@id\":\"https:\\\/\\\/www.undetec.com\\\/blog\\\/novetats-i-modificacions\\\/#primaryimage\"},\"thumbnailUrl\":\"https:\\\/\\\/www.undetec.com\\\/blog\\\/wp-content\\\/uploads\\\/2018\\\/11\\\/diesSensors.png\",\"datePublished\":\"2018-11-15T21:42:22+00:00\",\"dateModified\":\"2020-05-16T22:41:00+00:00\",\"breadcrumb\":{\"@id\":\"https:\\\/\\\/www.undetec.com\\\/blog\\\/novetats-i-modificacions\\\/#breadcrumb\"},\"inLanguage\":\"ca\",\"potentialAction\":[{\"@type\":\"ReadAction\",\"target\":[\"https:\\\/\\\/www.undetec.com\\\/blog\\\/novetats-i-modificacions\\\/\"]}]},{\"@type\":\"ImageObject\",\"inLanguage\":\"ca\",\"@id\":\"https:\\\/\\\/www.undetec.com\\\/blog\\\/novetats-i-modificacions\\\/#primaryimage\",\"url\":\"https:\\\/\\\/www.undetec.com\\\/blog\\\/wp-content\\\/uploads\\\/2018\\\/11\\\/diesSensors.png\",\"contentUrl\":\"https:\\\/\\\/www.undetec.com\\\/blog\\\/wp-content\\\/uploads\\\/2018\\\/11\\\/diesSensors.png\",\"width\":455,\"height\":254,\"caption\":\"Selector de dies dels sensors\"},{\"@type\":\"BreadcrumbList\",\"@id\":\"https:\\\/\\\/www.undetec.com\\\/blog\\\/novetats-i-modificacions\\\/#breadcrumb\",\"itemListElement\":[{\"@type\":\"ListItem\",\"position\":1,\"name\":\"Inici\",\"item\":\"https:\\\/\\\/www.undetec.com\\\/blog\\\/\"},{\"@type\":\"ListItem\",\"position\":2,\"name\":\"Novetats i Modificacions\"}]},{\"@type\":\"WebSite\",\"@id\":\"https:\\\/\\\/www.undetec.com\\\/blog\\\/#website\",\"url\":\"https:\\\/\\\/www.undetec.com\\\/blog\\\/\",\"name\":\"UNDETEC\",\"description\":\"UNI\u00d3 DE TECNOLOGIES\",\"publisher\":{\"@id\":\"https:\\\/\\\/www.undetec.com\\\/blog\\\/#organization\"},\"potentialAction\":[{\"@type\":\"SearchAction\",\"target\":{\"@type\":\"EntryPoint\",\"urlTemplate\":\"https:\\\/\\\/www.undetec.com\\\/blog\\\/?s={search_term_string}\"},\"query-input\":{\"@type\":\"PropertyValueSpecification\",\"valueRequired\":true,\"valueName\":\"search_term_string\"}}],\"inLanguage\":\"ca\"},{\"@type\":\"Organization\",\"@id\":\"https:\\\/\\\/www.undetec.com\\\/blog\\\/#organization\",\"name\":\"UNDETEC\",\"url\":\"https:\\\/\\\/www.undetec.com\\\/blog\\\/\",\"logo\":{\"@type\":\"ImageObject\",\"inLanguage\":\"ca\",\"@id\":\"https:\\\/\\\/www.undetec.com\\\/blog\\\/#\\\/schema\\\/logo\\\/image\\\/\",\"url\":\"https:\\\/\\\/www.undetec.com\\\/blog\\\/wp-content\\\/uploads\\\/2016\\\/11\\\/undetec_logo.gif\",\"contentUrl\":\"https:\\\/\\\/www.undetec.com\\\/blog\\\/wp-content\\\/uploads\\\/2016\\\/11\\\/undetec_logo.gif\",\"width\":154,\"height\":45,\"caption\":\"UNDETEC\"},\"image\":{\"@id\":\"https:\\\/\\\/www.undetec.com\\\/blog\\\/#\\\/schema\\\/logo\\\/image\\\/\"},\"sameAs\":[\"https:\\\/\\\/www.facebook.com\\\/pages\\\/UNDETEC\\\/120913354659573\"]}]}<\/script>\n<!-- \/ Yoast SEO plugin. -->","yoast_head_json":{"title":"Novetats i Modificacions","robots":{"index":"index","follow":"follow","max-snippet":"max-snippet:-1","max-image-preview":"max-image-preview:large","max-video-preview":"max-video-preview:-1"},"canonical":"https:\/\/www.undetec.com\/blog\/novetats-i-modificacions\/","og_locale":"ca_ES","og_type":"article","og_title":"Novetats i Modificacions","og_description":"2020-05-16[Afegit] Afegir compensaci\u00f3 de pesos grans per les engreixades de pollastres. 2020-05-02[Afegit] Afegir gr\u00e0fica mitja per hores als pesos dels animals a les engreixades. 2020-05-02[Modificat] Polir gr\u00e0fiques engreixades. 2020-04-28[Afegit] Optimitzar consulta pesos b\u00e0scula 2018-11-27 [Afegit] Afegit 80,160 i 320 dies a les gr\u00e0fiques hist\u00f2riques dels sensors. Fins a aquest dia&nbsp; podiem seleccionar 1,2,3,4,5,10 i 40 &hellip; Continua llegint \u00abNovetats i Modificacions\u00bb","og_url":"https:\/\/www.undetec.com\/blog\/novetats-i-modificacions\/","og_site_name":"UNDETEC","article_publisher":"https:\/\/www.facebook.com\/pages\/UNDETEC\/120913354659573","article_modified_time":"2020-05-16T22:41:00+00:00","og_image":[{"url":"https:\/\/www.undetec.com\/blog\/wp-content\/uploads\/2018\/11\/diesSensors.png","type":"","width":"","height":""}],"twitter_card":"summary_large_image","twitter_misc":{"Temps estimat de lectura":"2 minuts"},"schema":{"@context":"https:\/\/schema.org","@graph":[{"@type":"WebPage","@id":"https:\/\/www.undetec.com\/blog\/novetats-i-modificacions\/","url":"https:\/\/www.undetec.com\/blog\/novetats-i-modificacions\/","name":"Novetats i Modificacions","isPartOf":{"@id":"https:\/\/www.undetec.com\/blog\/#website"},"primaryImageOfPage":{"@id":"https:\/\/www.undetec.com\/blog\/novetats-i-modificacions\/#primaryimage"},"image":{"@id":"https:\/\/www.undetec.com\/blog\/novetats-i-modificacions\/#primaryimage"},"thumbnailUrl":"https:\/\/www.undetec.com\/blog\/wp-content\/uploads\/2018\/11\/diesSensors.png","datePublished":"2018-11-15T21:42:22+00:00","dateModified":"2020-05-16T22:41:00+00:00","breadcrumb":{"@id":"https:\/\/www.undetec.com\/blog\/novetats-i-modificacions\/#breadcrumb"},"inLanguage":"ca","potentialAction":[{"@type":"ReadAction","target":["https:\/\/www.undetec.com\/blog\/novetats-i-modificacions\/"]}]},{"@type":"ImageObject","inLanguage":"ca","@id":"https:\/\/www.undetec.com\/blog\/novetats-i-modificacions\/#primaryimage","url":"https:\/\/www.undetec.com\/blog\/wp-content\/uploads\/2018\/11\/diesSensors.png","contentUrl":"https:\/\/www.undetec.com\/blog\/wp-content\/uploads\/2018\/11\/diesSensors.png","width":455,"height":254,"caption":"Selector de dies dels sensors"},{"@type":"BreadcrumbList","@id":"https:\/\/www.undetec.com\/blog\/novetats-i-modificacions\/#breadcrumb","itemListElement":[{"@type":"ListItem","position":1,"name":"Inici","item":"https:\/\/www.undetec.com\/blog\/"},{"@type":"ListItem","position":2,"name":"Novetats i Modificacions"}]},{"@type":"WebSite","@id":"https:\/\/www.undetec.com\/blog\/#website","url":"https:\/\/www.undetec.com\/blog\/","name":"UNDETEC","description":"UNI\u00d3 DE TECNOLOGIES","publisher":{"@id":"https:\/\/www.undetec.com\/blog\/#organization"},"potentialAction":[{"@type":"SearchAction","target":{"@type":"EntryPoint","urlTemplate":"https:\/\/www.undetec.com\/blog\/?s={search_term_string}"},"query-input":{"@type":"PropertyValueSpecification","valueRequired":true,"valueName":"search_term_string"}}],"inLanguage":"ca"},{"@type":"Organization","@id":"https:\/\/www.undetec.com\/blog\/#organization","name":"UNDETEC","url":"https:\/\/www.undetec.com\/blog\/","logo":{"@type":"ImageObject","inLanguage":"ca","@id":"https:\/\/www.undetec.com\/blog\/#\/schema\/logo\/image\/","url":"https:\/\/www.undetec.com\/blog\/wp-content\/uploads\/2016\/11\/undetec_logo.gif","contentUrl":"https:\/\/www.undetec.com\/blog\/wp-content\/uploads\/2016\/11\/undetec_logo.gif","width":154,"height":45,"caption":"UNDETEC"},"image":{"@id":"https:\/\/www.undetec.com\/blog\/#\/schema\/logo\/image\/"},"sameAs":["https:\/\/www.facebook.com\/pages\/UNDETEC\/120913354659573"]}]}},"_links":{"self":[{"href":"https:\/\/www.undetec.com\/blog\/wp-json\/wp\/v2\/pages\/1330","targetHints":{"allow":["GET"]}}],"collection":[{"href":"https:\/\/www.undetec.com\/blog\/wp-json\/wp\/v2\/pages"}],"about":[{"href":"https:\/\/www.undetec.com\/blog\/wp-json\/wp\/v2\/types\/page"}],"author":[{"embeddable":true,"href":"https:\/\/www.undetec.com\/blog\/wp-json\/wp\/v2\/users\/2"}],"replies":[{"embeddable":true,"href":"https:\/\/www.undetec.com\/blog\/wp-json\/wp\/v2\/comments?post=1330"}],"version-history":[{"count":9,"href":"https:\/\/www.undetec.com\/blog\/wp-json\/wp\/v2\/pages\/1330\/revisions"}],"predecessor-version":[{"id":1836,"href":"https:\/\/www.undetec.com\/blog\/wp-json\/wp\/v2\/pages\/1330\/revisions\/1836"}],"wp:attachment":[{"href":"https:\/\/www.undetec.com\/blog\/wp-json\/wp\/v2\/media?parent=1330"}],"curies":[{"name":"wp","href":"https:\/\/api.w.org\/{rel}","templated":true}]}}