{"id":1464,"date":"2018-11-29T16:37:31","date_gmt":"2018-11-29T15:37:31","guid":{"rendered":"https:\/\/www.undetec.com\/blog\/?page_id=1464"},"modified":"2020-12-20T23:51:01","modified_gmt":"2020-12-20T22:51:01","slug":"estacio-base","status":"publish","type":"page","link":"https:\/\/www.undetec.com\/blog\/estacio-base\/","title":{"rendered":"Estaci\u00f3 Base"},"content":{"rendered":"\n<p>Aquest document \u00e9s part del\u00a0<a href=\"https:\/\/www.undetec.com\/blog\/manual-control-sitges\/\">Manual CONTROL SITGES<\/a>.<\/p>\n\n\n\n<h2 class=\"wp-block-heading\">Connexions <br><\/h2>\n\n\n\n<p>UNDETEC incorpora a l&#8217;ESTACI\u00d3 BASE un sensor de temperatura per poder medir la temperatura externa de la granja.<\/p>\n\n\n\n<figure class=\"wp-block-image\"><img loading=\"lazy\" decoding=\"async\" width=\"640\" height=\"606\" src=\"http:\/\/www.undetec.com\/blog\/wp-content\/uploads\/2018\/11\/ESTACI\u00d3-BASE.png\" alt=\"Connexions ESTACI\u00d3 BASE\" class=\"wp-image-1237\" srcset=\"https:\/\/www.undetec.com\/blog\/wp-content\/uploads\/2018\/11\/ESTACI\u00d3-BASE.png 640w, https:\/\/www.undetec.com\/blog\/wp-content\/uploads\/2018\/11\/ESTACI\u00d3-BASE-300x284.png 300w\" sizes=\"auto, (max-width: 640px) 85vw, 640px\" \/><figcaption>Connexions ESTACI\u00d3 BASE<\/figcaption><\/figure>\n\n\n\n<p>Preparada per rebre informaci\u00f3 de 20 LECTORS.<\/p>\n\n\n\n<p>\nLa sortida a internet es pot fer mitjan\u00e7ant cable ETHERNET o&nbsp; amb targeta SIM (GPRS)\n\n<\/p>\n\n\n\n<p><\/p>\n","protected":false},"excerpt":{"rendered":"<p>Aquest document \u00e9s part del\u00a0Manual CONTROL SITGES. Connexions UNDETEC incorpora a l&#8217;ESTACI\u00d3 BASE un sensor de temperatura per poder medir la temperatura externa de la granja. Preparada per rebre informaci\u00f3 de 20 LECTORS. La sortida a internet es pot fer mitjan\u00e7ant cable ETHERNET o&nbsp; amb targeta SIM (GPRS)<\/p>\n","protected":false},"author":2,"featured_media":0,"parent":0,"menu_order":0,"comment_status":"closed","ping_status":"closed","template":"","meta":{"footnotes":""},"class_list":["post-1464","page","type-page","status-publish","hentry"],"yoast_head":"<!-- This site is optimized with the Yoast SEO plugin v27.3 - https:\/\/yoast.com\/product\/yoast-seo-wordpress\/ -->\n<title>Estaci\u00f3 Base<\/title>\n<meta name=\"robots\" content=\"index, follow, max-snippet:-1, max-image-preview:large, max-video-preview:-1\" \/>\n<link rel=\"canonical\" href=\"https:\/\/www.undetec.com\/blog\/estacio-base\/\" \/>\n<meta property=\"og:locale\" content=\"ca_ES\" \/>\n<meta property=\"og:type\" content=\"article\" \/>\n<meta property=\"og:title\" content=\"Estaci\u00f3 Base\" \/>\n<meta property=\"og:description\" content=\"Aquest document \u00e9s part del\u00a0Manual CONTROL SITGES. Connexions UNDETEC incorpora a l&#8217;ESTACI\u00d3 BASE un sensor de temperatura per poder medir la temperatura externa de la granja. Preparada per rebre informaci\u00f3 de 20 LECTORS. La sortida a internet es pot fer mitjan\u00e7ant cable ETHERNET o&nbsp; amb targeta SIM (GPRS)\" \/>\n<meta property=\"og:url\" content=\"https:\/\/www.undetec.com\/blog\/estacio-base\/\" \/>\n<meta property=\"og:site_name\" content=\"UNDETEC\" \/>\n<meta property=\"article:publisher\" content=\"https:\/\/www.facebook.com\/pages\/UNDETEC\/120913354659573\" \/>\n<meta property=\"article:modified_time\" content=\"2020-12-20T22:51:01+00:00\" \/>\n<meta property=\"og:image\" content=\"http:\/\/www.undetec.com\/blog\/wp-content\/uploads\/2018\/11\/ESTACI\u00d3-BASE.png\" \/>\n<meta name=\"twitter:card\" content=\"summary_large_image\" \/>\n<script type=\"application\/ld+json\" class=\"yoast-schema-graph\">{\"@context\":\"https:\\\/\\\/schema.org\",\"@graph\":[{\"@type\":\"WebPage\",\"@id\":\"https:\\\/\\\/www.undetec.com\\\/blog\\\/estacio-base\\\/\",\"url\":\"https:\\\/\\\/www.undetec.com\\\/blog\\\/estacio-base\\\/\",\"name\":\"Estaci\u00f3 Base\",\"isPartOf\":{\"@id\":\"https:\\\/\\\/www.undetec.com\\\/blog\\\/#website\"},\"datePublished\":\"2018-11-29T15:37:31+00:00\",\"dateModified\":\"2020-12-20T22:51:01+00:00\",\"breadcrumb\":{\"@id\":\"https:\\\/\\\/www.undetec.com\\\/blog\\\/estacio-base\\\/#breadcrumb\"},\"inLanguage\":\"ca\",\"potentialAction\":[{\"@type\":\"ReadAction\",\"target\":[\"https:\\\/\\\/www.undetec.com\\\/blog\\\/estacio-base\\\/\"]}]},{\"@type\":\"BreadcrumbList\",\"@id\":\"https:\\\/\\\/www.undetec.com\\\/blog\\\/estacio-base\\\/#breadcrumb\",\"itemListElement\":[{\"@type\":\"ListItem\",\"position\":1,\"name\":\"Inici\",\"item\":\"https:\\\/\\\/www.undetec.com\\\/blog\\\/\"},{\"@type\":\"ListItem\",\"position\":2,\"name\":\"Estaci\u00f3 Base\"}]},{\"@type\":\"WebSite\",\"@id\":\"https:\\\/\\\/www.undetec.com\\\/blog\\\/#website\",\"url\":\"https:\\\/\\\/www.undetec.com\\\/blog\\\/\",\"name\":\"UNDETEC\",\"description\":\"UNI\u00d3 DE TECNOLOGIES\",\"publisher\":{\"@id\":\"https:\\\/\\\/www.undetec.com\\\/blog\\\/#organization\"},\"potentialAction\":[{\"@type\":\"SearchAction\",\"target\":{\"@type\":\"EntryPoint\",\"urlTemplate\":\"https:\\\/\\\/www.undetec.com\\\/blog\\\/?s={search_term_string}\"},\"query-input\":{\"@type\":\"PropertyValueSpecification\",\"valueRequired\":true,\"valueName\":\"search_term_string\"}}],\"inLanguage\":\"ca\"},{\"@type\":\"Organization\",\"@id\":\"https:\\\/\\\/www.undetec.com\\\/blog\\\/#organization\",\"name\":\"UNDETEC\",\"url\":\"https:\\\/\\\/www.undetec.com\\\/blog\\\/\",\"logo\":{\"@type\":\"ImageObject\",\"inLanguage\":\"ca\",\"@id\":\"https:\\\/\\\/www.undetec.com\\\/blog\\\/#\\\/schema\\\/logo\\\/image\\\/\",\"url\":\"https:\\\/\\\/www.undetec.com\\\/blog\\\/wp-content\\\/uploads\\\/2016\\\/11\\\/undetec_logo.gif\",\"contentUrl\":\"https:\\\/\\\/www.undetec.com\\\/blog\\\/wp-content\\\/uploads\\\/2016\\\/11\\\/undetec_logo.gif\",\"width\":154,\"height\":45,\"caption\":\"UNDETEC\"},\"image\":{\"@id\":\"https:\\\/\\\/www.undetec.com\\\/blog\\\/#\\\/schema\\\/logo\\\/image\\\/\"},\"sameAs\":[\"https:\\\/\\\/www.facebook.com\\\/pages\\\/UNDETEC\\\/120913354659573\"]}]}<\/script>\n<!-- \/ Yoast SEO plugin. -->","yoast_head_json":{"title":"Estaci\u00f3 Base","robots":{"index":"index","follow":"follow","max-snippet":"max-snippet:-1","max-image-preview":"max-image-preview:large","max-video-preview":"max-video-preview:-1"},"canonical":"https:\/\/www.undetec.com\/blog\/estacio-base\/","og_locale":"ca_ES","og_type":"article","og_title":"Estaci\u00f3 Base","og_description":"Aquest document \u00e9s part del\u00a0Manual CONTROL SITGES. Connexions UNDETEC incorpora a l&#8217;ESTACI\u00d3 BASE un sensor de temperatura per poder medir la temperatura externa de la granja. Preparada per rebre informaci\u00f3 de 20 LECTORS. La sortida a internet es pot fer mitjan\u00e7ant cable ETHERNET o&nbsp; amb targeta SIM (GPRS)","og_url":"https:\/\/www.undetec.com\/blog\/estacio-base\/","og_site_name":"UNDETEC","article_publisher":"https:\/\/www.facebook.com\/pages\/UNDETEC\/120913354659573","article_modified_time":"2020-12-20T22:51:01+00:00","og_image":[{"url":"http:\/\/www.undetec.com\/blog\/wp-content\/uploads\/2018\/11\/ESTACI\u00d3-BASE.png","type":"","width":"","height":""}],"twitter_card":"summary_large_image","schema":{"@context":"https:\/\/schema.org","@graph":[{"@type":"WebPage","@id":"https:\/\/www.undetec.com\/blog\/estacio-base\/","url":"https:\/\/www.undetec.com\/blog\/estacio-base\/","name":"Estaci\u00f3 Base","isPartOf":{"@id":"https:\/\/www.undetec.com\/blog\/#website"},"datePublished":"2018-11-29T15:37:31+00:00","dateModified":"2020-12-20T22:51:01+00:00","breadcrumb":{"@id":"https:\/\/www.undetec.com\/blog\/estacio-base\/#breadcrumb"},"inLanguage":"ca","potentialAction":[{"@type":"ReadAction","target":["https:\/\/www.undetec.com\/blog\/estacio-base\/"]}]},{"@type":"BreadcrumbList","@id":"https:\/\/www.undetec.com\/blog\/estacio-base\/#breadcrumb","itemListElement":[{"@type":"ListItem","position":1,"name":"Inici","item":"https:\/\/www.undetec.com\/blog\/"},{"@type":"ListItem","position":2,"name":"Estaci\u00f3 Base"}]},{"@type":"WebSite","@id":"https:\/\/www.undetec.com\/blog\/#website","url":"https:\/\/www.undetec.com\/blog\/","name":"UNDETEC","description":"UNI\u00d3 DE TECNOLOGIES","publisher":{"@id":"https:\/\/www.undetec.com\/blog\/#organization"},"potentialAction":[{"@type":"SearchAction","target":{"@type":"EntryPoint","urlTemplate":"https:\/\/www.undetec.com\/blog\/?s={search_term_string}"},"query-input":{"@type":"PropertyValueSpecification","valueRequired":true,"valueName":"search_term_string"}}],"inLanguage":"ca"},{"@type":"Organization","@id":"https:\/\/www.undetec.com\/blog\/#organization","name":"UNDETEC","url":"https:\/\/www.undetec.com\/blog\/","logo":{"@type":"ImageObject","inLanguage":"ca","@id":"https:\/\/www.undetec.com\/blog\/#\/schema\/logo\/image\/","url":"https:\/\/www.undetec.com\/blog\/wp-content\/uploads\/2016\/11\/undetec_logo.gif","contentUrl":"https:\/\/www.undetec.com\/blog\/wp-content\/uploads\/2016\/11\/undetec_logo.gif","width":154,"height":45,"caption":"UNDETEC"},"image":{"@id":"https:\/\/www.undetec.com\/blog\/#\/schema\/logo\/image\/"},"sameAs":["https:\/\/www.facebook.com\/pages\/UNDETEC\/120913354659573"]}]}},"_links":{"self":[{"href":"https:\/\/www.undetec.com\/blog\/wp-json\/wp\/v2\/pages\/1464","targetHints":{"allow":["GET"]}}],"collection":[{"href":"https:\/\/www.undetec.com\/blog\/wp-json\/wp\/v2\/pages"}],"about":[{"href":"https:\/\/www.undetec.com\/blog\/wp-json\/wp\/v2\/types\/page"}],"author":[{"embeddable":true,"href":"https:\/\/www.undetec.com\/blog\/wp-json\/wp\/v2\/users\/2"}],"replies":[{"embeddable":true,"href":"https:\/\/www.undetec.com\/blog\/wp-json\/wp\/v2\/comments?post=1464"}],"version-history":[{"count":3,"href":"https:\/\/www.undetec.com\/blog\/wp-json\/wp\/v2\/pages\/1464\/revisions"}],"predecessor-version":[{"id":1902,"href":"https:\/\/www.undetec.com\/blog\/wp-json\/wp\/v2\/pages\/1464\/revisions\/1902"}],"wp:attachment":[{"href":"https:\/\/www.undetec.com\/blog\/wp-json\/wp\/v2\/media?parent=1464"}],"curies":[{"name":"wp","href":"https:\/\/api.w.org\/{rel}","templated":true}]}}