{"id":1630,"date":"2018-12-18T23:14:12","date_gmt":"2018-12-18T22:14:12","guid":{"rendered":"https:\/\/www.undetec.com\/blog\/?page_id=1630"},"modified":"2021-01-05T22:53:08","modified_gmt":"2021-01-05T21:53:08","slug":"historics-sensors","status":"publish","type":"page","link":"https:\/\/www.undetec.com\/blog\/historics-sensors\/","title":{"rendered":"Hist\u00f2rics Sensors"},"content":{"rendered":"\n<h2 class=\"wp-block-heading\">Introducci\u00f3<br><\/h2>\n\n\n\n<p>Aplicaci\u00f3 web que utilitza el <a href=\"https:\/\/www.undetec.com\/blog\/servei-undetec-historics\/\">servei HIST\u00d2RICS<\/a> i que ens serveix per representar i poder treballar les dades provinents dels sensors&nbsp; guardades als SERVIDORS UNDETEC. <\/p>\n\n\n\n<h2 class=\"wp-block-heading\"><a id=\"RESUM\"><\/a>Resum<\/h2>\n\n\n\n<p>Al entrar a sensors ens trobarem amb una p\u00e0gina resum de la situaci\u00f3 actual dels sensors disponibles en un determinat lloc.&nbsp; <br><\/p>\n\n\n\n<figure class=\"wp-block-image\"><img loading=\"lazy\" decoding=\"async\" width=\"670\" height=\"726\" src=\"https:\/\/www.undetec.com\/blog\/wp-content\/uploads\/2018\/12\/historicsensorsresum.png\" alt=\"Resum Hist\u00f2rics Sensors\" class=\"wp-image-1632\" srcset=\"https:\/\/www.undetec.com\/blog\/wp-content\/uploads\/2018\/12\/historicsensorsresum.png 670w, https:\/\/www.undetec.com\/blog\/wp-content\/uploads\/2018\/12\/historicsensorsresum-277x300.png 277w\" sizes=\"auto, (max-width: 670px) 85vw, 670px\" \/><figcaption>Resum Hist\u00f2rics Sensors<\/figcaption><\/figure>\n\n\n\n<h3 class=\"wp-block-heading\">Resum cap\u00e7alera<br><\/h3>\n\n\n\n<p>A la cap\u00e7alera hi ha el nom de l&#8217;aplicaci\u00f3 (Aquest nom es pot canviar des de la configuraci\u00f3). A continuaci\u00f3 apareix el nom de la granja(En cas que n&#8217;hi hagi m\u00e9s d&#8217;una) i tres botons. Aquestos botons s\u00f3n: <\/p>\n\n\n\n<ul class=\"wp-block-list\"><li><strong>[C]<\/strong> per anar a la configuraci\u00f3 dels sensors. <\/li><li><strong>[F5]<\/strong> Per actualitzar les dades. Cada 10 minuts hi ha dades noves.<br><\/li><li><strong>[X]<\/strong> Per tancar l&#8217;aplicaci\u00f3.<br><\/li><\/ul>\n\n\n\n<figure class=\"wp-block-image\"><img loading=\"lazy\" decoding=\"async\" width=\"670\" height=\"39\" src=\"https:\/\/www.undetec.com\/blog\/wp-content\/uploads\/2018\/12\/historicsensorsresumcap.png\" alt=\"Hist\u00f2ric sensor cap\u00e7alera\" class=\"wp-image-1634\" srcset=\"https:\/\/www.undetec.com\/blog\/wp-content\/uploads\/2018\/12\/historicsensorsresumcap.png 670w, https:\/\/www.undetec.com\/blog\/wp-content\/uploads\/2018\/12\/historicsensorsresumcap-300x17.png 300w\" sizes=\"auto, (max-width: 670px) 85vw, 670px\" \/><figcaption>Cap\u00e7alera de l&#8217;aplicaci\u00f3 de Hist\u00f2ric sensors<\/figcaption><\/figure>\n\n\n\n<h3 class=\"wp-block-heading\">Resum Desplegable<br><\/h3>\n\n\n\n<div class=\"wp-block-image\"><figure class=\"alignright\"><img loading=\"lazy\" decoding=\"async\" width=\"224\" height=\"292\" src=\"https:\/\/www.undetec.com\/blog\/wp-content\/uploads\/2018\/12\/historicsensorsresumllistasensors.png\" alt=\"Llista de sensors\" class=\"wp-image-1638\"\/><figcaption>Llista de sensors<\/figcaption><\/figure><\/div>\n\n\n\n<p>A continuaci\u00f3&nbsp; hi ha un desplegable per anar directament al sensor desitjat. Hi apareixen tots els sensors disponibles.<br><\/p>\n\n\n\n<p>Al costat hi ha la possibilitat de veure el&nbsp; &#8220;DETALL&#8221; o no del resum de sensors. En cas que es marqui(opci\u00f3 activada per defecte) apareix la informaci\u00f3 del sensor i la opci\u00f3 per poder-la EDITAR.<\/p>\n\n\n\n<p><br><\/p>\n\n\n\n<h3 class=\"wp-block-heading\">Resum Llista sensors<br><\/h3>\n\n\n\n<p>A continuaci\u00f3 hi ha la llista dels sensors amb quatre dades num\u00e8riques. <\/p>\n\n\n\n<p>Per a sitges, hi ha el nom del Silo, el percentatge i kilograms que queda de pinso, La capacitat m\u00e0xima que hi cap al Silo i l&#8217;hora de la lectura.&nbsp;&nbsp; En la segona l\u00ednia hi ha informaci\u00f3 rellevant del silo o nau on est\u00e0 el silo. Aquesta informaci\u00f3 es pot canviar amb el bot\u00f3 <strong>[Edita]<\/strong>.&nbsp; Al clicar sobre el nom del Silo anirem al detall de l&#8217;hist\u00f2ric del sensor.<br><\/p>\n\n\n\n<figure class=\"wp-block-image\"><img loading=\"lazy\" decoding=\"async\" width=\"667\" height=\"93\" src=\"https:\/\/www.undetec.com\/blog\/wp-content\/uploads\/2018\/12\/historicsensorsresumsilonumeric.png\" alt=\"Dades num\u00e8riques del sensor\" class=\"wp-image-1633\" srcset=\"https:\/\/www.undetec.com\/blog\/wp-content\/uploads\/2018\/12\/historicsensorsresumsilonumeric.png 667w, https:\/\/www.undetec.com\/blog\/wp-content\/uploads\/2018\/12\/historicsensorsresumsilonumeric-300x42.png 300w\" sizes=\"auto, (max-width: 667px) 85vw, 667px\" \/><figcaption>Dades num\u00e8riques del silo<\/figcaption><\/figure>\n\n\n\n<p>Per a sensors de temperatura nom\u00e9s tenim el nom del sensor, la lectura amb la seva unitat i l&#8217;hora en que s&#8217;ha produ\u00eft la lectura. <br><\/p>\n\n\n\n<figure class=\"wp-block-image\"><img loading=\"lazy\" decoding=\"async\" width=\"585\" height=\"65\" src=\"https:\/\/www.undetec.com\/blog\/wp-content\/uploads\/2018\/12\/historicsensorsresumtempnumeric.png\" alt=\"Hist\u00f2ric sensor temperatura\" class=\"wp-image-1636\" srcset=\"https:\/\/www.undetec.com\/blog\/wp-content\/uploads\/2018\/12\/historicsensorsresumtempnumeric.png 585w, https:\/\/www.undetec.com\/blog\/wp-content\/uploads\/2018\/12\/historicsensorsresumtempnumeric-300x33.png 300w\" sizes=\"auto, (max-width: 585px) 85vw, 585px\" \/><figcaption>Dades del sensor de temperatura<\/figcaption><\/figure>\n\n\n\n<h3 class=\"wp-block-heading\">Resum Mitja Diaria<br><\/h3>\n\n\n\n<p>Despr\u00e8s de la llista dels sensors i en cas que hi hagi silos hi ha una segona part diferenciada de la llista on s&#8217;aprofundeix sobre les dades dels Silos. Aquesta segona part s&#8217;anomena &#8220;MITJA DE KG \/ DIA&#8221; i representa la mitja de&nbsp; kilograms consumits per dia en dos per\u00edodes definits per l&#8217;usuari.<\/p>\n\n\n\n<ul class=\"wp-block-list\"><li>\u00daltims dies. La mitja de kg consumits en els \u00faltims 15 dies(segons l&#8217;exemple).<br><\/li><li>Entre dates. La mitja de Kg consumits entre 05\/06\/2018 i 09\/10\/2018(segons l&#8217;exemple).<\/li><\/ul>\n\n\n\n<p>En cas que no hi hagi data final, vol dir que la mitja la far\u00e0 des de la data d&#8217;inici fins ahir. Tamb\u00e9 hi ha la quantitat d&#8217;animals que hi ha a la nau. Aquesta dada ens ser\u00e0 \u00fatil a dins el detall de la &#8220;MITJA DE KG \/ DIA&#8221; per poder calcular la mitja di\u00e0ria per animal. En l&#8217;exemple&nbsp; surt &#8220;1&#8221; com a Quantitat d&#8217;animals. Aix\u00f2 vol dir que no interessa saber el kg consumits per animal. El que interessa es els kg consumits per nau. <\/p>\n\n\n\n<p>En l&#8217;exemple ens diu que en els \u00faltims 15 dies la mitja consumida \u00e9s de 838kg diaris, i que entre el 05\/06\/2018 i el 09\/10\/2018 la mitja consumida \u00e9s de 231Kg diaris.<br><\/p>\n\n\n\n<figure class=\"wp-block-image\"><img loading=\"lazy\" decoding=\"async\" width=\"664\" height=\"139\" src=\"https:\/\/www.undetec.com\/blog\/wp-content\/uploads\/2018\/12\/historicsensorsresummdnumeric.png\" alt=\"Mitja diaria \" class=\"wp-image-1637\" srcset=\"https:\/\/www.undetec.com\/blog\/wp-content\/uploads\/2018\/12\/historicsensorsresummdnumeric.png 664w, https:\/\/www.undetec.com\/blog\/wp-content\/uploads\/2018\/12\/historicsensorsresummdnumeric-300x63.png 300w\" sizes=\"auto, (max-width: 664px) 85vw, 664px\" \/><figcaption>Mitja di\u00e0ria de Kg consumits<\/figcaption><\/figure>\n\n\n\n<p>En cas que vulguem editar les dades que ens serviran per calcular la mitja di\u00e0ria&nbsp; consumida hem de pr\u00e9mer el bot\u00f3 <strong>[Edita]<\/strong>.&nbsp; <br><\/p>\n\n\n\n<figure class=\"wp-block-image\"><img loading=\"lazy\" decoding=\"async\" width=\"678\" height=\"400\" src=\"https:\/\/www.undetec.com\/blog\/wp-content\/uploads\/2018\/12\/historicsensorsresummdnumericeditar.png\" alt=\"Edita dades per poder calcular la mitja diaria consumida\" class=\"wp-image-1639\" srcset=\"https:\/\/www.undetec.com\/blog\/wp-content\/uploads\/2018\/12\/historicsensorsresummdnumericeditar.png 678w, https:\/\/www.undetec.com\/blog\/wp-content\/uploads\/2018\/12\/historicsensorsresummdnumericeditar-300x177.png 300w\" sizes=\"auto, (max-width: 678px) 85vw, 678px\" \/><figcaption>Edita dades per poder calcular la mitja di\u00e0ria consumida<\/figcaption><\/figure>\n\n\n<div class=\"printfriendly pf-button  pf-alignleft\">\n                    <a href=\"https:\/\/www.undetec.com\/blog\/historics-sensors\/?pfstyle=wp\" rel=\"nofollow\" onclick=\"\" title=\"Printer Friendly, PDF & Email\">\n                    <img decoding=\"async\" class=\"pf-button-img\" src=\"https:\/\/cdn.printfriendly.com\/buttons\/printfriendly-pdf-button-nobg-md.png\" alt=\"Print Friendly, PDF & Email\" style=\"width: 124px;height: 30px;\"  \/>\n                    <\/a>\n                <\/div>\n\n\n\n<p><\/p>\n\n\n\n<p><\/p>\n","protected":false},"excerpt":{"rendered":"<p>Introducci\u00f3 Aplicaci\u00f3 web que utilitza el servei HIST\u00d2RICS i que ens serveix per representar i poder treballar les dades provinents dels sensors&nbsp; guardades als SERVIDORS UNDETEC. Resum Al entrar a sensors ens trobarem amb una p\u00e0gina resum de la situaci\u00f3 actual dels sensors disponibles en un determinat lloc.&nbsp; Resum cap\u00e7alera A la cap\u00e7alera hi ha &hellip; <a href=\"https:\/\/www.undetec.com\/blog\/historics-sensors\/\" class=\"more-link\">Continua llegint <span class=\"screen-reader-text\">\u00abHist\u00f2rics Sensors\u00bb<\/span><\/a><\/p>\n","protected":false},"author":2,"featured_media":0,"parent":0,"menu_order":0,"comment_status":"closed","ping_status":"closed","template":"","meta":{"footnotes":""},"class_list":["post-1630","page","type-page","status-publish","hentry"],"yoast_head":"<!-- This site is optimized with the Yoast SEO plugin v27.4 - https:\/\/yoast.com\/product\/yoast-seo-wordpress\/ -->\n<title>Hist\u00f2rics Sensors<\/title>\n<meta name=\"robots\" content=\"index, follow, max-snippet:-1, max-image-preview:large, max-video-preview:-1\" \/>\n<link rel=\"canonical\" href=\"https:\/\/www.undetec.com\/blog\/historics-sensors\/\" \/>\n<meta property=\"og:locale\" content=\"ca_ES\" \/>\n<meta property=\"og:type\" content=\"article\" \/>\n<meta property=\"og:title\" content=\"Hist\u00f2rics Sensors\" \/>\n<meta property=\"og:description\" content=\"Introducci\u00f3 Aplicaci\u00f3 web que utilitza el servei HIST\u00d2RICS i que ens serveix per representar i poder treballar les dades provinents dels sensors&nbsp; guardades als SERVIDORS UNDETEC. Resum Al entrar a sensors ens trobarem amb una p\u00e0gina resum de la situaci\u00f3 actual dels sensors disponibles en un determinat lloc.&nbsp; Resum cap\u00e7alera A la cap\u00e7alera hi ha &hellip; Continua llegint \u00abHist\u00f2rics Sensors\u00bb\" \/>\n<meta property=\"og:url\" content=\"https:\/\/www.undetec.com\/blog\/historics-sensors\/\" \/>\n<meta property=\"og:site_name\" content=\"UNDETEC\" \/>\n<meta property=\"article:publisher\" content=\"https:\/\/www.facebook.com\/pages\/UNDETEC\/120913354659573\" \/>\n<meta property=\"article:modified_time\" content=\"2021-01-05T21:53:08+00:00\" \/>\n<meta property=\"og:image\" content=\"https:\/\/www.undetec.com\/blog\/wp-content\/uploads\/2018\/12\/historicsensorsresum.png\" \/>\n<meta name=\"twitter:card\" content=\"summary_large_image\" \/>\n<meta name=\"twitter:label1\" content=\"Temps estimat de lectura\" \/>\n\t<meta name=\"twitter:data1\" content=\"3 minuts\" \/>\n<script type=\"application\/ld+json\" class=\"yoast-schema-graph\">{\"@context\":\"https:\\\/\\\/schema.org\",\"@graph\":[{\"@type\":\"WebPage\",\"@id\":\"https:\\\/\\\/www.undetec.com\\\/blog\\\/historics-sensors\\\/\",\"url\":\"https:\\\/\\\/www.undetec.com\\\/blog\\\/historics-sensors\\\/\",\"name\":\"Hist\u00f2rics Sensors\",\"isPartOf\":{\"@id\":\"https:\\\/\\\/www.undetec.com\\\/blog\\\/#website\"},\"primaryImageOfPage\":{\"@id\":\"https:\\\/\\\/www.undetec.com\\\/blog\\\/historics-sensors\\\/#primaryimage\"},\"image\":{\"@id\":\"https:\\\/\\\/www.undetec.com\\\/blog\\\/historics-sensors\\\/#primaryimage\"},\"thumbnailUrl\":\"https:\\\/\\\/www.undetec.com\\\/blog\\\/wp-content\\\/uploads\\\/2018\\\/12\\\/historicsensorsresum.png\",\"datePublished\":\"2018-12-18T22:14:12+00:00\",\"dateModified\":\"2021-01-05T21:53:08+00:00\",\"breadcrumb\":{\"@id\":\"https:\\\/\\\/www.undetec.com\\\/blog\\\/historics-sensors\\\/#breadcrumb\"},\"inLanguage\":\"ca\",\"potentialAction\":[{\"@type\":\"ReadAction\",\"target\":[\"https:\\\/\\\/www.undetec.com\\\/blog\\\/historics-sensors\\\/\"]}]},{\"@type\":\"ImageObject\",\"inLanguage\":\"ca\",\"@id\":\"https:\\\/\\\/www.undetec.com\\\/blog\\\/historics-sensors\\\/#primaryimage\",\"url\":\"https:\\\/\\\/www.undetec.com\\\/blog\\\/wp-content\\\/uploads\\\/2018\\\/12\\\/historicsensorsresum.png\",\"contentUrl\":\"https:\\\/\\\/www.undetec.com\\\/blog\\\/wp-content\\\/uploads\\\/2018\\\/12\\\/historicsensorsresum.png\",\"width\":670,\"height\":726,\"caption\":\"Resum Hist\u00f2rics Sensors\"},{\"@type\":\"BreadcrumbList\",\"@id\":\"https:\\\/\\\/www.undetec.com\\\/blog\\\/historics-sensors\\\/#breadcrumb\",\"itemListElement\":[{\"@type\":\"ListItem\",\"position\":1,\"name\":\"Inici\",\"item\":\"https:\\\/\\\/www.undetec.com\\\/blog\\\/\"},{\"@type\":\"ListItem\",\"position\":2,\"name\":\"Hist\u00f2rics Sensors\"}]},{\"@type\":\"WebSite\",\"@id\":\"https:\\\/\\\/www.undetec.com\\\/blog\\\/#website\",\"url\":\"https:\\\/\\\/www.undetec.com\\\/blog\\\/\",\"name\":\"UNDETEC\",\"description\":\"UNI\u00d3 DE TECNOLOGIES\",\"publisher\":{\"@id\":\"https:\\\/\\\/www.undetec.com\\\/blog\\\/#organization\"},\"potentialAction\":[{\"@type\":\"SearchAction\",\"target\":{\"@type\":\"EntryPoint\",\"urlTemplate\":\"https:\\\/\\\/www.undetec.com\\\/blog\\\/?s={search_term_string}\"},\"query-input\":{\"@type\":\"PropertyValueSpecification\",\"valueRequired\":true,\"valueName\":\"search_term_string\"}}],\"inLanguage\":\"ca\"},{\"@type\":\"Organization\",\"@id\":\"https:\\\/\\\/www.undetec.com\\\/blog\\\/#organization\",\"name\":\"UNDETEC\",\"url\":\"https:\\\/\\\/www.undetec.com\\\/blog\\\/\",\"logo\":{\"@type\":\"ImageObject\",\"inLanguage\":\"ca\",\"@id\":\"https:\\\/\\\/www.undetec.com\\\/blog\\\/#\\\/schema\\\/logo\\\/image\\\/\",\"url\":\"https:\\\/\\\/www.undetec.com\\\/blog\\\/wp-content\\\/uploads\\\/2016\\\/11\\\/undetec_logo.gif\",\"contentUrl\":\"https:\\\/\\\/www.undetec.com\\\/blog\\\/wp-content\\\/uploads\\\/2016\\\/11\\\/undetec_logo.gif\",\"width\":154,\"height\":45,\"caption\":\"UNDETEC\"},\"image\":{\"@id\":\"https:\\\/\\\/www.undetec.com\\\/blog\\\/#\\\/schema\\\/logo\\\/image\\\/\"},\"sameAs\":[\"https:\\\/\\\/www.facebook.com\\\/pages\\\/UNDETEC\\\/120913354659573\"]}]}<\/script>\n<!-- \/ Yoast SEO plugin. -->","yoast_head_json":{"title":"Hist\u00f2rics Sensors","robots":{"index":"index","follow":"follow","max-snippet":"max-snippet:-1","max-image-preview":"max-image-preview:large","max-video-preview":"max-video-preview:-1"},"canonical":"https:\/\/www.undetec.com\/blog\/historics-sensors\/","og_locale":"ca_ES","og_type":"article","og_title":"Hist\u00f2rics Sensors","og_description":"Introducci\u00f3 Aplicaci\u00f3 web que utilitza el servei HIST\u00d2RICS i que ens serveix per representar i poder treballar les dades provinents dels sensors&nbsp; guardades als SERVIDORS UNDETEC. Resum Al entrar a sensors ens trobarem amb una p\u00e0gina resum de la situaci\u00f3 actual dels sensors disponibles en un determinat lloc.&nbsp; Resum cap\u00e7alera A la cap\u00e7alera hi ha &hellip; Continua llegint \u00abHist\u00f2rics Sensors\u00bb","og_url":"https:\/\/www.undetec.com\/blog\/historics-sensors\/","og_site_name":"UNDETEC","article_publisher":"https:\/\/www.facebook.com\/pages\/UNDETEC\/120913354659573","article_modified_time":"2021-01-05T21:53:08+00:00","og_image":[{"url":"https:\/\/www.undetec.com\/blog\/wp-content\/uploads\/2018\/12\/historicsensorsresum.png","type":"","width":"","height":""}],"twitter_card":"summary_large_image","twitter_misc":{"Temps estimat de lectura":"3 minuts"},"schema":{"@context":"https:\/\/schema.org","@graph":[{"@type":"WebPage","@id":"https:\/\/www.undetec.com\/blog\/historics-sensors\/","url":"https:\/\/www.undetec.com\/blog\/historics-sensors\/","name":"Hist\u00f2rics Sensors","isPartOf":{"@id":"https:\/\/www.undetec.com\/blog\/#website"},"primaryImageOfPage":{"@id":"https:\/\/www.undetec.com\/blog\/historics-sensors\/#primaryimage"},"image":{"@id":"https:\/\/www.undetec.com\/blog\/historics-sensors\/#primaryimage"},"thumbnailUrl":"https:\/\/www.undetec.com\/blog\/wp-content\/uploads\/2018\/12\/historicsensorsresum.png","datePublished":"2018-12-18T22:14:12+00:00","dateModified":"2021-01-05T21:53:08+00:00","breadcrumb":{"@id":"https:\/\/www.undetec.com\/blog\/historics-sensors\/#breadcrumb"},"inLanguage":"ca","potentialAction":[{"@type":"ReadAction","target":["https:\/\/www.undetec.com\/blog\/historics-sensors\/"]}]},{"@type":"ImageObject","inLanguage":"ca","@id":"https:\/\/www.undetec.com\/blog\/historics-sensors\/#primaryimage","url":"https:\/\/www.undetec.com\/blog\/wp-content\/uploads\/2018\/12\/historicsensorsresum.png","contentUrl":"https:\/\/www.undetec.com\/blog\/wp-content\/uploads\/2018\/12\/historicsensorsresum.png","width":670,"height":726,"caption":"Resum Hist\u00f2rics Sensors"},{"@type":"BreadcrumbList","@id":"https:\/\/www.undetec.com\/blog\/historics-sensors\/#breadcrumb","itemListElement":[{"@type":"ListItem","position":1,"name":"Inici","item":"https:\/\/www.undetec.com\/blog\/"},{"@type":"ListItem","position":2,"name":"Hist\u00f2rics Sensors"}]},{"@type":"WebSite","@id":"https:\/\/www.undetec.com\/blog\/#website","url":"https:\/\/www.undetec.com\/blog\/","name":"UNDETEC","description":"UNI\u00d3 DE TECNOLOGIES","publisher":{"@id":"https:\/\/www.undetec.com\/blog\/#organization"},"potentialAction":[{"@type":"SearchAction","target":{"@type":"EntryPoint","urlTemplate":"https:\/\/www.undetec.com\/blog\/?s={search_term_string}"},"query-input":{"@type":"PropertyValueSpecification","valueRequired":true,"valueName":"search_term_string"}}],"inLanguage":"ca"},{"@type":"Organization","@id":"https:\/\/www.undetec.com\/blog\/#organization","name":"UNDETEC","url":"https:\/\/www.undetec.com\/blog\/","logo":{"@type":"ImageObject","inLanguage":"ca","@id":"https:\/\/www.undetec.com\/blog\/#\/schema\/logo\/image\/","url":"https:\/\/www.undetec.com\/blog\/wp-content\/uploads\/2016\/11\/undetec_logo.gif","contentUrl":"https:\/\/www.undetec.com\/blog\/wp-content\/uploads\/2016\/11\/undetec_logo.gif","width":154,"height":45,"caption":"UNDETEC"},"image":{"@id":"https:\/\/www.undetec.com\/blog\/#\/schema\/logo\/image\/"},"sameAs":["https:\/\/www.facebook.com\/pages\/UNDETEC\/120913354659573"]}]}},"_links":{"self":[{"href":"https:\/\/www.undetec.com\/blog\/wp-json\/wp\/v2\/pages\/1630","targetHints":{"allow":["GET"]}}],"collection":[{"href":"https:\/\/www.undetec.com\/blog\/wp-json\/wp\/v2\/pages"}],"about":[{"href":"https:\/\/www.undetec.com\/blog\/wp-json\/wp\/v2\/types\/page"}],"author":[{"embeddable":true,"href":"https:\/\/www.undetec.com\/blog\/wp-json\/wp\/v2\/users\/2"}],"replies":[{"embeddable":true,"href":"https:\/\/www.undetec.com\/blog\/wp-json\/wp\/v2\/comments?post=1630"}],"version-history":[{"count":11,"href":"https:\/\/www.undetec.com\/blog\/wp-json\/wp\/v2\/pages\/1630\/revisions"}],"predecessor-version":[{"id":2011,"href":"https:\/\/www.undetec.com\/blog\/wp-json\/wp\/v2\/pages\/1630\/revisions\/2011"}],"wp:attachment":[{"href":"https:\/\/www.undetec.com\/blog\/wp-json\/wp\/v2\/media?parent=1630"}],"curies":[{"name":"wp","href":"https:\/\/api.w.org\/{rel}","templated":true}]}}