{"id":1922,"date":"2020-12-31T14:17:52","date_gmt":"2020-12-31T13:17:52","guid":{"rendered":"https:\/\/www.undetec.com\/blog\/?page_id=1922"},"modified":"2021-12-10T00:31:57","modified_gmt":"2021-12-09T23:31:57","slug":"undecex","status":"publish","type":"page","link":"https:\/\/www.undetec.com\/blog\/undecex\/","title":{"rendered":"UNDECEX"},"content":{"rendered":"\n<p>Cistella-b\u00e0scula semiautom\u00e0tica mecanitzada per al recolliment de la mortalitat (UNDECEX cistella assistent), assistent i mesuradora de dades per a granges av\u00edcoles. <\/p>\n\n\n\n<figure class=\"wp-block-embed is-type-video is-provider-youtube wp-block-embed-youtube wp-embed-aspect-16-9 wp-has-aspect-ratio\"><div class=\"wp-block-embed__wrapper\">\n<iframe loading=\"lazy\" title=\"UNDECEX\" width=\"840\" height=\"473\" src=\"https:\/\/www.youtube.com\/embed\/Aesb43aWcd0?feature=oembed\" frameborder=\"0\" allow=\"accelerometer; autoplay; clipboard-write; encrypted-media; gyroscope; picture-in-picture\" allowfullscreen><\/iframe>\n<\/div><\/figure>\n\n\n\n<div class=\"printfriendly pf-button  pf-alignleft\">\n                    <a href=\"https:\/\/www.undetec.com\/blog\/undecex\/?pfstyle=wp\" rel=\"nofollow\" onclick=\"\" title=\"Printer Friendly, PDF & Email\">\n                    <img decoding=\"async\" class=\"pf-button-img\" src=\"https:\/\/cdn.printfriendly.com\/buttons\/printfriendly-pdf-button-nobg-md.png\" alt=\"Print Friendly, PDF & Email\" style=\"width: 124px;height: 30px;\"  \/>\n                    <\/a>\n                <\/div>\n\n\n\n<h2 class=\"wp-block-heading\">Introducci\u00f3<\/h2>\n\n\n\n<p>La cistella semi-robotitzada penja d\u2019un circuit de rails muntats al sostre de la granja i est\u00e0 governada per un m\u00f2dul electr\u00f2nic sensoritzat equipat d\u2019una electr\u00f2nica interna i una externa que comuniquen inal\u00e0mbricament. <\/p>\n\n\n\n<p>L&#8217;electr\u00f2nica interna detecta i llegeix autom\u00e0ticament les dades dels animals, i tamb\u00e9 rep instruccions per comandament a dist\u00e0ncia utilitzat per la persona que gestioni la cistella. Les dades es publiquen i s\u2019actualitzen a Internet i s\u2019emmagatzemen en servidors iCloud per consultes privades.<\/p>\n\n\n\n<p> Les funcions de la cistella s\u00f3n les d\u2019acompanyar al personal en la recollida de la mortalitat, pesar, contar, descarregar, carregar, localitzar, detectar, transportar, avan\u00e7ar, parar, assistir, transmetre i rebre dades sense fils entre altres. <\/p>\n\n\n\n<p>UNDECEX disposa de 4 velocitats en cada sentit de marxa, per poder escollir la que m\u00e9s s&#8217;adapti a cada necessitat.<\/p>\n\n\n\n<h3 class=\"wp-block-heading\">Carril<\/h3>\n\n\n\n<p>UNDECEX necessita una estructura de carril, de circuit tancat, al sostre de la granja per poder despla\u00e7ar-se. <\/p>\n\n\n\n<p>Tipus:<\/p>\n\n\n\n<h4 class=\"wp-block-heading\">Caracter\u00edstiques t\u00e8cniques Carril<\/h4>\n\n\n\n<figure class=\"wp-block-table is-style-stripes\"><table><tbody><tr><td>Carril:<\/td><td>Tub galvanitzat 50x20x1,5<\/td><\/tr><tr><td>Uni\u00f3:<\/td><td>Tipus C<\/td><\/tr><tr><td>Suport:<\/td><td>J<\/td><\/tr><tr><td>Pes m\u00e0xim suportat:<\/td><td>80 kg<\/td><\/tr><tr><td>Al\u00e7ada Carril des de terra:<\/td><td>260 cm<\/td><\/tr><tr><td>Forma:<\/td><td>circular, ziga-zaga<\/td><\/tr><\/tbody><\/table><figcaption>Caracter\u00edstiques t\u00e9cniques Carril<\/figcaption><\/figure>\n\n\n\n<h2 class=\"wp-block-heading\">Caracter\u00edstiques t\u00e8cniques UNDECEX<\/h2>\n\n\n\n<figure class=\"wp-block-table is-style-stripes\"><table><tbody><tr><td>Durada bateria:<\/td><td>Mode b\u00e0scula: 48h<br>Mode recollidor:  2h <\/td><\/tr><tr><td>Pes:<br><\/td><td>ESTRUCTURA:  ?? kg<br>CISTELLA: 10 kg<br>TOTAL:  ?? kg<\/td><\/tr><tr><td>Sentits de marxa:<\/td><td>2. Endavant \/ enrera<\/td><\/tr><tr><td>Velocitats:<\/td><td>4 velocitats en cada sentit de marxa<\/td><\/tr><tr><td>C\u00e0rrega m\u00e0xima <\/td><td>40 kg<\/td><\/tr><\/tbody><\/table><figcaption>Caracter\u00edstiques t\u00e8cniques UNDECEX<\/figcaption><\/figure>\n\n\n\n<h2 class=\"wp-block-heading\">Tecnologia utilitzada<\/h2>\n\n\n\n<p>UNDECEX utilitza una bateria per poder realitzar  les seves funcions i es comunica amb l&#8217;estaci\u00f3 base per radiofreq\u00fc\u00e8ncia. <\/p>\n\n\n\n<p>Amb un comandament a dist\u00e0ncia es pot controlar UNDECEX<\/p>\n\n\n\n<p><strong>Estaci\u00f3 Base<\/strong>. Encarregada de l&#8217;enviament de les dades captades per UNDECEX als servidors UNDETEC.<\/p>\n\n\n\n<h2 class=\"wp-block-heading\">Funcions<\/h2>\n\n\n\n<p>UNDECEX te les funcions b\u00e0siques seg\u00fcents:  <\/p>\n\n\n\n<ul class=\"wp-block-list\"><li>Funci\u00f3 Baixes, Compta, pesa i localitza les baixes.  Aquestes dades s&#8217;envien al Servidor UNDETEC per al seu \u00fas des de l&#8217;aplicaci\u00f3 &#8220;engreixades&#8221;<\/li><li>Funci\u00f3 de desc\u00e0rrega de baixes o material. <\/li><li>Funci\u00f3 de transport, de materials<\/li><li>Enviament de dades al servidor  (Temperatura, Humitat, nivell de bateria i posici\u00f3).  Aquestes dades s&#8217;integren al servei <a href=\"https:\/\/www.undetec.com\/blog\/historics-sensors\/\">Hist\u00f2ric de sensors<\/a>. <\/li><li> Les importants apareixen dins l&#8217;SCADA d&#8217;UNDETEC<\/li><\/ul>\n\n\n\n<p>A part d&#8217;aquestes funcions b\u00e0siques hi podem ficar accessoris.<\/p>\n\n\n\n<p><\/p>\n\n\n\n<h2 class=\"wp-block-heading\">Accessoris UNDECEX<\/h2>\n\n\n\n<h3 class=\"wp-block-heading\">B\u00e0scula de pesar aus<\/h3>\n\n\n\n<div class=\"wp-block-image is-style-rounded\"><figure class=\"alignleft is-resized\"><img decoding=\"async\" src=\"https:\/\/www.undetec.com\/blog\/wp-content\/uploads\/2021\/01\/bascula-undecex-edited.jpg\" alt=\"\" class=\"wp-image-1952\" width=\"271\" height=\"477.631669535284\" srcset=\"https:\/\/www.undetec.com\/blog\/wp-content\/uploads\/2021\/01\/bascula-undecex-edited.jpg 650w, https:\/\/www.undetec.com\/blog\/wp-content\/uploads\/2021\/01\/bascula-undecex-edited-170x300.jpg 170w, https:\/\/www.undetec.com\/blog\/wp-content\/uploads\/2021\/01\/bascula-undecex-edited-580x1024.jpg 580w\" sizes=\"(max-width: 650px) 85vw, 650px\" \/><figcaption>Accessori: B\u00e0scula de pesar aus.  <\/figcaption><\/figure><\/div>\n\n\n\n<p class=\"has-text-align-left\">B\u00e0scula de pesar aus vives.  <\/p>\n\n\n\n<p class=\"has-text-align-left\">Mentre UNDECEX est\u00e0 carregant bateries, es pot activar la funci\u00f3 de b\u00e0scula i anir\u00e0 pesant aus tota l&#8217;estona. <\/p>\n\n\n\n<p>S&#8217;acolla f\u00e0cilment a l&#8217;estructura. No cal Treure la Cistella per utilitzar-la.<\/p>\n\n\n\n<p>Manualment i de manera f\u00e0cil es regula l&#8217;al\u00e7ada desitjada. A partir de 4cm del terra.<\/p>\n\n\n\n<p><\/p>\n\n\n\n<h4 class=\"wp-block-heading\">Caracter\u00edstiques t\u00e8cniques b\u00e0scula<\/h4>\n\n\n\n<figure class=\"wp-block-table is-style-stripes\"><table><tbody><tr><td>Dist\u00e0ncia de la base al Jas:<\/td><td>4 cm<\/td><\/tr><tr><td>Regulaci\u00f3 al\u00e7ada:<\/td><td>Manual<\/td><\/tr><\/tbody><\/table><figcaption>Caracter\u00edstiques t\u00e8cniques b\u00e0scula.<\/figcaption><\/figure>\n\n\n\n<h3 class=\"wp-block-heading\">Tremuja de Mat\u00e8ries<\/h3>\n\n\n\n<div class=\"wp-block-image is-style-rounded\"><figure class=\"alignleft size-large is-resized\"><a href=\"https:\/\/www.undetec.com\/blog\/wp-content\/uploads\/2021\/01\/Repartidor.jpg\"><img loading=\"lazy\" decoding=\"async\" src=\"https:\/\/www.undetec.com\/blog\/wp-content\/uploads\/2021\/01\/Repartidor.jpg\" alt=\"Accessori vibrador, per transportar s\u00f2lids (pinso, serradures, zas i poder fer repartiment activant el vibrador des del comandament a dist\u00e0ncia.\" class=\"wp-image-1955\" width=\"271\" height=\"345\" srcset=\"https:\/\/www.undetec.com\/blog\/wp-content\/uploads\/2021\/01\/Repartidor.jpg 315w, https:\/\/www.undetec.com\/blog\/wp-content\/uploads\/2021\/01\/Repartidor-236x300.jpg 236w\" sizes=\"auto, (max-width: 271px) 85vw, 271px\" \/><\/a><figcaption>Accessori: Tremuja<\/figcaption><\/figure><\/div>\n\n\n\n<p>La tremuja es pot utilitzar per transportar i escampar pinso, Jas o altres productes.<\/p>\n\n\n\n<p>Controlat des del comandament a dist\u00e0ncia.<\/p>\n\n\n\n<p>Porta un acoblament espec\u00edfic per tal de no fer servir la c\u00e8l\u00b7lula de c\u00e0rrega. Es col\u00b7locar\u00e0 al suport superior condicionat per aquest accessori.<\/p>\n\n\n\n<h4 class=\"wp-block-heading\">Caracter\u00edstiques t\u00e8cniques tremuja<\/h4>\n\n\n\n<figure class=\"wp-block-table is-style-stripes\"><table><tbody><tr><td>C\u00e0rrega m\u00e0xima<\/td><td>60 kg<\/td><\/tr><\/tbody><\/table><figcaption>Caracter\u00edstiques t\u00e8cniques tremuja<\/figcaption><\/figure>\n\n\n\n<p><\/p>\n\n\n\n<h2 class=\"wp-block-heading\">Manuals<\/h2>\n\n\n\n<ul class=\"wp-block-list\"><li>Manual d&#8217;Instal\u00b7laci\u00f3 UNDECEX<\/li><li>Manual d&#8217;us UNDECEX<\/li><li><a href=\"https:\/\/www.undetec.com\/blog\/engreixada-intro\/\">Manual gesti\u00f3 engreixada<\/a>.<\/li><li>Manual gesti\u00f3 engreixada: b\u00e0scules.<\/li><li>Manual gesti\u00f3 engreixada:  baixes. <\/li><li><a href=\"https:\/\/www.undetec.com\/blog\/historics-sensors\/\">Manual gesti\u00f3 de sensors<\/a>.<\/li><\/ul>\n\n\n\n<p><\/p>\n\n\n\n<p><\/p>\n\n\n<div class=\"printfriendly pf-button  pf-alignleft\">\n                    <a href=\"https:\/\/www.undetec.com\/blog\/undecex\/?pfstyle=wp\" rel=\"nofollow\" onclick=\"\" title=\"Printer Friendly, PDF & Email\">\n                    <img decoding=\"async\" class=\"pf-button-img\" src=\"https:\/\/cdn.printfriendly.com\/buttons\/printfriendly-pdf-button-nobg-md.png\" alt=\"Print Friendly, PDF & Email\" style=\"width: 124px;height: 30px;\"  \/>\n                    <\/a>\n                <\/div>\n\n\n\n<p><\/p>\n\n\n\n<p><\/p>\n","protected":false},"excerpt":{"rendered":"<p>Cistella-b\u00e0scula semiautom\u00e0tica mecanitzada per al recolliment de la mortalitat (UNDECEX cistella assistent), assistent i mesuradora de dades per a granges av\u00edcoles. Introducci\u00f3 La cistella semi-robotitzada penja d\u2019un circuit de rails muntats al sostre de la granja i est\u00e0 governada per un m\u00f2dul electr\u00f2nic sensoritzat equipat d\u2019una electr\u00f2nica interna i una externa que comuniquen inal\u00e0mbricament. L&#8217;electr\u00f2nica &hellip; <a href=\"https:\/\/www.undetec.com\/blog\/undecex\/\" class=\"more-link\">Continua llegint <span class=\"screen-reader-text\">\u00abUNDECEX\u00bb<\/span><\/a><\/p>\n","protected":false},"author":2,"featured_media":0,"parent":0,"menu_order":0,"comment_status":"closed","ping_status":"closed","template":"","meta":{"footnotes":""},"class_list":["post-1922","page","type-page","status-publish","hentry"],"yoast_head":"<!-- This site is optimized with the Yoast SEO plugin v27.4 - https:\/\/yoast.com\/product\/yoast-seo-wordpress\/ -->\n<title>UNDECEX<\/title>\n<meta name=\"description\" content=\"Cistella-b\u00e0scula semiautom\u00e0tica mecanitzada per al recolliment de la mortalitat (UNDECEX cistella assistent), assistent i mesuradora de dades per a granges av\u00edcoles.\" \/>\n<meta name=\"robots\" content=\"index, follow, max-snippet:-1, max-image-preview:large, max-video-preview:-1\" \/>\n<link rel=\"canonical\" href=\"https:\/\/www.undetec.com\/blog\/undecex\/\" \/>\n<meta property=\"og:locale\" content=\"ca_ES\" \/>\n<meta property=\"og:type\" content=\"article\" \/>\n<meta property=\"og:title\" content=\"UNDECEX\" \/>\n<meta property=\"og:description\" content=\"Cistella-b\u00e0scula semiautom\u00e0tica mecanitzada per al recolliment de la mortalitat (UNDECEX cistella assistent), assistent i mesuradora de dades per a granges av\u00edcoles.\" \/>\n<meta property=\"og:url\" content=\"https:\/\/www.undetec.com\/blog\/undecex\/\" \/>\n<meta property=\"og:site_name\" content=\"UNDETEC\" \/>\n<meta property=\"article:publisher\" content=\"https:\/\/www.facebook.com\/pages\/UNDETEC\/120913354659573\" \/>\n<meta property=\"article:modified_time\" content=\"2021-12-09T23:31:57+00:00\" \/>\n<meta property=\"og:image\" content=\"https:\/\/www.undetec.com\/blog\/wp-content\/uploads\/2021\/01\/bascula-undecex-edited.jpg\" \/>\n<meta name=\"twitter:card\" content=\"summary_large_image\" \/>\n<meta name=\"twitter:label1\" content=\"Temps estimat de lectura\" \/>\n\t<meta name=\"twitter:data1\" content=\"3 minuts\" \/>\n<script type=\"application\/ld+json\" class=\"yoast-schema-graph\">{\"@context\":\"https:\\\/\\\/schema.org\",\"@graph\":[{\"@type\":\"WebPage\",\"@id\":\"https:\\\/\\\/www.undetec.com\\\/blog\\\/undecex\\\/\",\"url\":\"https:\\\/\\\/www.undetec.com\\\/blog\\\/undecex\\\/\",\"name\":\"UNDECEX\",\"isPartOf\":{\"@id\":\"https:\\\/\\\/www.undetec.com\\\/blog\\\/#website\"},\"primaryImageOfPage\":{\"@id\":\"https:\\\/\\\/www.undetec.com\\\/blog\\\/undecex\\\/#primaryimage\"},\"image\":{\"@id\":\"https:\\\/\\\/www.undetec.com\\\/blog\\\/undecex\\\/#primaryimage\"},\"thumbnailUrl\":\"https:\\\/\\\/www.undetec.com\\\/blog\\\/wp-content\\\/uploads\\\/2021\\\/01\\\/bascula-undecex-edited.jpg\",\"datePublished\":\"2020-12-31T13:17:52+00:00\",\"dateModified\":\"2021-12-09T23:31:57+00:00\",\"description\":\"Cistella-b\u00e0scula semiautom\u00e0tica mecanitzada per al recolliment de la mortalitat (UNDECEX cistella assistent), assistent i mesuradora de dades per a granges av\u00edcoles.\",\"breadcrumb\":{\"@id\":\"https:\\\/\\\/www.undetec.com\\\/blog\\\/undecex\\\/#breadcrumb\"},\"inLanguage\":\"ca\",\"potentialAction\":[{\"@type\":\"ReadAction\",\"target\":[\"https:\\\/\\\/www.undetec.com\\\/blog\\\/undecex\\\/\"]}]},{\"@type\":\"ImageObject\",\"inLanguage\":\"ca\",\"@id\":\"https:\\\/\\\/www.undetec.com\\\/blog\\\/undecex\\\/#primaryimage\",\"url\":\"https:\\\/\\\/www.undetec.com\\\/blog\\\/wp-content\\\/uploads\\\/2021\\\/01\\\/bascula-undecex-edited.jpg\",\"contentUrl\":\"https:\\\/\\\/www.undetec.com\\\/blog\\\/wp-content\\\/uploads\\\/2021\\\/01\\\/bascula-undecex-edited.jpg\",\"width\":650,\"height\":1147,\"caption\":\"B\u00e0scula de pesar aus\"},{\"@type\":\"BreadcrumbList\",\"@id\":\"https:\\\/\\\/www.undetec.com\\\/blog\\\/undecex\\\/#breadcrumb\",\"itemListElement\":[{\"@type\":\"ListItem\",\"position\":1,\"name\":\"Inici\",\"item\":\"https:\\\/\\\/www.undetec.com\\\/blog\\\/\"},{\"@type\":\"ListItem\",\"position\":2,\"name\":\"UNDECEX\"}]},{\"@type\":\"WebSite\",\"@id\":\"https:\\\/\\\/www.undetec.com\\\/blog\\\/#website\",\"url\":\"https:\\\/\\\/www.undetec.com\\\/blog\\\/\",\"name\":\"UNDETEC\",\"description\":\"UNI\u00d3 DE TECNOLOGIES\",\"publisher\":{\"@id\":\"https:\\\/\\\/www.undetec.com\\\/blog\\\/#organization\"},\"potentialAction\":[{\"@type\":\"SearchAction\",\"target\":{\"@type\":\"EntryPoint\",\"urlTemplate\":\"https:\\\/\\\/www.undetec.com\\\/blog\\\/?s={search_term_string}\"},\"query-input\":{\"@type\":\"PropertyValueSpecification\",\"valueRequired\":true,\"valueName\":\"search_term_string\"}}],\"inLanguage\":\"ca\"},{\"@type\":\"Organization\",\"@id\":\"https:\\\/\\\/www.undetec.com\\\/blog\\\/#organization\",\"name\":\"UNDETEC\",\"url\":\"https:\\\/\\\/www.undetec.com\\\/blog\\\/\",\"logo\":{\"@type\":\"ImageObject\",\"inLanguage\":\"ca\",\"@id\":\"https:\\\/\\\/www.undetec.com\\\/blog\\\/#\\\/schema\\\/logo\\\/image\\\/\",\"url\":\"https:\\\/\\\/www.undetec.com\\\/blog\\\/wp-content\\\/uploads\\\/2016\\\/11\\\/undetec_logo.gif\",\"contentUrl\":\"https:\\\/\\\/www.undetec.com\\\/blog\\\/wp-content\\\/uploads\\\/2016\\\/11\\\/undetec_logo.gif\",\"width\":154,\"height\":45,\"caption\":\"UNDETEC\"},\"image\":{\"@id\":\"https:\\\/\\\/www.undetec.com\\\/blog\\\/#\\\/schema\\\/logo\\\/image\\\/\"},\"sameAs\":[\"https:\\\/\\\/www.facebook.com\\\/pages\\\/UNDETEC\\\/120913354659573\"]}]}<\/script>\n<!-- \/ Yoast SEO plugin. -->","yoast_head_json":{"title":"UNDECEX","description":"Cistella-b\u00e0scula semiautom\u00e0tica mecanitzada per al recolliment de la mortalitat (UNDECEX cistella assistent), assistent i mesuradora de dades per a granges av\u00edcoles.","robots":{"index":"index","follow":"follow","max-snippet":"max-snippet:-1","max-image-preview":"max-image-preview:large","max-video-preview":"max-video-preview:-1"},"canonical":"https:\/\/www.undetec.com\/blog\/undecex\/","og_locale":"ca_ES","og_type":"article","og_title":"UNDECEX","og_description":"Cistella-b\u00e0scula semiautom\u00e0tica mecanitzada per al recolliment de la mortalitat (UNDECEX cistella assistent), assistent i mesuradora de dades per a granges av\u00edcoles.","og_url":"https:\/\/www.undetec.com\/blog\/undecex\/","og_site_name":"UNDETEC","article_publisher":"https:\/\/www.facebook.com\/pages\/UNDETEC\/120913354659573","article_modified_time":"2021-12-09T23:31:57+00:00","og_image":[{"url":"https:\/\/www.undetec.com\/blog\/wp-content\/uploads\/2021\/01\/bascula-undecex-edited.jpg","type":"","width":"","height":""}],"twitter_card":"summary_large_image","twitter_misc":{"Temps estimat de lectura":"3 minuts"},"schema":{"@context":"https:\/\/schema.org","@graph":[{"@type":"WebPage","@id":"https:\/\/www.undetec.com\/blog\/undecex\/","url":"https:\/\/www.undetec.com\/blog\/undecex\/","name":"UNDECEX","isPartOf":{"@id":"https:\/\/www.undetec.com\/blog\/#website"},"primaryImageOfPage":{"@id":"https:\/\/www.undetec.com\/blog\/undecex\/#primaryimage"},"image":{"@id":"https:\/\/www.undetec.com\/blog\/undecex\/#primaryimage"},"thumbnailUrl":"https:\/\/www.undetec.com\/blog\/wp-content\/uploads\/2021\/01\/bascula-undecex-edited.jpg","datePublished":"2020-12-31T13:17:52+00:00","dateModified":"2021-12-09T23:31:57+00:00","description":"Cistella-b\u00e0scula semiautom\u00e0tica mecanitzada per al recolliment de la mortalitat (UNDECEX cistella assistent), assistent i mesuradora de dades per a granges av\u00edcoles.","breadcrumb":{"@id":"https:\/\/www.undetec.com\/blog\/undecex\/#breadcrumb"},"inLanguage":"ca","potentialAction":[{"@type":"ReadAction","target":["https:\/\/www.undetec.com\/blog\/undecex\/"]}]},{"@type":"ImageObject","inLanguage":"ca","@id":"https:\/\/www.undetec.com\/blog\/undecex\/#primaryimage","url":"https:\/\/www.undetec.com\/blog\/wp-content\/uploads\/2021\/01\/bascula-undecex-edited.jpg","contentUrl":"https:\/\/www.undetec.com\/blog\/wp-content\/uploads\/2021\/01\/bascula-undecex-edited.jpg","width":650,"height":1147,"caption":"B\u00e0scula de pesar aus"},{"@type":"BreadcrumbList","@id":"https:\/\/www.undetec.com\/blog\/undecex\/#breadcrumb","itemListElement":[{"@type":"ListItem","position":1,"name":"Inici","item":"https:\/\/www.undetec.com\/blog\/"},{"@type":"ListItem","position":2,"name":"UNDECEX"}]},{"@type":"WebSite","@id":"https:\/\/www.undetec.com\/blog\/#website","url":"https:\/\/www.undetec.com\/blog\/","name":"UNDETEC","description":"UNI\u00d3 DE TECNOLOGIES","publisher":{"@id":"https:\/\/www.undetec.com\/blog\/#organization"},"potentialAction":[{"@type":"SearchAction","target":{"@type":"EntryPoint","urlTemplate":"https:\/\/www.undetec.com\/blog\/?s={search_term_string}"},"query-input":{"@type":"PropertyValueSpecification","valueRequired":true,"valueName":"search_term_string"}}],"inLanguage":"ca"},{"@type":"Organization","@id":"https:\/\/www.undetec.com\/blog\/#organization","name":"UNDETEC","url":"https:\/\/www.undetec.com\/blog\/","logo":{"@type":"ImageObject","inLanguage":"ca","@id":"https:\/\/www.undetec.com\/blog\/#\/schema\/logo\/image\/","url":"https:\/\/www.undetec.com\/blog\/wp-content\/uploads\/2016\/11\/undetec_logo.gif","contentUrl":"https:\/\/www.undetec.com\/blog\/wp-content\/uploads\/2016\/11\/undetec_logo.gif","width":154,"height":45,"caption":"UNDETEC"},"image":{"@id":"https:\/\/www.undetec.com\/blog\/#\/schema\/logo\/image\/"},"sameAs":["https:\/\/www.facebook.com\/pages\/UNDETEC\/120913354659573"]}]}},"_links":{"self":[{"href":"https:\/\/www.undetec.com\/blog\/wp-json\/wp\/v2\/pages\/1922","targetHints":{"allow":["GET"]}}],"collection":[{"href":"https:\/\/www.undetec.com\/blog\/wp-json\/wp\/v2\/pages"}],"about":[{"href":"https:\/\/www.undetec.com\/blog\/wp-json\/wp\/v2\/types\/page"}],"author":[{"embeddable":true,"href":"https:\/\/www.undetec.com\/blog\/wp-json\/wp\/v2\/users\/2"}],"replies":[{"embeddable":true,"href":"https:\/\/www.undetec.com\/blog\/wp-json\/wp\/v2\/comments?post=1922"}],"version-history":[{"count":21,"href":"https:\/\/www.undetec.com\/blog\/wp-json\/wp\/v2\/pages\/1922\/revisions"}],"predecessor-version":[{"id":2047,"href":"https:\/\/www.undetec.com\/blog\/wp-json\/wp\/v2\/pages\/1922\/revisions\/2047"}],"wp:attachment":[{"href":"https:\/\/www.undetec.com\/blog\/wp-json\/wp\/v2\/media?parent=1922"}],"curies":[{"name":"wp","href":"https:\/\/api.w.org\/{rel}","templated":true}]}}