{"id":2,"date":"2014-11-29T23:46:56","date_gmt":"2014-11-29T22:46:56","guid":{"rendered":"http:\/\/undetec.com\/blog\/?page_id=2"},"modified":"2018-11-30T13:48:15","modified_gmt":"2018-11-30T12:48:15","slug":"objectiu","status":"publish","type":"page","link":"https:\/\/www.undetec.com\/blog\/objectiu\/","title":{"rendered":"Objectiu"},"content":{"rendered":"\n<p>Donar als nostres clients la possibilitat de tenir controlades les diverses instal\u00b7lacions i propietats des de qualsevol lloc del m\u00f3n \u00e9s, el nostre objectiu. Tant sols amb l&#8217;ajut d&#8217;un m\u00f2bil visualitzem, en directe, diferents parts del negoci, consultem dades hist\u00f2riques i estad\u00edstiques, controlem automatismes, alarmes&#8230;<\/p>\n\n\n\n<p>Ara ja podem viatjar amb la seguretat de poder controlar el que succeeix i el que ha succe\u00eft en el nostre lloc de treball.<\/p>\n\n\n\n<p>Us convidem a que us poseu en <a href=\"\/blog\/contacta\/\">contacte<\/a> amb nosaltres per a qualsevol q\u00fcesti\u00f3 que us interessi.<\/p>\n","protected":false},"excerpt":{"rendered":"<p>Donar als nostres clients la possibilitat de tenir controlades les diverses instal\u00b7lacions i propietats des de qualsevol lloc del m\u00f3n \u00e9s, el nostre objectiu. Tant sols amb l&#8217;ajut d&#8217;un m\u00f2bil visualitzem, en directe, diferents parts del negoci, consultem dades hist\u00f2riques i estad\u00edstiques, controlem automatismes, alarmes&#8230; Ara ja podem viatjar amb la seguretat de poder controlar &hellip; <a href=\"https:\/\/www.undetec.com\/blog\/objectiu\/\" class=\"more-link\">Continua llegint <span class=\"screen-reader-text\">\u00abObjectiu\u00bb<\/span><\/a><\/p>\n","protected":false},"author":2,"featured_media":0,"parent":0,"menu_order":4,"comment_status":"closed","ping_status":"closed","template":"","meta":{"footnotes":""},"class_list":["post-2","page","type-page","status-publish","hentry"],"yoast_head":"<!-- This site is optimized with the Yoast SEO plugin v27.6 - https:\/\/yoast.com\/product\/yoast-seo-wordpress\/ -->\n<title>Objectiu<\/title>\n<meta name=\"description\" content=\"Donar als nostres clients la possibilitat de tenir controlades les diverses instal\u00b7lacions i propietats des de qualsevol lloc del m\u00f3n \u00e9s, el nostre objectiu\" \/>\n<meta name=\"robots\" content=\"index, follow, max-snippet:-1, max-image-preview:large, max-video-preview:-1\" \/>\n<link rel=\"canonical\" href=\"https:\/\/www.undetec.com\/blog\/objectiu\/\" \/>\n<meta property=\"og:locale\" content=\"ca_ES\" \/>\n<meta property=\"og:type\" content=\"article\" \/>\n<meta property=\"og:title\" content=\"Objectiu\" \/>\n<meta property=\"og:description\" content=\"Donar als nostres clients la possibilitat de tenir controlades les diverses instal\u00b7lacions i propietats des de qualsevol lloc del m\u00f3n \u00e9s, el nostre objectiu\" \/>\n<meta property=\"og:url\" content=\"https:\/\/www.undetec.com\/blog\/objectiu\/\" \/>\n<meta property=\"og:site_name\" content=\"UNDETEC\" \/>\n<meta property=\"article:publisher\" content=\"https:\/\/www.facebook.com\/pages\/UNDETEC\/120913354659573\" \/>\n<meta property=\"article:modified_time\" content=\"2018-11-30T12:48:15+00:00\" \/>\n<meta name=\"twitter:card\" content=\"summary_large_image\" \/>\n<script type=\"application\/ld+json\" class=\"yoast-schema-graph\">{\"@context\":\"https:\\\/\\\/schema.org\",\"@graph\":[{\"@type\":\"WebPage\",\"@id\":\"https:\\\/\\\/www.undetec.com\\\/blog\\\/objectiu\\\/\",\"url\":\"https:\\\/\\\/www.undetec.com\\\/blog\\\/objectiu\\\/\",\"name\":\"Objectiu\",\"isPartOf\":{\"@id\":\"https:\\\/\\\/www.undetec.com\\\/blog\\\/#website\"},\"datePublished\":\"2014-11-29T22:46:56+00:00\",\"dateModified\":\"2018-11-30T12:48:15+00:00\",\"description\":\"Donar als nostres clients la possibilitat de tenir controlades les diverses instal\u00b7lacions i propietats des de qualsevol lloc del m\u00f3n \u00e9s, el nostre objectiu\",\"breadcrumb\":{\"@id\":\"https:\\\/\\\/www.undetec.com\\\/blog\\\/objectiu\\\/#breadcrumb\"},\"inLanguage\":\"ca\",\"potentialAction\":[{\"@type\":\"ReadAction\",\"target\":[\"https:\\\/\\\/www.undetec.com\\\/blog\\\/objectiu\\\/\"]}]},{\"@type\":\"BreadcrumbList\",\"@id\":\"https:\\\/\\\/www.undetec.com\\\/blog\\\/objectiu\\\/#breadcrumb\",\"itemListElement\":[{\"@type\":\"ListItem\",\"position\":1,\"name\":\"Inici\",\"item\":\"https:\\\/\\\/www.undetec.com\\\/blog\\\/\"},{\"@type\":\"ListItem\",\"position\":2,\"name\":\"Objectiu\"}]},{\"@type\":\"WebSite\",\"@id\":\"https:\\\/\\\/www.undetec.com\\\/blog\\\/#website\",\"url\":\"https:\\\/\\\/www.undetec.com\\\/blog\\\/\",\"name\":\"UNDETEC\",\"description\":\"UNI\u00d3 DE TECNOLOGIES\",\"publisher\":{\"@id\":\"https:\\\/\\\/www.undetec.com\\\/blog\\\/#organization\"},\"potentialAction\":[{\"@type\":\"SearchAction\",\"target\":{\"@type\":\"EntryPoint\",\"urlTemplate\":\"https:\\\/\\\/www.undetec.com\\\/blog\\\/?s={search_term_string}\"},\"query-input\":{\"@type\":\"PropertyValueSpecification\",\"valueRequired\":true,\"valueName\":\"search_term_string\"}}],\"inLanguage\":\"ca\"},{\"@type\":\"Organization\",\"@id\":\"https:\\\/\\\/www.undetec.com\\\/blog\\\/#organization\",\"name\":\"UNDETEC\",\"url\":\"https:\\\/\\\/www.undetec.com\\\/blog\\\/\",\"logo\":{\"@type\":\"ImageObject\",\"inLanguage\":\"ca\",\"@id\":\"https:\\\/\\\/www.undetec.com\\\/blog\\\/#\\\/schema\\\/logo\\\/image\\\/\",\"url\":\"https:\\\/\\\/www.undetec.com\\\/blog\\\/wp-content\\\/uploads\\\/2016\\\/11\\\/undetec_logo.gif\",\"contentUrl\":\"https:\\\/\\\/www.undetec.com\\\/blog\\\/wp-content\\\/uploads\\\/2016\\\/11\\\/undetec_logo.gif\",\"width\":154,\"height\":45,\"caption\":\"UNDETEC\"},\"image\":{\"@id\":\"https:\\\/\\\/www.undetec.com\\\/blog\\\/#\\\/schema\\\/logo\\\/image\\\/\"},\"sameAs\":[\"https:\\\/\\\/www.facebook.com\\\/pages\\\/UNDETEC\\\/120913354659573\"]}]}<\/script>\n<!-- \/ Yoast SEO plugin. -->","yoast_head_json":{"title":"Objectiu","description":"Donar als nostres clients la possibilitat de tenir controlades les diverses instal\u00b7lacions i propietats des de qualsevol lloc del m\u00f3n \u00e9s, el nostre objectiu","robots":{"index":"index","follow":"follow","max-snippet":"max-snippet:-1","max-image-preview":"max-image-preview:large","max-video-preview":"max-video-preview:-1"},"canonical":"https:\/\/www.undetec.com\/blog\/objectiu\/","og_locale":"ca_ES","og_type":"article","og_title":"Objectiu","og_description":"Donar als nostres clients la possibilitat de tenir controlades les diverses instal\u00b7lacions i propietats des de qualsevol lloc del m\u00f3n \u00e9s, el nostre objectiu","og_url":"https:\/\/www.undetec.com\/blog\/objectiu\/","og_site_name":"UNDETEC","article_publisher":"https:\/\/www.facebook.com\/pages\/UNDETEC\/120913354659573","article_modified_time":"2018-11-30T12:48:15+00:00","twitter_card":"summary_large_image","schema":{"@context":"https:\/\/schema.org","@graph":[{"@type":"WebPage","@id":"https:\/\/www.undetec.com\/blog\/objectiu\/","url":"https:\/\/www.undetec.com\/blog\/objectiu\/","name":"Objectiu","isPartOf":{"@id":"https:\/\/www.undetec.com\/blog\/#website"},"datePublished":"2014-11-29T22:46:56+00:00","dateModified":"2018-11-30T12:48:15+00:00","description":"Donar als nostres clients la possibilitat de tenir controlades les diverses instal\u00b7lacions i propietats des de qualsevol lloc del m\u00f3n \u00e9s, el nostre objectiu","breadcrumb":{"@id":"https:\/\/www.undetec.com\/blog\/objectiu\/#breadcrumb"},"inLanguage":"ca","potentialAction":[{"@type":"ReadAction","target":["https:\/\/www.undetec.com\/blog\/objectiu\/"]}]},{"@type":"BreadcrumbList","@id":"https:\/\/www.undetec.com\/blog\/objectiu\/#breadcrumb","itemListElement":[{"@type":"ListItem","position":1,"name":"Inici","item":"https:\/\/www.undetec.com\/blog\/"},{"@type":"ListItem","position":2,"name":"Objectiu"}]},{"@type":"WebSite","@id":"https:\/\/www.undetec.com\/blog\/#website","url":"https:\/\/www.undetec.com\/blog\/","name":"UNDETEC","description":"UNI\u00d3 DE TECNOLOGIES","publisher":{"@id":"https:\/\/www.undetec.com\/blog\/#organization"},"potentialAction":[{"@type":"SearchAction","target":{"@type":"EntryPoint","urlTemplate":"https:\/\/www.undetec.com\/blog\/?s={search_term_string}"},"query-input":{"@type":"PropertyValueSpecification","valueRequired":true,"valueName":"search_term_string"}}],"inLanguage":"ca"},{"@type":"Organization","@id":"https:\/\/www.undetec.com\/blog\/#organization","name":"UNDETEC","url":"https:\/\/www.undetec.com\/blog\/","logo":{"@type":"ImageObject","inLanguage":"ca","@id":"https:\/\/www.undetec.com\/blog\/#\/schema\/logo\/image\/","url":"https:\/\/www.undetec.com\/blog\/wp-content\/uploads\/2016\/11\/undetec_logo.gif","contentUrl":"https:\/\/www.undetec.com\/blog\/wp-content\/uploads\/2016\/11\/undetec_logo.gif","width":154,"height":45,"caption":"UNDETEC"},"image":{"@id":"https:\/\/www.undetec.com\/blog\/#\/schema\/logo\/image\/"},"sameAs":["https:\/\/www.facebook.com\/pages\/UNDETEC\/120913354659573"]}]}},"_links":{"self":[{"href":"https:\/\/www.undetec.com\/blog\/wp-json\/wp\/v2\/pages\/2","targetHints":{"allow":["GET"]}}],"collection":[{"href":"https:\/\/www.undetec.com\/blog\/wp-json\/wp\/v2\/pages"}],"about":[{"href":"https:\/\/www.undetec.com\/blog\/wp-json\/wp\/v2\/types\/page"}],"author":[{"embeddable":true,"href":"https:\/\/www.undetec.com\/blog\/wp-json\/wp\/v2\/users\/2"}],"replies":[{"embeddable":true,"href":"https:\/\/www.undetec.com\/blog\/wp-json\/wp\/v2\/comments?post=2"}],"version-history":[{"count":6,"href":"https:\/\/www.undetec.com\/blog\/wp-json\/wp\/v2\/pages\/2\/revisions"}],"predecessor-version":[{"id":1610,"href":"https:\/\/www.undetec.com\/blog\/wp-json\/wp\/v2\/pages\/2\/revisions\/1610"}],"wp:attachment":[{"href":"https:\/\/www.undetec.com\/blog\/wp-json\/wp\/v2\/media?parent=2"}],"curies":[{"name":"wp","href":"https:\/\/api.w.org\/{rel}","templated":true}]}}