{"id":2004,"date":"2021-12-08T01:48:31","date_gmt":"2021-12-08T00:48:31","guid":{"rendered":"https:\/\/www.undetec.com\/blog\/?page_id=2004"},"modified":"2021-12-08T01:59:16","modified_gmt":"2021-12-08T00:59:16","slug":"scada","status":"publish","type":"page","link":"https:\/\/www.undetec.com\/blog\/scada\/","title":{"rendered":"SCADA"},"content":{"rendered":"\n<h2 class=\"wp-block-heading\">Introducci\u00f3<\/h2>\n\n\n\n<p><em><strong><span id=\"wiki-tooltip-1\" data-tooltip-content=\"#wiki-tooltip-box-1\" data-wiki_num=\"1\" data-wiki_id=\"380975\" data-wiki_title=\"SCADA\" data-wiki_section=\"\" data-wiki_base_url=\"https:\/\/ca.wikipedia.org\/w\/api.php\" data-wiki_url=\"https:\/\/ca.wikipedia.org\/wiki\/SCADA\" data-wiki_thumbnail=\"default\" data-wiki_nonce=\"1b010d5be8\"><a class=\"wiki-tooltip\" href=\"https:\/\/ca.wikipedia.org\/wiki\/SCADA\" target=\"_blank\" rel=\"noopener noreferrer\" onclick=\"return isClickEnabled( 'hover', 'none' );\">SCADA<\/a><\/span><\/strong><\/em> pertany al <a href=\"https:\/\/www.undetec.com\/blog\/servei-undetec-automatismes\/\">servei automatismes<\/a>, i ens permet veure i controlar  en temps real la nostra instal\u00b7laci\u00f3.<\/p>\n\n\n\n<h2 class=\"wp-block-heading\">Caracter\u00edstiques<\/h2>\n\n\n\n<p>Adaptada a qualsevol dispositiu i optimitzada perqu\u00e8 sigui \u00e0gil.<\/p>\n\n\n\n<p>La informaci\u00f3 que apareix es pot adaptar a cada client.  <\/p>\n\n\n\n<p>El primer que es veu en entrar a http:\/\/www.undetec.com\/privat \u00e9s l&#8217;SCADA.  \u00e9s el centre de control de tota la instal\u00b7laci\u00f3. <\/p>\n\n\n\n<h2 class=\"wp-block-heading\">Menu principal<\/h2>\n\n\n\n<figure class=\"wp-block-image size-large\"><a href=\"https:\/\/www.undetec.com\/blog\/wp-content\/uploads\/2021\/01\/scada_menu.png\"><img loading=\"lazy\" decoding=\"async\" width=\"694\" height=\"118\" src=\"https:\/\/www.undetec.com\/blog\/wp-content\/uploads\/2021\/01\/scada_menu.png\" alt=\"\" class=\"wp-image-2024\" srcset=\"https:\/\/www.undetec.com\/blog\/wp-content\/uploads\/2021\/01\/scada_menu.png 694w, https:\/\/www.undetec.com\/blog\/wp-content\/uploads\/2021\/01\/scada_menu-300x51.png 300w\" sizes=\"auto, (max-width: 694px) 85vw, 694px\" \/><\/a><figcaption>SCADA: Men\u00fa principal.<\/figcaption><\/figure>\n\n\n\n<p><code>C<\/code>  Per configurar<\/p>\n\n\n\n<p><code>X<\/code> Per tancar l&#8217;SCADA<\/p>\n\n\n\n<p><code>Data i hora<\/code> Actual.<\/p>\n\n\n\n<p>Opcions de visualitzaci\u00f3:<\/p>\n\n\n\n<ul class=\"wp-block-list\"><li><code>Comunicacions<\/code>: Estat de les comunicacions i dispositius instal\u00b7lats: <ul><li>Nom\u00e9s Alarmes<\/li><\/ul><\/li><li><code>WebCam<\/code>: ensenya les webcam<\/li><li><code>Silos<\/code>: sitjes<\/li><li><code>Sensors<\/code>: tota clase de sensors. <\/li><li><code>Enlla\u00e7os<\/code>: Informaci\u00f3 <\/li><\/ul>\n\n\n\n<h2 class=\"wp-block-heading\">Configuraci\u00f3<\/h2>\n\n\n\n<p>A configuraci\u00f3 <code>C<\/code> podem fixar el que volem veure cada vegada que entrem a l&#8217;SCADA. <\/p>\n\n\n\n<figure class=\"wp-block-image size-large\"><a href=\"https:\/\/www.undetec.com\/blog\/wp-content\/uploads\/2021\/01\/scada_config.png\"><img loading=\"lazy\" decoding=\"async\" width=\"456\" height=\"643\" src=\"https:\/\/www.undetec.com\/blog\/wp-content\/uploads\/2021\/01\/scada_config.png\" alt=\"\" class=\"wp-image-2025\" srcset=\"https:\/\/www.undetec.com\/blog\/wp-content\/uploads\/2021\/01\/scada_config.png 456w, https:\/\/www.undetec.com\/blog\/wp-content\/uploads\/2021\/01\/scada_config-213x300.png 213w\" sizes=\"auto, (max-width: 456px) 85vw, 456px\" \/><\/a><figcaption>SCADA: Configuraci\u00f3<\/figcaption><\/figure>\n\n\n\n<p> <\/p>\n\n\n\n<p><\/p>\n\n\n\n<p><a href=\"https:\/\/www.undetec.com\/blog\/scada-sensors\/\">SCADA Sensors<\/a><\/p>\n\n\n\n<p><a href=\"https:\/\/www.undetec.com\/blog\/scada-engreixada\/\">SCADA engreixades<\/a><\/p>\n\n\n<div class=\"printfriendly pf-button  pf-alignleft\">\n                    <a href=\"https:\/\/www.undetec.com\/blog\/scada\/?pfstyle=wp\" rel=\"nofollow\" onclick=\"\" title=\"Printer Friendly, PDF & Email\">\n                    <img decoding=\"async\" class=\"pf-button-img\" src=\"https:\/\/cdn.printfriendly.com\/buttons\/printfriendly-pdf-button-nobg-md.png\" alt=\"Print Friendly, PDF & Email\" style=\"width: 124px;height: 30px;\"  \/>\n                    <\/a>\n                <\/div>\n\n\n\n<p><\/p>\n","protected":false},"excerpt":{"rendered":"<p>Introducci\u00f3 pertany al servei automatismes, i ens permet veure i controlar en temps real la nostra instal\u00b7laci\u00f3. Caracter\u00edstiques Adaptada a qualsevol dispositiu i optimitzada perqu\u00e8 sigui \u00e0gil. La informaci\u00f3 que apareix es pot adaptar a cada client. El primer que es veu en entrar a http:\/\/www.undetec.com\/privat \u00e9s l&#8217;SCADA. \u00e9s el centre de control de tota &hellip; <a href=\"https:\/\/www.undetec.com\/blog\/scada\/\" class=\"more-link\">Continua llegint <span class=\"screen-reader-text\">\u00abSCADA\u00bb<\/span><\/a><\/p>\n","protected":false},"author":2,"featured_media":0,"parent":0,"menu_order":0,"comment_status":"closed","ping_status":"closed","template":"","meta":{"footnotes":""},"class_list":["post-2004","page","type-page","status-publish","hentry"],"yoast_head":"<!-- This site is optimized with the Yoast SEO plugin v27.6 - https:\/\/yoast.com\/product\/yoast-seo-wordpress\/ -->\n<title>SCADA<\/title>\n<meta name=\"robots\" content=\"index, follow, max-snippet:-1, max-image-preview:large, max-video-preview:-1\" \/>\n<link rel=\"canonical\" href=\"https:\/\/www.undetec.com\/blog\/scada\/\" \/>\n<meta property=\"og:locale\" content=\"ca_ES\" \/>\n<meta property=\"og:type\" content=\"article\" \/>\n<meta property=\"og:title\" content=\"SCADA\" \/>\n<meta property=\"og:description\" content=\"Introducci\u00f3 pertany al servei automatismes, i ens permet veure i controlar en temps real la nostra instal\u00b7laci\u00f3. Caracter\u00edstiques Adaptada a qualsevol dispositiu i optimitzada perqu\u00e8 sigui \u00e0gil. La informaci\u00f3 que apareix es pot adaptar a cada client. El primer que es veu en entrar a http:\/\/www.undetec.com\/privat \u00e9s l&#8217;SCADA. \u00e9s el centre de control de tota &hellip; Continua llegint \u00abSCADA\u00bb\" \/>\n<meta property=\"og:url\" content=\"https:\/\/www.undetec.com\/blog\/scada\/\" \/>\n<meta property=\"og:site_name\" content=\"UNDETEC\" \/>\n<meta property=\"article:publisher\" content=\"https:\/\/www.facebook.com\/pages\/UNDETEC\/120913354659573\" \/>\n<meta property=\"article:modified_time\" content=\"2021-12-08T00:59:16+00:00\" \/>\n<meta property=\"og:image\" content=\"https:\/\/www.undetec.com\/blog\/wp-content\/uploads\/2021\/01\/scada_menu.png\" \/>\n<meta name=\"twitter:card\" content=\"summary_large_image\" \/>\n<meta name=\"twitter:label1\" content=\"Temps estimat de lectura\" \/>\n\t<meta name=\"twitter:data1\" content=\"1 minut\" \/>\n<script type=\"application\/ld+json\" class=\"yoast-schema-graph\">{\"@context\":\"https:\\\/\\\/schema.org\",\"@graph\":[{\"@type\":\"WebPage\",\"@id\":\"https:\\\/\\\/www.undetec.com\\\/blog\\\/scada\\\/\",\"url\":\"https:\\\/\\\/www.undetec.com\\\/blog\\\/scada\\\/\",\"name\":\"SCADA\",\"isPartOf\":{\"@id\":\"https:\\\/\\\/www.undetec.com\\\/blog\\\/#website\"},\"primaryImageOfPage\":{\"@id\":\"https:\\\/\\\/www.undetec.com\\\/blog\\\/scada\\\/#primaryimage\"},\"image\":{\"@id\":\"https:\\\/\\\/www.undetec.com\\\/blog\\\/scada\\\/#primaryimage\"},\"thumbnailUrl\":\"https:\\\/\\\/www.undetec.com\\\/blog\\\/wp-content\\\/uploads\\\/2021\\\/01\\\/scada_menu.png\",\"datePublished\":\"2021-12-08T00:48:31+00:00\",\"dateModified\":\"2021-12-08T00:59:16+00:00\",\"breadcrumb\":{\"@id\":\"https:\\\/\\\/www.undetec.com\\\/blog\\\/scada\\\/#breadcrumb\"},\"inLanguage\":\"ca\",\"potentialAction\":[{\"@type\":\"ReadAction\",\"target\":[\"https:\\\/\\\/www.undetec.com\\\/blog\\\/scada\\\/\"]}]},{\"@type\":\"ImageObject\",\"inLanguage\":\"ca\",\"@id\":\"https:\\\/\\\/www.undetec.com\\\/blog\\\/scada\\\/#primaryimage\",\"url\":\"https:\\\/\\\/www.undetec.com\\\/blog\\\/wp-content\\\/uploads\\\/2021\\\/01\\\/scada_menu.png\",\"contentUrl\":\"https:\\\/\\\/www.undetec.com\\\/blog\\\/wp-content\\\/uploads\\\/2021\\\/01\\\/scada_menu.png\",\"width\":694,\"height\":118},{\"@type\":\"BreadcrumbList\",\"@id\":\"https:\\\/\\\/www.undetec.com\\\/blog\\\/scada\\\/#breadcrumb\",\"itemListElement\":[{\"@type\":\"ListItem\",\"position\":1,\"name\":\"Inici\",\"item\":\"https:\\\/\\\/www.undetec.com\\\/blog\\\/\"},{\"@type\":\"ListItem\",\"position\":2,\"name\":\"SCADA\"}]},{\"@type\":\"WebSite\",\"@id\":\"https:\\\/\\\/www.undetec.com\\\/blog\\\/#website\",\"url\":\"https:\\\/\\\/www.undetec.com\\\/blog\\\/\",\"name\":\"UNDETEC\",\"description\":\"UNI\u00d3 DE TECNOLOGIES\",\"publisher\":{\"@id\":\"https:\\\/\\\/www.undetec.com\\\/blog\\\/#organization\"},\"potentialAction\":[{\"@type\":\"SearchAction\",\"target\":{\"@type\":\"EntryPoint\",\"urlTemplate\":\"https:\\\/\\\/www.undetec.com\\\/blog\\\/?s={search_term_string}\"},\"query-input\":{\"@type\":\"PropertyValueSpecification\",\"valueRequired\":true,\"valueName\":\"search_term_string\"}}],\"inLanguage\":\"ca\"},{\"@type\":\"Organization\",\"@id\":\"https:\\\/\\\/www.undetec.com\\\/blog\\\/#organization\",\"name\":\"UNDETEC\",\"url\":\"https:\\\/\\\/www.undetec.com\\\/blog\\\/\",\"logo\":{\"@type\":\"ImageObject\",\"inLanguage\":\"ca\",\"@id\":\"https:\\\/\\\/www.undetec.com\\\/blog\\\/#\\\/schema\\\/logo\\\/image\\\/\",\"url\":\"https:\\\/\\\/www.undetec.com\\\/blog\\\/wp-content\\\/uploads\\\/2016\\\/11\\\/undetec_logo.gif\",\"contentUrl\":\"https:\\\/\\\/www.undetec.com\\\/blog\\\/wp-content\\\/uploads\\\/2016\\\/11\\\/undetec_logo.gif\",\"width\":154,\"height\":45,\"caption\":\"UNDETEC\"},\"image\":{\"@id\":\"https:\\\/\\\/www.undetec.com\\\/blog\\\/#\\\/schema\\\/logo\\\/image\\\/\"},\"sameAs\":[\"https:\\\/\\\/www.facebook.com\\\/pages\\\/UNDETEC\\\/120913354659573\"]}]}<\/script>\n<!-- \/ Yoast SEO plugin. -->","yoast_head_json":{"title":"SCADA","robots":{"index":"index","follow":"follow","max-snippet":"max-snippet:-1","max-image-preview":"max-image-preview:large","max-video-preview":"max-video-preview:-1"},"canonical":"https:\/\/www.undetec.com\/blog\/scada\/","og_locale":"ca_ES","og_type":"article","og_title":"SCADA","og_description":"Introducci\u00f3 pertany al servei automatismes, i ens permet veure i controlar en temps real la nostra instal\u00b7laci\u00f3. Caracter\u00edstiques Adaptada a qualsevol dispositiu i optimitzada perqu\u00e8 sigui \u00e0gil. La informaci\u00f3 que apareix es pot adaptar a cada client. El primer que es veu en entrar a http:\/\/www.undetec.com\/privat \u00e9s l&#8217;SCADA. \u00e9s el centre de control de tota &hellip; Continua llegint \u00abSCADA\u00bb","og_url":"https:\/\/www.undetec.com\/blog\/scada\/","og_site_name":"UNDETEC","article_publisher":"https:\/\/www.facebook.com\/pages\/UNDETEC\/120913354659573","article_modified_time":"2021-12-08T00:59:16+00:00","og_image":[{"url":"https:\/\/www.undetec.com\/blog\/wp-content\/uploads\/2021\/01\/scada_menu.png","type":"","width":"","height":""}],"twitter_card":"summary_large_image","twitter_misc":{"Temps estimat de lectura":"1 minut"},"schema":{"@context":"https:\/\/schema.org","@graph":[{"@type":"WebPage","@id":"https:\/\/www.undetec.com\/blog\/scada\/","url":"https:\/\/www.undetec.com\/blog\/scada\/","name":"SCADA","isPartOf":{"@id":"https:\/\/www.undetec.com\/blog\/#website"},"primaryImageOfPage":{"@id":"https:\/\/www.undetec.com\/blog\/scada\/#primaryimage"},"image":{"@id":"https:\/\/www.undetec.com\/blog\/scada\/#primaryimage"},"thumbnailUrl":"https:\/\/www.undetec.com\/blog\/wp-content\/uploads\/2021\/01\/scada_menu.png","datePublished":"2021-12-08T00:48:31+00:00","dateModified":"2021-12-08T00:59:16+00:00","breadcrumb":{"@id":"https:\/\/www.undetec.com\/blog\/scada\/#breadcrumb"},"inLanguage":"ca","potentialAction":[{"@type":"ReadAction","target":["https:\/\/www.undetec.com\/blog\/scada\/"]}]},{"@type":"ImageObject","inLanguage":"ca","@id":"https:\/\/www.undetec.com\/blog\/scada\/#primaryimage","url":"https:\/\/www.undetec.com\/blog\/wp-content\/uploads\/2021\/01\/scada_menu.png","contentUrl":"https:\/\/www.undetec.com\/blog\/wp-content\/uploads\/2021\/01\/scada_menu.png","width":694,"height":118},{"@type":"BreadcrumbList","@id":"https:\/\/www.undetec.com\/blog\/scada\/#breadcrumb","itemListElement":[{"@type":"ListItem","position":1,"name":"Inici","item":"https:\/\/www.undetec.com\/blog\/"},{"@type":"ListItem","position":2,"name":"SCADA"}]},{"@type":"WebSite","@id":"https:\/\/www.undetec.com\/blog\/#website","url":"https:\/\/www.undetec.com\/blog\/","name":"UNDETEC","description":"UNI\u00d3 DE TECNOLOGIES","publisher":{"@id":"https:\/\/www.undetec.com\/blog\/#organization"},"potentialAction":[{"@type":"SearchAction","target":{"@type":"EntryPoint","urlTemplate":"https:\/\/www.undetec.com\/blog\/?s={search_term_string}"},"query-input":{"@type":"PropertyValueSpecification","valueRequired":true,"valueName":"search_term_string"}}],"inLanguage":"ca"},{"@type":"Organization","@id":"https:\/\/www.undetec.com\/blog\/#organization","name":"UNDETEC","url":"https:\/\/www.undetec.com\/blog\/","logo":{"@type":"ImageObject","inLanguage":"ca","@id":"https:\/\/www.undetec.com\/blog\/#\/schema\/logo\/image\/","url":"https:\/\/www.undetec.com\/blog\/wp-content\/uploads\/2016\/11\/undetec_logo.gif","contentUrl":"https:\/\/www.undetec.com\/blog\/wp-content\/uploads\/2016\/11\/undetec_logo.gif","width":154,"height":45,"caption":"UNDETEC"},"image":{"@id":"https:\/\/www.undetec.com\/blog\/#\/schema\/logo\/image\/"},"sameAs":["https:\/\/www.facebook.com\/pages\/UNDETEC\/120913354659573"]}]}},"_links":{"self":[{"href":"https:\/\/www.undetec.com\/blog\/wp-json\/wp\/v2\/pages\/2004","targetHints":{"allow":["GET"]}}],"collection":[{"href":"https:\/\/www.undetec.com\/blog\/wp-json\/wp\/v2\/pages"}],"about":[{"href":"https:\/\/www.undetec.com\/blog\/wp-json\/wp\/v2\/types\/page"}],"author":[{"embeddable":true,"href":"https:\/\/www.undetec.com\/blog\/wp-json\/wp\/v2\/users\/2"}],"replies":[{"embeddable":true,"href":"https:\/\/www.undetec.com\/blog\/wp-json\/wp\/v2\/comments?post=2004"}],"version-history":[{"count":7,"href":"https:\/\/www.undetec.com\/blog\/wp-json\/wp\/v2\/pages\/2004\/revisions"}],"predecessor-version":[{"id":2026,"href":"https:\/\/www.undetec.com\/blog\/wp-json\/wp\/v2\/pages\/2004\/revisions\/2026"}],"wp:attachment":[{"href":"https:\/\/www.undetec.com\/blog\/wp-json\/wp\/v2\/media?parent=2004"}],"curies":[{"name":"wp","href":"https:\/\/api.w.org\/{rel}","templated":true}]}}