{"id":560,"date":"2015-02-23T15:24:06","date_gmt":"2015-02-23T14:24:06","guid":{"rendered":"http:\/\/undetec.com\/blog\/?page_id=560"},"modified":"2018-11-20T15:07:12","modified_gmt":"2018-11-20T14:07:12","slug":"servei-undetec-control-visual","status":"publish","type":"page","link":"https:\/\/www.undetec.com\/blog\/servei-undetec-control-visual\/","title":{"rendered":"Servei UNDETEC Control Visual"},"content":{"rendered":"\n<div class=\"wp-block-image\"><figure class=\"alignleft\"><img loading=\"lazy\" decoding=\"async\" width=\"138\" height=\"78\" src=\"https:\/\/www.undetec.com\/blog\/wp-content\/uploads\/2015\/02\/control_visual.jpg\" alt=\"Control visual\" class=\"wp-image-611\"\/><\/figure><\/div>\n\n\n\n<p>Des de un tel\u00e8fon m\u00f2bil i tamb\u00e9 des de qualsevol acc\u00e9s a internet i d&#8217;una forma molt senzilla, oferim al servei UNDETEC CONTROL VISUAL.<\/p>\n\n\n\n<p>Visualitzarem les c\u00e0meres web en directe amb la tranquilitat i comoditat de poder-ho fer des de qualsevol lloc del m\u00f3n, i en qualsevol moment del dia.<\/p>\n\n\n\n<p>La pot\u00e8ncia d&#8217;aquest servei ens permet fins i tot moure la c\u00e0mera i aproximar-nos amb el zoom fins a trobar el lloc desitjat per a una visualitzaci\u00f3 perfecta dels esdeveniments. D&#8217;aquesta manera podem veure el que passa en el nostre lloc de treball, oficina, magatzem, granja&#8230;<\/p>\n\n\n\n<p>Podrem utilitzar aquest servei per generar alarmes, en casos indicats. aix\u00ed com si volem fer un tractament en directe de les imatges per extreure informaci\u00f3. Comptador de persones, identificaci\u00f3 de matr\u00edcules, identificaci\u00f3 facial.<br><\/p>\n\n\n\n<div class=\"wp-block-image\"><figure class=\"alignright is-resized\"><img loading=\"lazy\" decoding=\"async\" src=\"https:\/\/www.undetec.com\/blog\/wp-content\/uploads\/2018\/11\/maps-1.jpg\" alt=\"maps.google\" class=\"wp-image-1359\" width=\"320\" height=\"336\"\/><\/figure><\/div>\n\n\n\n<p>Dins el servei UNDETEC CONTROL VISUAL i utilitzant la tecnologia <a href=\"https:\/\/www.google.com\/maps\">maps<\/a> de google oferim la possibilitat d&#8217;ubicar i accedir als sensors que disposem. D&#8217;un sol lloc o de totes les instal\u00b7lacions de que disposem. Podem accedir als hist\u00f2rics de sitges, a\u00a0 les dades de temperatura, humitat, lluminositat, vent, pluja&#8230;.\u00a0 Mirant el mapa veurem si en algun sensor hi ha incid\u00e8ncies a resoldre.<br><\/p>\n\n\n\n<div class=\"wp-block-image\"><figure class=\"alignleft is-resized\"><img loading=\"lazy\" decoding=\"async\" src=\"https:\/\/www.undetec.com\/blog\/wp-content\/uploads\/2016\/01\/image04.jpg\" alt=\"\" class=\"wp-image-872\" width=\"320\" height=\"250\"\/><\/figure><\/div>\n\n\n\n<p>Hi ha la possibilitat de marcar rutes \u00f2ptimes per flotes de vehicles, de geolocalitzar en qualsevol moment aquests vehicles. De saber el temps previst per fer la ruta. <\/p>\n\n\n\n<p>En cas de utilitzar aquesta tecnologia per a flotes de camions repartidors de pinso, unit amb el producte <a href=\"https:\/\/www.undetec.com\/blog\/producte-undetec-control-granja\/\">UNDETEC CONTROL GRANJA<\/a> a mes sabrem el pinso que s&#8217;ha de ficar a cada sitja en la seva ruta.<br><\/p>\n","protected":false},"excerpt":{"rendered":"<p>Des de un tel\u00e8fon m\u00f2bil i tamb\u00e9 des de qualsevol acc\u00e9s a internet i d&#8217;una forma molt senzilla, oferim al servei UNDETEC CONTROL VISUAL. Visualitzarem les c\u00e0meres web en directe amb la tranquilitat i comoditat de poder-ho fer des de qualsevol lloc del m\u00f3n, i en qualsevol moment del dia. La pot\u00e8ncia d&#8217;aquest servei ens &hellip; <a href=\"https:\/\/www.undetec.com\/blog\/servei-undetec-control-visual\/\" class=\"more-link\">Continua llegint <span class=\"screen-reader-text\">\u00abServei UNDETEC Control Visual\u00bb<\/span><\/a><\/p>\n","protected":false},"author":2,"featured_media":0,"parent":0,"menu_order":0,"comment_status":"closed","ping_status":"closed","template":"","meta":{"footnotes":""},"class_list":["post-560","page","type-page","status-publish","hentry"],"yoast_head":"<!-- This site is optimized with the Yoast SEO plugin v27.5 - https:\/\/yoast.com\/product\/yoast-seo-wordpress\/ -->\n<title>Servei UNDETEC Control Visual<\/title>\n<meta name=\"robots\" content=\"index, follow, max-snippet:-1, max-image-preview:large, max-video-preview:-1\" \/>\n<link rel=\"canonical\" href=\"https:\/\/www.undetec.com\/blog\/servei-undetec-control-visual\/\" \/>\n<meta property=\"og:locale\" content=\"ca_ES\" \/>\n<meta property=\"og:type\" content=\"article\" \/>\n<meta property=\"og:title\" content=\"Servei UNDETEC Control Visual\" \/>\n<meta property=\"og:description\" content=\"Des de un tel\u00e8fon m\u00f2bil i tamb\u00e9 des de qualsevol acc\u00e9s a internet i d&#8217;una forma molt senzilla, oferim al servei UNDETEC CONTROL VISUAL. Visualitzarem les c\u00e0meres web en directe amb la tranquilitat i comoditat de poder-ho fer des de qualsevol lloc del m\u00f3n, i en qualsevol moment del dia. La pot\u00e8ncia d&#8217;aquest servei ens &hellip; Continua llegint \u00abServei UNDETEC Control Visual\u00bb\" \/>\n<meta property=\"og:url\" content=\"https:\/\/www.undetec.com\/blog\/servei-undetec-control-visual\/\" \/>\n<meta property=\"og:site_name\" content=\"UNDETEC\" \/>\n<meta property=\"article:publisher\" content=\"https:\/\/www.facebook.com\/pages\/UNDETEC\/120913354659573\" \/>\n<meta property=\"article:modified_time\" content=\"2018-11-20T14:07:12+00:00\" \/>\n<meta property=\"og:image\" content=\"https:\/\/www.undetec.com\/blog\/wp-content\/uploads\/2015\/02\/control_visual.jpg\" \/>\n<meta name=\"twitter:card\" content=\"summary_large_image\" \/>\n<meta name=\"twitter:label1\" content=\"Temps estimat de lectura\" \/>\n\t<meta name=\"twitter:data1\" content=\"1 minut\" \/>\n<script type=\"application\/ld+json\" class=\"yoast-schema-graph\">{\"@context\":\"https:\\\/\\\/schema.org\",\"@graph\":[{\"@type\":\"WebPage\",\"@id\":\"https:\\\/\\\/www.undetec.com\\\/blog\\\/servei-undetec-control-visual\\\/\",\"url\":\"https:\\\/\\\/www.undetec.com\\\/blog\\\/servei-undetec-control-visual\\\/\",\"name\":\"Servei UNDETEC Control Visual\",\"isPartOf\":{\"@id\":\"https:\\\/\\\/www.undetec.com\\\/blog\\\/#website\"},\"primaryImageOfPage\":{\"@id\":\"https:\\\/\\\/www.undetec.com\\\/blog\\\/servei-undetec-control-visual\\\/#primaryimage\"},\"image\":{\"@id\":\"https:\\\/\\\/www.undetec.com\\\/blog\\\/servei-undetec-control-visual\\\/#primaryimage\"},\"thumbnailUrl\":\"https:\\\/\\\/www.undetec.com\\\/blog\\\/wp-content\\\/uploads\\\/2015\\\/02\\\/control_visual.jpg\",\"datePublished\":\"2015-02-23T14:24:06+00:00\",\"dateModified\":\"2018-11-20T14:07:12+00:00\",\"breadcrumb\":{\"@id\":\"https:\\\/\\\/www.undetec.com\\\/blog\\\/servei-undetec-control-visual\\\/#breadcrumb\"},\"inLanguage\":\"ca\",\"potentialAction\":[{\"@type\":\"ReadAction\",\"target\":[\"https:\\\/\\\/www.undetec.com\\\/blog\\\/servei-undetec-control-visual\\\/\"]}]},{\"@type\":\"ImageObject\",\"inLanguage\":\"ca\",\"@id\":\"https:\\\/\\\/www.undetec.com\\\/blog\\\/servei-undetec-control-visual\\\/#primaryimage\",\"url\":\"https:\\\/\\\/www.undetec.com\\\/blog\\\/wp-content\\\/uploads\\\/2015\\\/02\\\/control_visual.jpg\",\"contentUrl\":\"https:\\\/\\\/www.undetec.com\\\/blog\\\/wp-content\\\/uploads\\\/2015\\\/02\\\/control_visual.jpg\",\"width\":138,\"height\":78,\"caption\":\"Del negoci a dist\u00e0ncia. M\u00f2bil = Webcam + Internet\"},{\"@type\":\"BreadcrumbList\",\"@id\":\"https:\\\/\\\/www.undetec.com\\\/blog\\\/servei-undetec-control-visual\\\/#breadcrumb\",\"itemListElement\":[{\"@type\":\"ListItem\",\"position\":1,\"name\":\"Inici\",\"item\":\"https:\\\/\\\/www.undetec.com\\\/blog\\\/\"},{\"@type\":\"ListItem\",\"position\":2,\"name\":\"Servei UNDETEC Control Visual\"}]},{\"@type\":\"WebSite\",\"@id\":\"https:\\\/\\\/www.undetec.com\\\/blog\\\/#website\",\"url\":\"https:\\\/\\\/www.undetec.com\\\/blog\\\/\",\"name\":\"UNDETEC\",\"description\":\"UNI\u00d3 DE TECNOLOGIES\",\"publisher\":{\"@id\":\"https:\\\/\\\/www.undetec.com\\\/blog\\\/#organization\"},\"potentialAction\":[{\"@type\":\"SearchAction\",\"target\":{\"@type\":\"EntryPoint\",\"urlTemplate\":\"https:\\\/\\\/www.undetec.com\\\/blog\\\/?s={search_term_string}\"},\"query-input\":{\"@type\":\"PropertyValueSpecification\",\"valueRequired\":true,\"valueName\":\"search_term_string\"}}],\"inLanguage\":\"ca\"},{\"@type\":\"Organization\",\"@id\":\"https:\\\/\\\/www.undetec.com\\\/blog\\\/#organization\",\"name\":\"UNDETEC\",\"url\":\"https:\\\/\\\/www.undetec.com\\\/blog\\\/\",\"logo\":{\"@type\":\"ImageObject\",\"inLanguage\":\"ca\",\"@id\":\"https:\\\/\\\/www.undetec.com\\\/blog\\\/#\\\/schema\\\/logo\\\/image\\\/\",\"url\":\"https:\\\/\\\/www.undetec.com\\\/blog\\\/wp-content\\\/uploads\\\/2016\\\/11\\\/undetec_logo.gif\",\"contentUrl\":\"https:\\\/\\\/www.undetec.com\\\/blog\\\/wp-content\\\/uploads\\\/2016\\\/11\\\/undetec_logo.gif\",\"width\":154,\"height\":45,\"caption\":\"UNDETEC\"},\"image\":{\"@id\":\"https:\\\/\\\/www.undetec.com\\\/blog\\\/#\\\/schema\\\/logo\\\/image\\\/\"},\"sameAs\":[\"https:\\\/\\\/www.facebook.com\\\/pages\\\/UNDETEC\\\/120913354659573\"]}]}<\/script>\n<!-- \/ Yoast SEO plugin. -->","yoast_head_json":{"title":"Servei UNDETEC Control Visual","robots":{"index":"index","follow":"follow","max-snippet":"max-snippet:-1","max-image-preview":"max-image-preview:large","max-video-preview":"max-video-preview:-1"},"canonical":"https:\/\/www.undetec.com\/blog\/servei-undetec-control-visual\/","og_locale":"ca_ES","og_type":"article","og_title":"Servei UNDETEC Control Visual","og_description":"Des de un tel\u00e8fon m\u00f2bil i tamb\u00e9 des de qualsevol acc\u00e9s a internet i d&#8217;una forma molt senzilla, oferim al servei UNDETEC CONTROL VISUAL. Visualitzarem les c\u00e0meres web en directe amb la tranquilitat i comoditat de poder-ho fer des de qualsevol lloc del m\u00f3n, i en qualsevol moment del dia. La pot\u00e8ncia d&#8217;aquest servei ens &hellip; Continua llegint \u00abServei UNDETEC Control Visual\u00bb","og_url":"https:\/\/www.undetec.com\/blog\/servei-undetec-control-visual\/","og_site_name":"UNDETEC","article_publisher":"https:\/\/www.facebook.com\/pages\/UNDETEC\/120913354659573","article_modified_time":"2018-11-20T14:07:12+00:00","og_image":[{"url":"https:\/\/www.undetec.com\/blog\/wp-content\/uploads\/2015\/02\/control_visual.jpg","type":"","width":"","height":""}],"twitter_card":"summary_large_image","twitter_misc":{"Temps estimat de lectura":"1 minut"},"schema":{"@context":"https:\/\/schema.org","@graph":[{"@type":"WebPage","@id":"https:\/\/www.undetec.com\/blog\/servei-undetec-control-visual\/","url":"https:\/\/www.undetec.com\/blog\/servei-undetec-control-visual\/","name":"Servei UNDETEC Control Visual","isPartOf":{"@id":"https:\/\/www.undetec.com\/blog\/#website"},"primaryImageOfPage":{"@id":"https:\/\/www.undetec.com\/blog\/servei-undetec-control-visual\/#primaryimage"},"image":{"@id":"https:\/\/www.undetec.com\/blog\/servei-undetec-control-visual\/#primaryimage"},"thumbnailUrl":"https:\/\/www.undetec.com\/blog\/wp-content\/uploads\/2015\/02\/control_visual.jpg","datePublished":"2015-02-23T14:24:06+00:00","dateModified":"2018-11-20T14:07:12+00:00","breadcrumb":{"@id":"https:\/\/www.undetec.com\/blog\/servei-undetec-control-visual\/#breadcrumb"},"inLanguage":"ca","potentialAction":[{"@type":"ReadAction","target":["https:\/\/www.undetec.com\/blog\/servei-undetec-control-visual\/"]}]},{"@type":"ImageObject","inLanguage":"ca","@id":"https:\/\/www.undetec.com\/blog\/servei-undetec-control-visual\/#primaryimage","url":"https:\/\/www.undetec.com\/blog\/wp-content\/uploads\/2015\/02\/control_visual.jpg","contentUrl":"https:\/\/www.undetec.com\/blog\/wp-content\/uploads\/2015\/02\/control_visual.jpg","width":138,"height":78,"caption":"Del negoci a dist\u00e0ncia. M\u00f2bil = Webcam + Internet"},{"@type":"BreadcrumbList","@id":"https:\/\/www.undetec.com\/blog\/servei-undetec-control-visual\/#breadcrumb","itemListElement":[{"@type":"ListItem","position":1,"name":"Inici","item":"https:\/\/www.undetec.com\/blog\/"},{"@type":"ListItem","position":2,"name":"Servei UNDETEC Control Visual"}]},{"@type":"WebSite","@id":"https:\/\/www.undetec.com\/blog\/#website","url":"https:\/\/www.undetec.com\/blog\/","name":"UNDETEC","description":"UNI\u00d3 DE TECNOLOGIES","publisher":{"@id":"https:\/\/www.undetec.com\/blog\/#organization"},"potentialAction":[{"@type":"SearchAction","target":{"@type":"EntryPoint","urlTemplate":"https:\/\/www.undetec.com\/blog\/?s={search_term_string}"},"query-input":{"@type":"PropertyValueSpecification","valueRequired":true,"valueName":"search_term_string"}}],"inLanguage":"ca"},{"@type":"Organization","@id":"https:\/\/www.undetec.com\/blog\/#organization","name":"UNDETEC","url":"https:\/\/www.undetec.com\/blog\/","logo":{"@type":"ImageObject","inLanguage":"ca","@id":"https:\/\/www.undetec.com\/blog\/#\/schema\/logo\/image\/","url":"https:\/\/www.undetec.com\/blog\/wp-content\/uploads\/2016\/11\/undetec_logo.gif","contentUrl":"https:\/\/www.undetec.com\/blog\/wp-content\/uploads\/2016\/11\/undetec_logo.gif","width":154,"height":45,"caption":"UNDETEC"},"image":{"@id":"https:\/\/www.undetec.com\/blog\/#\/schema\/logo\/image\/"},"sameAs":["https:\/\/www.facebook.com\/pages\/UNDETEC\/120913354659573"]}]}},"_links":{"self":[{"href":"https:\/\/www.undetec.com\/blog\/wp-json\/wp\/v2\/pages\/560","targetHints":{"allow":["GET"]}}],"collection":[{"href":"https:\/\/www.undetec.com\/blog\/wp-json\/wp\/v2\/pages"}],"about":[{"href":"https:\/\/www.undetec.com\/blog\/wp-json\/wp\/v2\/types\/page"}],"author":[{"embeddable":true,"href":"https:\/\/www.undetec.com\/blog\/wp-json\/wp\/v2\/users\/2"}],"replies":[{"embeddable":true,"href":"https:\/\/www.undetec.com\/blog\/wp-json\/wp\/v2\/comments?post=560"}],"version-history":[{"count":7,"href":"https:\/\/www.undetec.com\/blog\/wp-json\/wp\/v2\/pages\/560\/revisions"}],"predecessor-version":[{"id":1361,"href":"https:\/\/www.undetec.com\/blog\/wp-json\/wp\/v2\/pages\/560\/revisions\/1361"}],"wp:attachment":[{"href":"https:\/\/www.undetec.com\/blog\/wp-json\/wp\/v2\/media?parent=560"}],"curies":[{"name":"wp","href":"https:\/\/api.w.org\/{rel}","templated":true}]}}