{"id":562,"date":"2015-02-23T15:26:56","date_gmt":"2015-02-23T14:26:56","guid":{"rendered":"http:\/\/undetec.com\/blog\/?page_id=562"},"modified":"2025-03-04T23:44:45","modified_gmt":"2025-03-04T22:44:45","slug":"servei-undetec-automatismes","status":"publish","type":"page","link":"https:\/\/www.undetec.com\/blog\/servei-undetec-automatismes\/","title":{"rendered":"Servei UNDETEC Automatismes"},"content":{"rendered":"<div class=\"wp-block-image\">\n<figure class=\"alignleft\"><a href=\"\/blog\/wp-content\/uploads\/2015\/02\/automatismes.jpg\"><img loading=\"lazy\" decoding=\"async\" width=\"138\" height=\"78\" src=\"\/blog\/wp-content\/uploads\/2015\/02\/automatismes.jpg\" alt=\"automatismes\" class=\"wp-image-610\"\/><\/a><\/figure><\/div>\n\n\n<p>En el servei UNDETEC AUTOMATISMES consultem i modifiquem qualsevol automatisme via internet.<\/p>\n\n\n\n<p><\/p>\n\n\n\n<p>Un <a href=\"https:\/\/www.undetec.com\/blog\/scada\/\">SCADA<\/a> amb tots els serveis per veure en directe tota la informaci\u00f3. <\/p>\n\n\n\n<p>D&#8217;aquesta manera ens ser\u00e0 molt f\u00e0cil controlar qualsevol dels sensors de temperatura, humitat, proximitat, volum l\u00edquit i s\u00f2lid, moviment, control d&#8217;energia, control d&#8217;acc\u00e8s&#8230; Podem obrir i tancar llums, calefacci\u00f3, aire condicionat, pujar i baixar finestres&#8230; Controlar tots els sistemes de forma autom\u00e0tica i manual, consultant i modificant, ja no es cap problema poder-ho fer des de qualsevol terminal internet i tamb\u00e9 des de m\u00f2bil.<\/p>\n\n\n\n<p><\/p>\n","protected":false},"excerpt":{"rendered":"<p>En el servei UNDETEC AUTOMATISMES consultem i modifiquem qualsevol automatisme via internet. Un SCADA amb tots els serveis per veure en directe tota la informaci\u00f3. D&#8217;aquesta manera ens ser\u00e0 molt f\u00e0cil controlar qualsevol dels sensors de temperatura, humitat, proximitat, volum l\u00edquit i s\u00f2lid, moviment, control d&#8217;energia, control d&#8217;acc\u00e8s&#8230; Podem obrir i tancar llums, calefacci\u00f3, aire &hellip; <a href=\"https:\/\/www.undetec.com\/blog\/servei-undetec-automatismes\/\" class=\"more-link\">Continua llegint <span class=\"screen-reader-text\">\u00abServei UNDETEC Automatismes\u00bb<\/span><\/a><\/p>\n","protected":false},"author":2,"featured_media":0,"parent":0,"menu_order":0,"comment_status":"closed","ping_status":"closed","template":"","meta":{"footnotes":""},"class_list":["post-562","page","type-page","status-publish","hentry"],"yoast_head":"<!-- This site is optimized with the Yoast SEO plugin v27.6 - https:\/\/yoast.com\/product\/yoast-seo-wordpress\/ -->\n<title>Servei UNDETEC Automatismes<\/title>\n<meta name=\"description\" content=\"En el servei UNDETEC AUTOMATISMES consultem i modifiquem qualsevol automatisme via internet.\" \/>\n<meta name=\"robots\" content=\"index, follow, max-snippet:-1, max-image-preview:large, max-video-preview:-1\" \/>\n<link rel=\"canonical\" href=\"https:\/\/www.undetec.com\/blog\/servei-undetec-automatismes\/\" \/>\n<meta property=\"og:locale\" content=\"ca_ES\" \/>\n<meta property=\"og:type\" content=\"article\" \/>\n<meta property=\"og:title\" content=\"Servei UNDETEC Automatismes\" \/>\n<meta property=\"og:description\" content=\"En el servei UNDETEC AUTOMATISMES consultem i modifiquem qualsevol automatisme via internet.\" \/>\n<meta property=\"og:url\" content=\"https:\/\/www.undetec.com\/blog\/servei-undetec-automatismes\/\" \/>\n<meta property=\"og:site_name\" content=\"UNDETEC\" \/>\n<meta property=\"article:publisher\" content=\"https:\/\/www.facebook.com\/pages\/UNDETEC\/120913354659573\" \/>\n<meta property=\"article:modified_time\" content=\"2025-03-04T22:44:45+00:00\" \/>\n<meta name=\"twitter:card\" content=\"summary_large_image\" \/>\n<meta name=\"twitter:label1\" content=\"Temps estimat de lectura\" \/>\n\t<meta name=\"twitter:data1\" content=\"1 minut\" \/>\n<script type=\"application\/ld+json\" class=\"yoast-schema-graph\">{\"@context\":\"https:\\\/\\\/schema.org\",\"@graph\":[{\"@type\":\"WebPage\",\"@id\":\"https:\\\/\\\/www.undetec.com\\\/blog\\\/servei-undetec-automatismes\\\/\",\"url\":\"https:\\\/\\\/www.undetec.com\\\/blog\\\/servei-undetec-automatismes\\\/\",\"name\":\"Servei UNDETEC Automatismes\",\"isPartOf\":{\"@id\":\"https:\\\/\\\/www.undetec.com\\\/blog\\\/#website\"},\"datePublished\":\"2015-02-23T14:26:56+00:00\",\"dateModified\":\"2025-03-04T22:44:45+00:00\",\"description\":\"En el servei UNDETEC AUTOMATISMES consultem i modifiquem qualsevol automatisme via internet.\",\"breadcrumb\":{\"@id\":\"https:\\\/\\\/www.undetec.com\\\/blog\\\/servei-undetec-automatismes\\\/#breadcrumb\"},\"inLanguage\":\"ca\",\"potentialAction\":[{\"@type\":\"ReadAction\",\"target\":[\"https:\\\/\\\/www.undetec.com\\\/blog\\\/servei-undetec-automatismes\\\/\"]}]},{\"@type\":\"BreadcrumbList\",\"@id\":\"https:\\\/\\\/www.undetec.com\\\/blog\\\/servei-undetec-automatismes\\\/#breadcrumb\",\"itemListElement\":[{\"@type\":\"ListItem\",\"position\":1,\"name\":\"Inici\",\"item\":\"https:\\\/\\\/www.undetec.com\\\/blog\\\/\"},{\"@type\":\"ListItem\",\"position\":2,\"name\":\"Servei UNDETEC Automatismes\"}]},{\"@type\":\"WebSite\",\"@id\":\"https:\\\/\\\/www.undetec.com\\\/blog\\\/#website\",\"url\":\"https:\\\/\\\/www.undetec.com\\\/blog\\\/\",\"name\":\"UNDETEC\",\"description\":\"UNI\u00d3 DE TECNOLOGIES\",\"publisher\":{\"@id\":\"https:\\\/\\\/www.undetec.com\\\/blog\\\/#organization\"},\"potentialAction\":[{\"@type\":\"SearchAction\",\"target\":{\"@type\":\"EntryPoint\",\"urlTemplate\":\"https:\\\/\\\/www.undetec.com\\\/blog\\\/?s={search_term_string}\"},\"query-input\":{\"@type\":\"PropertyValueSpecification\",\"valueRequired\":true,\"valueName\":\"search_term_string\"}}],\"inLanguage\":\"ca\"},{\"@type\":\"Organization\",\"@id\":\"https:\\\/\\\/www.undetec.com\\\/blog\\\/#organization\",\"name\":\"UNDETEC\",\"url\":\"https:\\\/\\\/www.undetec.com\\\/blog\\\/\",\"logo\":{\"@type\":\"ImageObject\",\"inLanguage\":\"ca\",\"@id\":\"https:\\\/\\\/www.undetec.com\\\/blog\\\/#\\\/schema\\\/logo\\\/image\\\/\",\"url\":\"https:\\\/\\\/www.undetec.com\\\/blog\\\/wp-content\\\/uploads\\\/2016\\\/11\\\/undetec_logo.gif\",\"contentUrl\":\"https:\\\/\\\/www.undetec.com\\\/blog\\\/wp-content\\\/uploads\\\/2016\\\/11\\\/undetec_logo.gif\",\"width\":154,\"height\":45,\"caption\":\"UNDETEC\"},\"image\":{\"@id\":\"https:\\\/\\\/www.undetec.com\\\/blog\\\/#\\\/schema\\\/logo\\\/image\\\/\"},\"sameAs\":[\"https:\\\/\\\/www.facebook.com\\\/pages\\\/UNDETEC\\\/120913354659573\"]}]}<\/script>\n<!-- \/ Yoast SEO plugin. -->","yoast_head_json":{"title":"Servei UNDETEC Automatismes","description":"En el servei UNDETEC AUTOMATISMES consultem i modifiquem qualsevol automatisme via internet.","robots":{"index":"index","follow":"follow","max-snippet":"max-snippet:-1","max-image-preview":"max-image-preview:large","max-video-preview":"max-video-preview:-1"},"canonical":"https:\/\/www.undetec.com\/blog\/servei-undetec-automatismes\/","og_locale":"ca_ES","og_type":"article","og_title":"Servei UNDETEC Automatismes","og_description":"En el servei UNDETEC AUTOMATISMES consultem i modifiquem qualsevol automatisme via internet.","og_url":"https:\/\/www.undetec.com\/blog\/servei-undetec-automatismes\/","og_site_name":"UNDETEC","article_publisher":"https:\/\/www.facebook.com\/pages\/UNDETEC\/120913354659573","article_modified_time":"2025-03-04T22:44:45+00:00","twitter_card":"summary_large_image","twitter_misc":{"Temps estimat de lectura":"1 minut"},"schema":{"@context":"https:\/\/schema.org","@graph":[{"@type":"WebPage","@id":"https:\/\/www.undetec.com\/blog\/servei-undetec-automatismes\/","url":"https:\/\/www.undetec.com\/blog\/servei-undetec-automatismes\/","name":"Servei UNDETEC Automatismes","isPartOf":{"@id":"https:\/\/www.undetec.com\/blog\/#website"},"datePublished":"2015-02-23T14:26:56+00:00","dateModified":"2025-03-04T22:44:45+00:00","description":"En el servei UNDETEC AUTOMATISMES consultem i modifiquem qualsevol automatisme via internet.","breadcrumb":{"@id":"https:\/\/www.undetec.com\/blog\/servei-undetec-automatismes\/#breadcrumb"},"inLanguage":"ca","potentialAction":[{"@type":"ReadAction","target":["https:\/\/www.undetec.com\/blog\/servei-undetec-automatismes\/"]}]},{"@type":"BreadcrumbList","@id":"https:\/\/www.undetec.com\/blog\/servei-undetec-automatismes\/#breadcrumb","itemListElement":[{"@type":"ListItem","position":1,"name":"Inici","item":"https:\/\/www.undetec.com\/blog\/"},{"@type":"ListItem","position":2,"name":"Servei UNDETEC Automatismes"}]},{"@type":"WebSite","@id":"https:\/\/www.undetec.com\/blog\/#website","url":"https:\/\/www.undetec.com\/blog\/","name":"UNDETEC","description":"UNI\u00d3 DE TECNOLOGIES","publisher":{"@id":"https:\/\/www.undetec.com\/blog\/#organization"},"potentialAction":[{"@type":"SearchAction","target":{"@type":"EntryPoint","urlTemplate":"https:\/\/www.undetec.com\/blog\/?s={search_term_string}"},"query-input":{"@type":"PropertyValueSpecification","valueRequired":true,"valueName":"search_term_string"}}],"inLanguage":"ca"},{"@type":"Organization","@id":"https:\/\/www.undetec.com\/blog\/#organization","name":"UNDETEC","url":"https:\/\/www.undetec.com\/blog\/","logo":{"@type":"ImageObject","inLanguage":"ca","@id":"https:\/\/www.undetec.com\/blog\/#\/schema\/logo\/image\/","url":"https:\/\/www.undetec.com\/blog\/wp-content\/uploads\/2016\/11\/undetec_logo.gif","contentUrl":"https:\/\/www.undetec.com\/blog\/wp-content\/uploads\/2016\/11\/undetec_logo.gif","width":154,"height":45,"caption":"UNDETEC"},"image":{"@id":"https:\/\/www.undetec.com\/blog\/#\/schema\/logo\/image\/"},"sameAs":["https:\/\/www.facebook.com\/pages\/UNDETEC\/120913354659573"]}]}},"_links":{"self":[{"href":"https:\/\/www.undetec.com\/blog\/wp-json\/wp\/v2\/pages\/562","targetHints":{"allow":["GET"]}}],"collection":[{"href":"https:\/\/www.undetec.com\/blog\/wp-json\/wp\/v2\/pages"}],"about":[{"href":"https:\/\/www.undetec.com\/blog\/wp-json\/wp\/v2\/types\/page"}],"author":[{"embeddable":true,"href":"https:\/\/www.undetec.com\/blog\/wp-json\/wp\/v2\/users\/2"}],"replies":[{"embeddable":true,"href":"https:\/\/www.undetec.com\/blog\/wp-json\/wp\/v2\/comments?post=562"}],"version-history":[{"count":6,"href":"https:\/\/www.undetec.com\/blog\/wp-json\/wp\/v2\/pages\/562\/revisions"}],"predecessor-version":[{"id":2145,"href":"https:\/\/www.undetec.com\/blog\/wp-json\/wp\/v2\/pages\/562\/revisions\/2145"}],"wp:attachment":[{"href":"https:\/\/www.undetec.com\/blog\/wp-json\/wp\/v2\/media?parent=562"}],"curies":[{"name":"wp","href":"https:\/\/api.w.org\/{rel}","templated":true}]}}