{"id":566,"date":"2015-02-23T15:32:14","date_gmt":"2015-02-23T14:32:14","guid":{"rendered":"http:\/\/undetec.com\/blog\/?page_id=566"},"modified":"2018-12-05T16:07:12","modified_gmt":"2018-12-05T15:07:12","slug":"servei-undetec-historics","status":"publish","type":"page","link":"https:\/\/www.undetec.com\/blog\/servei-undetec-historics\/","title":{"rendered":"Servei UNDETEC Hist\u00f2rics"},"content":{"rendered":"\n<div class=\"wp-block-image\"><figure class=\"alignleft\"><a href=\"\/blog\/wp-content\/uploads\/2015\/02\/historics.jpg\"><img loading=\"lazy\" decoding=\"async\" width=\"138\" height=\"78\" src=\"\/blog\/wp-content\/uploads\/2015\/02\/historics.jpg\" alt=\"Hist\u00f2rics\" class=\"wp-image-613\"\/><\/a><\/figure><\/div>\n\n\n\n<p>En el servei UNDETEC HIST\u00d2RIC oferim, registrar i poder fer les consultes de tot el que ha passat.<\/p>\n\n\n\n<p>Consultem les imatges de qualsevol dia, hora, minut, segon i d\u00e8cima de totes les c\u00e0meres web, o si es vol, tant sols dels moviments que s&#8217;hagin produ\u00eft en un percentatge a el\u00b7legir (entre 1% i 100%) de l&#8217;angle visual de la pantalla de les c\u00e0meres.<\/p>\n\n\n\n<p>Consultem estad\u00edstiques gr\u00e0fiques junt amb el registre de tots els automatismes, sensors, accessos&#8230; a la web, quan s&#8217;han activat, quan temps ha durat&#8230; Qualsevol variaci\u00f3 queda registrada tant si s&#8217;ha fet de forma autom\u00e0tica com manual, l&#8217;usuari, l&#8217;hora, la terminal, l&#8217;adre\u00e7a IP&#8230; Com sempre, tot de f\u00e0cil consulta via internet i m\u00f2bil.<\/p>\n","protected":false},"excerpt":{"rendered":"<p>En el servei UNDETEC HIST\u00d2RIC oferim, registrar i poder fer les consultes de tot el que ha passat. Consultem les imatges de qualsevol dia, hora, minut, segon i d\u00e8cima de totes les c\u00e0meres web, o si es vol, tant sols dels moviments que s&#8217;hagin produ\u00eft en un percentatge a el\u00b7legir (entre 1% i 100%) de &hellip; <a href=\"https:\/\/www.undetec.com\/blog\/servei-undetec-historics\/\" class=\"more-link\">Continua llegint <span class=\"screen-reader-text\">\u00abServei UNDETEC Hist\u00f2rics\u00bb<\/span><\/a><\/p>\n","protected":false},"author":2,"featured_media":0,"parent":0,"menu_order":0,"comment_status":"closed","ping_status":"closed","template":"","meta":{"footnotes":""},"class_list":["post-566","page","type-page","status-publish","hentry"],"yoast_head":"<!-- This site is optimized with the Yoast SEO plugin v27.3 - https:\/\/yoast.com\/product\/yoast-seo-wordpress\/ -->\n<title>Servei UNDETEC Hist\u00f2rics<\/title>\n<meta name=\"robots\" content=\"index, follow, max-snippet:-1, max-image-preview:large, max-video-preview:-1\" \/>\n<link rel=\"canonical\" href=\"https:\/\/www.undetec.com\/blog\/servei-undetec-historics\/\" \/>\n<meta property=\"og:locale\" content=\"ca_ES\" \/>\n<meta property=\"og:type\" content=\"article\" \/>\n<meta property=\"og:title\" content=\"Servei UNDETEC Hist\u00f2rics\" \/>\n<meta property=\"og:description\" content=\"En el servei UNDETEC HIST\u00d2RIC oferim, registrar i poder fer les consultes de tot el que ha passat. Consultem les imatges de qualsevol dia, hora, minut, segon i d\u00e8cima de totes les c\u00e0meres web, o si es vol, tant sols dels moviments que s&#8217;hagin produ\u00eft en un percentatge a el\u00b7legir (entre 1% i 100%) de &hellip; Continua llegint \u00abServei UNDETEC Hist\u00f2rics\u00bb\" \/>\n<meta property=\"og:url\" content=\"https:\/\/www.undetec.com\/blog\/servei-undetec-historics\/\" \/>\n<meta property=\"og:site_name\" content=\"UNDETEC\" \/>\n<meta property=\"article:publisher\" content=\"https:\/\/www.facebook.com\/pages\/UNDETEC\/120913354659573\" \/>\n<meta property=\"article:modified_time\" content=\"2018-12-05T15:07:12+00:00\" \/>\n<meta property=\"og:image\" content=\"https:\/\/www.undetec.com\/blog\/wp-content\/uploads\/2015\/02\/historics.jpg\" \/>\n<meta name=\"twitter:card\" content=\"summary_large_image\" \/>\n<meta name=\"twitter:label1\" content=\"Temps estimat de lectura\" \/>\n\t<meta name=\"twitter:data1\" content=\"1 minut\" \/>\n<script type=\"application\/ld+json\" class=\"yoast-schema-graph\">{\"@context\":\"https:\\\/\\\/schema.org\",\"@graph\":[{\"@type\":\"WebPage\",\"@id\":\"https:\\\/\\\/www.undetec.com\\\/blog\\\/servei-undetec-historics\\\/\",\"url\":\"https:\\\/\\\/www.undetec.com\\\/blog\\\/servei-undetec-historics\\\/\",\"name\":\"Servei UNDETEC Hist\u00f2rics\",\"isPartOf\":{\"@id\":\"https:\\\/\\\/www.undetec.com\\\/blog\\\/#website\"},\"datePublished\":\"2015-02-23T14:32:14+00:00\",\"dateModified\":\"2018-12-05T15:07:12+00:00\",\"breadcrumb\":{\"@id\":\"https:\\\/\\\/www.undetec.com\\\/blog\\\/servei-undetec-historics\\\/#breadcrumb\"},\"inLanguage\":\"ca\",\"potentialAction\":[{\"@type\":\"ReadAction\",\"target\":[\"https:\\\/\\\/www.undetec.com\\\/blog\\\/servei-undetec-historics\\\/\"]}]},{\"@type\":\"BreadcrumbList\",\"@id\":\"https:\\\/\\\/www.undetec.com\\\/blog\\\/servei-undetec-historics\\\/#breadcrumb\",\"itemListElement\":[{\"@type\":\"ListItem\",\"position\":1,\"name\":\"Inici\",\"item\":\"https:\\\/\\\/www.undetec.com\\\/blog\\\/\"},{\"@type\":\"ListItem\",\"position\":2,\"name\":\"Servei UNDETEC Hist\u00f2rics\"}]},{\"@type\":\"WebSite\",\"@id\":\"https:\\\/\\\/www.undetec.com\\\/blog\\\/#website\",\"url\":\"https:\\\/\\\/www.undetec.com\\\/blog\\\/\",\"name\":\"UNDETEC\",\"description\":\"UNI\u00d3 DE TECNOLOGIES\",\"publisher\":{\"@id\":\"https:\\\/\\\/www.undetec.com\\\/blog\\\/#organization\"},\"potentialAction\":[{\"@type\":\"SearchAction\",\"target\":{\"@type\":\"EntryPoint\",\"urlTemplate\":\"https:\\\/\\\/www.undetec.com\\\/blog\\\/?s={search_term_string}\"},\"query-input\":{\"@type\":\"PropertyValueSpecification\",\"valueRequired\":true,\"valueName\":\"search_term_string\"}}],\"inLanguage\":\"ca\"},{\"@type\":\"Organization\",\"@id\":\"https:\\\/\\\/www.undetec.com\\\/blog\\\/#organization\",\"name\":\"UNDETEC\",\"url\":\"https:\\\/\\\/www.undetec.com\\\/blog\\\/\",\"logo\":{\"@type\":\"ImageObject\",\"inLanguage\":\"ca\",\"@id\":\"https:\\\/\\\/www.undetec.com\\\/blog\\\/#\\\/schema\\\/logo\\\/image\\\/\",\"url\":\"https:\\\/\\\/www.undetec.com\\\/blog\\\/wp-content\\\/uploads\\\/2016\\\/11\\\/undetec_logo.gif\",\"contentUrl\":\"https:\\\/\\\/www.undetec.com\\\/blog\\\/wp-content\\\/uploads\\\/2016\\\/11\\\/undetec_logo.gif\",\"width\":154,\"height\":45,\"caption\":\"UNDETEC\"},\"image\":{\"@id\":\"https:\\\/\\\/www.undetec.com\\\/blog\\\/#\\\/schema\\\/logo\\\/image\\\/\"},\"sameAs\":[\"https:\\\/\\\/www.facebook.com\\\/pages\\\/UNDETEC\\\/120913354659573\"]}]}<\/script>\n<!-- \/ Yoast SEO plugin. -->","yoast_head_json":{"title":"Servei UNDETEC Hist\u00f2rics","robots":{"index":"index","follow":"follow","max-snippet":"max-snippet:-1","max-image-preview":"max-image-preview:large","max-video-preview":"max-video-preview:-1"},"canonical":"https:\/\/www.undetec.com\/blog\/servei-undetec-historics\/","og_locale":"ca_ES","og_type":"article","og_title":"Servei UNDETEC Hist\u00f2rics","og_description":"En el servei UNDETEC HIST\u00d2RIC oferim, registrar i poder fer les consultes de tot el que ha passat. Consultem les imatges de qualsevol dia, hora, minut, segon i d\u00e8cima de totes les c\u00e0meres web, o si es vol, tant sols dels moviments que s&#8217;hagin produ\u00eft en un percentatge a el\u00b7legir (entre 1% i 100%) de &hellip; Continua llegint \u00abServei UNDETEC Hist\u00f2rics\u00bb","og_url":"https:\/\/www.undetec.com\/blog\/servei-undetec-historics\/","og_site_name":"UNDETEC","article_publisher":"https:\/\/www.facebook.com\/pages\/UNDETEC\/120913354659573","article_modified_time":"2018-12-05T15:07:12+00:00","og_image":[{"url":"https:\/\/www.undetec.com\/blog\/wp-content\/uploads\/2015\/02\/historics.jpg","type":"","width":"","height":""}],"twitter_card":"summary_large_image","twitter_misc":{"Temps estimat de lectura":"1 minut"},"schema":{"@context":"https:\/\/schema.org","@graph":[{"@type":"WebPage","@id":"https:\/\/www.undetec.com\/blog\/servei-undetec-historics\/","url":"https:\/\/www.undetec.com\/blog\/servei-undetec-historics\/","name":"Servei UNDETEC Hist\u00f2rics","isPartOf":{"@id":"https:\/\/www.undetec.com\/blog\/#website"},"datePublished":"2015-02-23T14:32:14+00:00","dateModified":"2018-12-05T15:07:12+00:00","breadcrumb":{"@id":"https:\/\/www.undetec.com\/blog\/servei-undetec-historics\/#breadcrumb"},"inLanguage":"ca","potentialAction":[{"@type":"ReadAction","target":["https:\/\/www.undetec.com\/blog\/servei-undetec-historics\/"]}]},{"@type":"BreadcrumbList","@id":"https:\/\/www.undetec.com\/blog\/servei-undetec-historics\/#breadcrumb","itemListElement":[{"@type":"ListItem","position":1,"name":"Inici","item":"https:\/\/www.undetec.com\/blog\/"},{"@type":"ListItem","position":2,"name":"Servei UNDETEC Hist\u00f2rics"}]},{"@type":"WebSite","@id":"https:\/\/www.undetec.com\/blog\/#website","url":"https:\/\/www.undetec.com\/blog\/","name":"UNDETEC","description":"UNI\u00d3 DE TECNOLOGIES","publisher":{"@id":"https:\/\/www.undetec.com\/blog\/#organization"},"potentialAction":[{"@type":"SearchAction","target":{"@type":"EntryPoint","urlTemplate":"https:\/\/www.undetec.com\/blog\/?s={search_term_string}"},"query-input":{"@type":"PropertyValueSpecification","valueRequired":true,"valueName":"search_term_string"}}],"inLanguage":"ca"},{"@type":"Organization","@id":"https:\/\/www.undetec.com\/blog\/#organization","name":"UNDETEC","url":"https:\/\/www.undetec.com\/blog\/","logo":{"@type":"ImageObject","inLanguage":"ca","@id":"https:\/\/www.undetec.com\/blog\/#\/schema\/logo\/image\/","url":"https:\/\/www.undetec.com\/blog\/wp-content\/uploads\/2016\/11\/undetec_logo.gif","contentUrl":"https:\/\/www.undetec.com\/blog\/wp-content\/uploads\/2016\/11\/undetec_logo.gif","width":154,"height":45,"caption":"UNDETEC"},"image":{"@id":"https:\/\/www.undetec.com\/blog\/#\/schema\/logo\/image\/"},"sameAs":["https:\/\/www.facebook.com\/pages\/UNDETEC\/120913354659573"]}]}},"_links":{"self":[{"href":"https:\/\/www.undetec.com\/blog\/wp-json\/wp\/v2\/pages\/566","targetHints":{"allow":["GET"]}}],"collection":[{"href":"https:\/\/www.undetec.com\/blog\/wp-json\/wp\/v2\/pages"}],"about":[{"href":"https:\/\/www.undetec.com\/blog\/wp-json\/wp\/v2\/types\/page"}],"author":[{"embeddable":true,"href":"https:\/\/www.undetec.com\/blog\/wp-json\/wp\/v2\/users\/2"}],"replies":[{"embeddable":true,"href":"https:\/\/www.undetec.com\/blog\/wp-json\/wp\/v2\/comments?post=566"}],"version-history":[{"count":6,"href":"https:\/\/www.undetec.com\/blog\/wp-json\/wp\/v2\/pages\/566\/revisions"}],"predecessor-version":[{"id":1629,"href":"https:\/\/www.undetec.com\/blog\/wp-json\/wp\/v2\/pages\/566\/revisions\/1629"}],"wp:attachment":[{"href":"https:\/\/www.undetec.com\/blog\/wp-json\/wp\/v2\/media?parent=566"}],"curies":[{"name":"wp","href":"https:\/\/api.w.org\/{rel}","templated":true}]}}