{"id":570,"date":"2015-02-23T15:34:27","date_gmt":"2015-02-23T14:34:27","guid":{"rendered":"http:\/\/undetec.com\/blog\/?page_id=570"},"modified":"2018-11-20T15:06:55","modified_gmt":"2018-11-20T14:06:55","slug":"servei-undetec-control-de-presencia","status":"publish","type":"page","link":"https:\/\/www.undetec.com\/blog\/servei-undetec-control-de-presencia\/","title":{"rendered":"Servei UNDETEC Control de Pres\u00e8ncia"},"content":{"rendered":"<p><a href=\"\/blog\/wp-content\/uploads\/2015\/02\/control-presencia.jpg\"><img loading=\"lazy\" decoding=\"async\" class=\" size-full wp-image-612 alignleft\" src=\"\/blog\/wp-content\/uploads\/2015\/02\/control-presencia.jpg\" alt=\"Control de pres\u00e8ncia\" width=\"138\" height=\"78\" \/><\/a>El servei UNDETEC CONTROL DE PRES\u00c8NCIA permet poder controlar tot el personal que entra i surt del lloc de treball, aix\u00ed com els horaris i els accessos. Tamb\u00e9 restringeix l&#8217;acc\u00e9s de pas a despatxos, oficines, magatzems, c\u00e0meres frigor\u00edfiques&#8230; podent-hi accedir sol les persones col\u00b7leccionades mitjan\u00e7ant empremta digital, codi&#8230;<\/p>\n<p>Aquest control es du a terme amb la instal\u00b7laci\u00f3 de terminals d&#8217;acc\u00e9s i control horari, i va lligat amb el <a href=\"https:\/\/www.undetec.com\/blog\/servei-undetec-historics\/\">servei UNDETEC HIST\u00d2RIC<\/a>, on es podr\u00e0 consultar via internet i tamb\u00e9 des de el m\u00f2bil, tots els accessos de l&#8217;usuari, el dia, la hora&#8230; i tamb\u00e9 els registres diaris, setmanals, mensuals i anyals que el personal ha pogut generar.<\/p>\n","protected":false},"excerpt":{"rendered":"<p>El servei UNDETEC CONTROL DE PRES\u00c8NCIA permet poder controlar tot el personal que entra i surt del lloc de treball, aix\u00ed com els horaris i els accessos. Tamb\u00e9 restringeix l&#8217;acc\u00e9s de pas a despatxos, oficines, magatzems, c\u00e0meres frigor\u00edfiques&#8230; podent-hi accedir sol les persones col\u00b7leccionades mitjan\u00e7ant empremta digital, codi&#8230; Aquest control es du a terme amb &hellip; <a href=\"https:\/\/www.undetec.com\/blog\/servei-undetec-control-de-presencia\/\" class=\"more-link\">Continua llegint <span class=\"screen-reader-text\">\u00abServei UNDETEC Control de Pres\u00e8ncia\u00bb<\/span><\/a><\/p>\n","protected":false},"author":2,"featured_media":0,"parent":0,"menu_order":0,"comment_status":"closed","ping_status":"closed","template":"","meta":{"footnotes":""},"class_list":["post-570","page","type-page","status-publish","hentry"],"yoast_head":"<!-- This site is optimized with the Yoast SEO plugin v27.5 - https:\/\/yoast.com\/product\/yoast-seo-wordpress\/ -->\n<title>Servei UNDETEC Control de Pres\u00e8ncia<\/title>\n<meta name=\"robots\" content=\"index, follow, max-snippet:-1, max-video-preview:-1, noimageindex\" \/>\n<link rel=\"canonical\" href=\"https:\/\/www.undetec.com\/blog\/servei-undetec-control-de-presencia\/\" \/>\n<meta property=\"og:locale\" content=\"ca_ES\" \/>\n<meta property=\"og:type\" content=\"article\" \/>\n<meta property=\"og:title\" content=\"Servei UNDETEC Control de Pres\u00e8ncia\" \/>\n<meta property=\"og:description\" content=\"El servei UNDETEC CONTROL DE PRES\u00c8NCIA permet poder controlar tot el personal que entra i surt del lloc de treball, aix\u00ed com els horaris i els accessos. Tamb\u00e9 restringeix l&#8217;acc\u00e9s de pas a despatxos, oficines, magatzems, c\u00e0meres frigor\u00edfiques&#8230; podent-hi accedir sol les persones col\u00b7leccionades mitjan\u00e7ant empremta digital, codi&#8230; Aquest control es du a terme amb &hellip; Continua llegint \u00abServei UNDETEC Control de Pres\u00e8ncia\u00bb\" \/>\n<meta property=\"og:url\" content=\"https:\/\/www.undetec.com\/blog\/servei-undetec-control-de-presencia\/\" \/>\n<meta property=\"og:site_name\" content=\"UNDETEC\" \/>\n<meta property=\"article:publisher\" content=\"https:\/\/www.facebook.com\/pages\/UNDETEC\/120913354659573\" \/>\n<meta property=\"article:modified_time\" content=\"2018-11-20T14:06:55+00:00\" \/>\n<meta property=\"og:image\" content=\"https:\/\/www.undetec.com\/blog\/wp-content\/uploads\/2015\/02\/control-presencia.jpg\" \/>\n<meta name=\"twitter:card\" content=\"summary_large_image\" \/>\n<meta name=\"twitter:label1\" content=\"Temps estimat de lectura\" \/>\n\t<meta name=\"twitter:data1\" content=\"1 minut\" \/>\n<script type=\"application\/ld+json\" class=\"yoast-schema-graph\">{\"@context\":\"https:\\\/\\\/schema.org\",\"@graph\":[{\"@type\":\"WebPage\",\"@id\":\"https:\\\/\\\/www.undetec.com\\\/blog\\\/servei-undetec-control-de-presencia\\\/\",\"url\":\"https:\\\/\\\/www.undetec.com\\\/blog\\\/servei-undetec-control-de-presencia\\\/\",\"name\":\"Servei UNDETEC Control de Pres\u00e8ncia\",\"isPartOf\":{\"@id\":\"https:\\\/\\\/www.undetec.com\\\/blog\\\/#website\"},\"datePublished\":\"2015-02-23T14:34:27+00:00\",\"dateModified\":\"2018-11-20T14:06:55+00:00\",\"breadcrumb\":{\"@id\":\"https:\\\/\\\/www.undetec.com\\\/blog\\\/servei-undetec-control-de-presencia\\\/#breadcrumb\"},\"inLanguage\":\"ca\",\"potentialAction\":[{\"@type\":\"ReadAction\",\"target\":[\"https:\\\/\\\/www.undetec.com\\\/blog\\\/servei-undetec-control-de-presencia\\\/\"]}]},{\"@type\":\"BreadcrumbList\",\"@id\":\"https:\\\/\\\/www.undetec.com\\\/blog\\\/servei-undetec-control-de-presencia\\\/#breadcrumb\",\"itemListElement\":[{\"@type\":\"ListItem\",\"position\":1,\"name\":\"Inici\",\"item\":\"https:\\\/\\\/www.undetec.com\\\/blog\\\/\"},{\"@type\":\"ListItem\",\"position\":2,\"name\":\"Servei UNDETEC Control de Pres\u00e8ncia\"}]},{\"@type\":\"WebSite\",\"@id\":\"https:\\\/\\\/www.undetec.com\\\/blog\\\/#website\",\"url\":\"https:\\\/\\\/www.undetec.com\\\/blog\\\/\",\"name\":\"UNDETEC\",\"description\":\"UNI\u00d3 DE TECNOLOGIES\",\"publisher\":{\"@id\":\"https:\\\/\\\/www.undetec.com\\\/blog\\\/#organization\"},\"potentialAction\":[{\"@type\":\"SearchAction\",\"target\":{\"@type\":\"EntryPoint\",\"urlTemplate\":\"https:\\\/\\\/www.undetec.com\\\/blog\\\/?s={search_term_string}\"},\"query-input\":{\"@type\":\"PropertyValueSpecification\",\"valueRequired\":true,\"valueName\":\"search_term_string\"}}],\"inLanguage\":\"ca\"},{\"@type\":\"Organization\",\"@id\":\"https:\\\/\\\/www.undetec.com\\\/blog\\\/#organization\",\"name\":\"UNDETEC\",\"url\":\"https:\\\/\\\/www.undetec.com\\\/blog\\\/\",\"logo\":{\"@type\":\"ImageObject\",\"inLanguage\":\"ca\",\"@id\":\"https:\\\/\\\/www.undetec.com\\\/blog\\\/#\\\/schema\\\/logo\\\/image\\\/\",\"url\":\"https:\\\/\\\/www.undetec.com\\\/blog\\\/wp-content\\\/uploads\\\/2016\\\/11\\\/undetec_logo.gif\",\"contentUrl\":\"https:\\\/\\\/www.undetec.com\\\/blog\\\/wp-content\\\/uploads\\\/2016\\\/11\\\/undetec_logo.gif\",\"width\":154,\"height\":45,\"caption\":\"UNDETEC\"},\"image\":{\"@id\":\"https:\\\/\\\/www.undetec.com\\\/blog\\\/#\\\/schema\\\/logo\\\/image\\\/\"},\"sameAs\":[\"https:\\\/\\\/www.facebook.com\\\/pages\\\/UNDETEC\\\/120913354659573\"]}]}<\/script>\n<!-- \/ Yoast SEO plugin. -->","yoast_head_json":{"title":"Servei UNDETEC Control de Pres\u00e8ncia","robots":{"index":"index","follow":"follow","max-snippet":"max-snippet:-1","max-video-preview":"max-video-preview:-1","imageindex":"noimageindex"},"canonical":"https:\/\/www.undetec.com\/blog\/servei-undetec-control-de-presencia\/","og_locale":"ca_ES","og_type":"article","og_title":"Servei UNDETEC Control de Pres\u00e8ncia","og_description":"El servei UNDETEC CONTROL DE PRES\u00c8NCIA permet poder controlar tot el personal que entra i surt del lloc de treball, aix\u00ed com els horaris i els accessos. Tamb\u00e9 restringeix l&#8217;acc\u00e9s de pas a despatxos, oficines, magatzems, c\u00e0meres frigor\u00edfiques&#8230; podent-hi accedir sol les persones col\u00b7leccionades mitjan\u00e7ant empremta digital, codi&#8230; Aquest control es du a terme amb &hellip; Continua llegint \u00abServei UNDETEC Control de Pres\u00e8ncia\u00bb","og_url":"https:\/\/www.undetec.com\/blog\/servei-undetec-control-de-presencia\/","og_site_name":"UNDETEC","article_publisher":"https:\/\/www.facebook.com\/pages\/UNDETEC\/120913354659573","article_modified_time":"2018-11-20T14:06:55+00:00","og_image":[{"url":"https:\/\/www.undetec.com\/blog\/wp-content\/uploads\/2015\/02\/control-presencia.jpg","type":"","width":"","height":""}],"twitter_card":"summary_large_image","twitter_misc":{"Temps estimat de lectura":"1 minut"},"schema":{"@context":"https:\/\/schema.org","@graph":[{"@type":"WebPage","@id":"https:\/\/www.undetec.com\/blog\/servei-undetec-control-de-presencia\/","url":"https:\/\/www.undetec.com\/blog\/servei-undetec-control-de-presencia\/","name":"Servei UNDETEC Control de Pres\u00e8ncia","isPartOf":{"@id":"https:\/\/www.undetec.com\/blog\/#website"},"datePublished":"2015-02-23T14:34:27+00:00","dateModified":"2018-11-20T14:06:55+00:00","breadcrumb":{"@id":"https:\/\/www.undetec.com\/blog\/servei-undetec-control-de-presencia\/#breadcrumb"},"inLanguage":"ca","potentialAction":[{"@type":"ReadAction","target":["https:\/\/www.undetec.com\/blog\/servei-undetec-control-de-presencia\/"]}]},{"@type":"BreadcrumbList","@id":"https:\/\/www.undetec.com\/blog\/servei-undetec-control-de-presencia\/#breadcrumb","itemListElement":[{"@type":"ListItem","position":1,"name":"Inici","item":"https:\/\/www.undetec.com\/blog\/"},{"@type":"ListItem","position":2,"name":"Servei UNDETEC Control de Pres\u00e8ncia"}]},{"@type":"WebSite","@id":"https:\/\/www.undetec.com\/blog\/#website","url":"https:\/\/www.undetec.com\/blog\/","name":"UNDETEC","description":"UNI\u00d3 DE TECNOLOGIES","publisher":{"@id":"https:\/\/www.undetec.com\/blog\/#organization"},"potentialAction":[{"@type":"SearchAction","target":{"@type":"EntryPoint","urlTemplate":"https:\/\/www.undetec.com\/blog\/?s={search_term_string}"},"query-input":{"@type":"PropertyValueSpecification","valueRequired":true,"valueName":"search_term_string"}}],"inLanguage":"ca"},{"@type":"Organization","@id":"https:\/\/www.undetec.com\/blog\/#organization","name":"UNDETEC","url":"https:\/\/www.undetec.com\/blog\/","logo":{"@type":"ImageObject","inLanguage":"ca","@id":"https:\/\/www.undetec.com\/blog\/#\/schema\/logo\/image\/","url":"https:\/\/www.undetec.com\/blog\/wp-content\/uploads\/2016\/11\/undetec_logo.gif","contentUrl":"https:\/\/www.undetec.com\/blog\/wp-content\/uploads\/2016\/11\/undetec_logo.gif","width":154,"height":45,"caption":"UNDETEC"},"image":{"@id":"https:\/\/www.undetec.com\/blog\/#\/schema\/logo\/image\/"},"sameAs":["https:\/\/www.facebook.com\/pages\/UNDETEC\/120913354659573"]}]}},"_links":{"self":[{"href":"https:\/\/www.undetec.com\/blog\/wp-json\/wp\/v2\/pages\/570","targetHints":{"allow":["GET"]}}],"collection":[{"href":"https:\/\/www.undetec.com\/blog\/wp-json\/wp\/v2\/pages"}],"about":[{"href":"https:\/\/www.undetec.com\/blog\/wp-json\/wp\/v2\/types\/page"}],"author":[{"embeddable":true,"href":"https:\/\/www.undetec.com\/blog\/wp-json\/wp\/v2\/users\/2"}],"replies":[{"embeddable":true,"href":"https:\/\/www.undetec.com\/blog\/wp-json\/wp\/v2\/comments?post=570"}],"version-history":[{"count":8,"href":"https:\/\/www.undetec.com\/blog\/wp-json\/wp\/v2\/pages\/570\/revisions"}],"predecessor-version":[{"id":1360,"href":"https:\/\/www.undetec.com\/blog\/wp-json\/wp\/v2\/pages\/570\/revisions\/1360"}],"wp:attachment":[{"href":"https:\/\/www.undetec.com\/blog\/wp-json\/wp\/v2\/media?parent=570"}],"curies":[{"name":"wp","href":"https:\/\/api.w.org\/{rel}","templated":true}]}}