{"id":590,"date":"2015-02-26T10:14:57","date_gmt":"2015-02-26T09:14:57","guid":{"rendered":"http:\/\/undetec.com\/blog\/?page_id=590"},"modified":"2021-01-02T19:32:21","modified_gmt":"2021-01-02T18:32:21","slug":"producte-undetec-control-granja","status":"publish","type":"page","link":"https:\/\/www.undetec.com\/blog\/producte-undetec-control-granja\/","title":{"rendered":"Producte UNDETEC Control Granja"},"content":{"rendered":"\n<p>Controli les granges a dist\u00e0ncia amb la instal\u00b7laci\u00f3 del producte UNDETEC CONTROL GRANJA. <\/p>\n\n\n\n<h2 class=\"wp-block-heading\">Caracter\u00edstiques del producte<\/h2>\n\n\n\n<ul class=\"wp-block-list\"><li>Poder veure els animals en <a href=\"https:\/\/www.undetec.com\/blog\/servei-undetec-control-visual\/\">directe<\/a>.<\/li><li>Poder veure els animals en <a href=\"https:\/\/www.undetec.com\/blog\/servei-undetec-historics\/\">diferit<\/a> al dia, hora, segon i d\u00e8cima.<\/li><li>Les temperatures actuals.<\/li><li>Les temperatures diferides.<\/li><li><a href=\"\/blog\/servei-undetec-automatismes\/\">Automatismes<\/a>.<\/li><li><a href=\"https:\/\/www.undetec.com\/blog\/servei-undetec-historics\/\">Estad\u00edstiques<\/a>.<\/li><li><a href=\"https:\/\/www.undetec.com\/blog\/servei-undetec-seguretat\/\">Alarmes<\/a>.<\/li><li><a href=\"https:\/\/www.undetec.com\/blog\/engreixada-intro\/\">Diari d&#8217;engreixada<\/a>.<\/li><li><a href=\"\/blog\/control-de-pinso-amb-cel%c2%b7lules-de-carrega\/\">Lectura autom\u00e0tica del pinso de cada sitja<\/a> amb <a href=\"\/blog\/producte-undetec-lector-cellules-carrega\/\">lector <\/a> <a href=\"\/blog\/producte-undetec-lector-cellules-carrega\/\">c\u00e8l\u00b7lules de c\u00e0rrega<\/a>.<\/li><li>Lectura autom\u00e0tica dels dip\u00f2sits d&#8217;aigua. <\/li><li>Lectura de comptadors d&#8217;aigua o qualsevol l\u00edquid.<\/li><li>Lectura de sensors: temperatura, humitat&#8230;<\/li><li><a href=\"https:\/\/www.undetec.com\/blog\/historics-sensors\/\">Hist\u00f2rics Sensors<\/a><\/li><li><a href=\"\/blog\/producte-undetec-control-bascules-pesar-camions\/\">Gesi\u00f3 de les B\u00e0scules de pesar camions<\/a>.<\/li><li>B\u00e0scules de pesar aus. <\/li><li><a href=\"https:\/\/www.undetec.com\/blog\/undecex\/\">UNDECEX<\/a>: Cistella recollidora i pesadora de baixes.<\/li><\/ul>\n\n\n\n<p>Tot des d&#8217;internet, Tot tamb\u00e9 des del m\u00f2bil.<\/p>\n\n\n\n<h2 class=\"wp-block-heading\">D\u00edptics<\/h2>\n\n\n\n<p><a href=\"\/pdf\/product_granja_ca.pdf\" target=\"_blank\" rel=\"noopener noreferrer\">Producte UNDETEC control GRANJA<\/a> PDF<br><a href=\"\/pdf\/product_granja_sitjes_ca.pdf\" target=\"_blank\" rel=\"noopener noreferrer\">Producte UNDETEC control SITJES<\/a> PDF<\/p>\n\n\n\n<h2 class=\"wp-block-heading\">Manuals<\/h2>\n\n\n\n<div class=\"wp-block-image\"><figure class=\"alignright\"><a href=\"\/blog\/producte-undetec-lector-cellules-carrega\/\"><img loading=\"lazy\" decoding=\"async\" width=\"150\" height=\"150\" src=\"\/blog\/wp-content\/uploads\/2018\/03\/prod_cel_placa_-150x150.jpg\" alt=\"\" class=\"wp-image-1084\"\/><\/a><\/figure><\/div>\n\n\n\n<ul class=\"wp-block-list\"><li><a href=\"https:\/\/www.undetec.com\/blog\/manual-control-sitges\/\">Manual Control Sitges<\/a>. En aquest manual inclou des de la col\u00b7locaci\u00f3 de les c\u00e8l\u00b7lules de c\u00e0rrega fins com veure des d&#8217;internet les dades capturades. Explicarem les connexions que s\u2019han de fer.<\/li><li><a href=\"https:\/\/www.undetec.com\/blog\/historics-sensors\/\">Hist\u00f2ric sensors<\/a>. Per tenir l&#8217;hist\u00f2ric d&#8217;anys de tots els sensors de la granja.   <\/li><\/ul>\n\n\n<div class=\"printfriendly pf-button  pf-alignleft\">\n                    <a href=\"https:\/\/www.undetec.com\/blog\/producte-undetec-control-granja\/?pfstyle=wp\" rel=\"nofollow\" onclick=\"\" title=\"Printer Friendly, PDF & Email\">\n                    <img decoding=\"async\" class=\"pf-button-img\" src=\"https:\/\/cdn.printfriendly.com\/buttons\/printfriendly-pdf-button-nobg-md.png\" alt=\"Print Friendly, PDF & Email\" style=\"width: 124px;height: 30px;\"  \/>\n                    <\/a>\n                <\/div>\n\n\n\n<p><\/p>\n","protected":false},"excerpt":{"rendered":"<p>Controli les granges a dist\u00e0ncia amb la instal\u00b7laci\u00f3 del producte UNDETEC CONTROL GRANJA. Caracter\u00edstiques del producte Poder veure els animals en directe. Poder veure els animals en diferit al dia, hora, segon i d\u00e8cima. Les temperatures actuals. Les temperatures diferides. Automatismes. Estad\u00edstiques. Alarmes. Diari d&#8217;engreixada. Lectura autom\u00e0tica del pinso de cada sitja amb lector c\u00e8l\u00b7lules &hellip; <a href=\"https:\/\/www.undetec.com\/blog\/producte-undetec-control-granja\/\" class=\"more-link\">Continua llegint <span class=\"screen-reader-text\">\u00abProducte UNDETEC Control Granja\u00bb<\/span><\/a><\/p>\n","protected":false},"author":2,"featured_media":1215,"parent":0,"menu_order":0,"comment_status":"closed","ping_status":"closed","template":"","meta":{"footnotes":""},"class_list":["post-590","page","type-page","status-publish","has-post-thumbnail","hentry"],"yoast_head":"<!-- This site is optimized with the Yoast SEO plugin v27.5 - https:\/\/yoast.com\/product\/yoast-seo-wordpress\/ -->\n<title>Producte UNDETEC Control Granja<\/title>\n<meta name=\"robots\" content=\"index, follow, max-snippet:-1, max-image-preview:large, max-video-preview:-1\" \/>\n<link rel=\"canonical\" href=\"https:\/\/www.undetec.com\/blog\/producte-undetec-control-granja\/\" \/>\n<meta property=\"og:locale\" content=\"ca_ES\" \/>\n<meta property=\"og:type\" content=\"article\" \/>\n<meta property=\"og:title\" content=\"Producte UNDETEC Control Granja\" \/>\n<meta property=\"og:description\" content=\"Controli les granges a dist\u00e0ncia amb la instal\u00b7laci\u00f3 del producte UNDETEC CONTROL GRANJA. Caracter\u00edstiques del producte Poder veure els animals en directe. Poder veure els animals en diferit al dia, hora, segon i d\u00e8cima. Les temperatures actuals. Les temperatures diferides. Automatismes. Estad\u00edstiques. Alarmes. Diari d&#8217;engreixada. Lectura autom\u00e0tica del pinso de cada sitja amb lector c\u00e8l\u00b7lules &hellip; Continua llegint \u00abProducte UNDETEC Control Granja\u00bb\" \/>\n<meta property=\"og:url\" content=\"https:\/\/www.undetec.com\/blog\/producte-undetec-control-granja\/\" \/>\n<meta property=\"og:site_name\" content=\"UNDETEC\" \/>\n<meta property=\"article:publisher\" content=\"https:\/\/www.facebook.com\/pages\/UNDETEC\/120913354659573\" \/>\n<meta property=\"article:modified_time\" content=\"2021-01-02T18:32:21+00:00\" \/>\n<meta property=\"og:image\" content=\"https:\/\/www.undetec.com\/blog\/wp-content\/uploads\/2018\/11\/prod_con_05.png\" \/>\n\t<meta property=\"og:image:width\" content=\"640\" \/>\n\t<meta property=\"og:image:height\" content=\"604\" \/>\n\t<meta property=\"og:image:type\" content=\"image\/png\" \/>\n<meta name=\"twitter:card\" content=\"summary_large_image\" \/>\n<meta name=\"twitter:label1\" content=\"Temps estimat de lectura\" \/>\n\t<meta name=\"twitter:data1\" content=\"1 minut\" \/>\n<script type=\"application\/ld+json\" class=\"yoast-schema-graph\">{\"@context\":\"https:\\\/\\\/schema.org\",\"@graph\":[{\"@type\":\"WebPage\",\"@id\":\"https:\\\/\\\/www.undetec.com\\\/blog\\\/producte-undetec-control-granja\\\/\",\"url\":\"https:\\\/\\\/www.undetec.com\\\/blog\\\/producte-undetec-control-granja\\\/\",\"name\":\"Producte UNDETEC Control Granja\",\"isPartOf\":{\"@id\":\"https:\\\/\\\/www.undetec.com\\\/blog\\\/#website\"},\"primaryImageOfPage\":{\"@id\":\"https:\\\/\\\/www.undetec.com\\\/blog\\\/producte-undetec-control-granja\\\/#primaryimage\"},\"image\":{\"@id\":\"https:\\\/\\\/www.undetec.com\\\/blog\\\/producte-undetec-control-granja\\\/#primaryimage\"},\"thumbnailUrl\":\"https:\\\/\\\/www.undetec.com\\\/blog\\\/wp-content\\\/uploads\\\/2018\\\/11\\\/prod_con_05.png\",\"datePublished\":\"2015-02-26T09:14:57+00:00\",\"dateModified\":\"2021-01-02T18:32:21+00:00\",\"breadcrumb\":{\"@id\":\"https:\\\/\\\/www.undetec.com\\\/blog\\\/producte-undetec-control-granja\\\/#breadcrumb\"},\"inLanguage\":\"ca\",\"potentialAction\":[{\"@type\":\"ReadAction\",\"target\":[\"https:\\\/\\\/www.undetec.com\\\/blog\\\/producte-undetec-control-granja\\\/\"]}]},{\"@type\":\"ImageObject\",\"inLanguage\":\"ca\",\"@id\":\"https:\\\/\\\/www.undetec.com\\\/blog\\\/producte-undetec-control-granja\\\/#primaryimage\",\"url\":\"https:\\\/\\\/www.undetec.com\\\/blog\\\/wp-content\\\/uploads\\\/2018\\\/11\\\/prod_con_05.png\",\"contentUrl\":\"https:\\\/\\\/www.undetec.com\\\/blog\\\/wp-content\\\/uploads\\\/2018\\\/11\\\/prod_con_05.png\",\"width\":640,\"height\":604,\"caption\":\"Undetec control granja\"},{\"@type\":\"BreadcrumbList\",\"@id\":\"https:\\\/\\\/www.undetec.com\\\/blog\\\/producte-undetec-control-granja\\\/#breadcrumb\",\"itemListElement\":[{\"@type\":\"ListItem\",\"position\":1,\"name\":\"Inici\",\"item\":\"https:\\\/\\\/www.undetec.com\\\/blog\\\/\"},{\"@type\":\"ListItem\",\"position\":2,\"name\":\"Producte UNDETEC Control Granja\"}]},{\"@type\":\"WebSite\",\"@id\":\"https:\\\/\\\/www.undetec.com\\\/blog\\\/#website\",\"url\":\"https:\\\/\\\/www.undetec.com\\\/blog\\\/\",\"name\":\"UNDETEC\",\"description\":\"UNI\u00d3 DE TECNOLOGIES\",\"publisher\":{\"@id\":\"https:\\\/\\\/www.undetec.com\\\/blog\\\/#organization\"},\"potentialAction\":[{\"@type\":\"SearchAction\",\"target\":{\"@type\":\"EntryPoint\",\"urlTemplate\":\"https:\\\/\\\/www.undetec.com\\\/blog\\\/?s={search_term_string}\"},\"query-input\":{\"@type\":\"PropertyValueSpecification\",\"valueRequired\":true,\"valueName\":\"search_term_string\"}}],\"inLanguage\":\"ca\"},{\"@type\":\"Organization\",\"@id\":\"https:\\\/\\\/www.undetec.com\\\/blog\\\/#organization\",\"name\":\"UNDETEC\",\"url\":\"https:\\\/\\\/www.undetec.com\\\/blog\\\/\",\"logo\":{\"@type\":\"ImageObject\",\"inLanguage\":\"ca\",\"@id\":\"https:\\\/\\\/www.undetec.com\\\/blog\\\/#\\\/schema\\\/logo\\\/image\\\/\",\"url\":\"https:\\\/\\\/www.undetec.com\\\/blog\\\/wp-content\\\/uploads\\\/2016\\\/11\\\/undetec_logo.gif\",\"contentUrl\":\"https:\\\/\\\/www.undetec.com\\\/blog\\\/wp-content\\\/uploads\\\/2016\\\/11\\\/undetec_logo.gif\",\"width\":154,\"height\":45,\"caption\":\"UNDETEC\"},\"image\":{\"@id\":\"https:\\\/\\\/www.undetec.com\\\/blog\\\/#\\\/schema\\\/logo\\\/image\\\/\"},\"sameAs\":[\"https:\\\/\\\/www.facebook.com\\\/pages\\\/UNDETEC\\\/120913354659573\"]}]}<\/script>\n<!-- \/ Yoast SEO plugin. -->","yoast_head_json":{"title":"Producte UNDETEC Control Granja","robots":{"index":"index","follow":"follow","max-snippet":"max-snippet:-1","max-image-preview":"max-image-preview:large","max-video-preview":"max-video-preview:-1"},"canonical":"https:\/\/www.undetec.com\/blog\/producte-undetec-control-granja\/","og_locale":"ca_ES","og_type":"article","og_title":"Producte UNDETEC Control Granja","og_description":"Controli les granges a dist\u00e0ncia amb la instal\u00b7laci\u00f3 del producte UNDETEC CONTROL GRANJA. Caracter\u00edstiques del producte Poder veure els animals en directe. Poder veure els animals en diferit al dia, hora, segon i d\u00e8cima. Les temperatures actuals. Les temperatures diferides. Automatismes. Estad\u00edstiques. Alarmes. Diari d&#8217;engreixada. Lectura autom\u00e0tica del pinso de cada sitja amb lector c\u00e8l\u00b7lules &hellip; Continua llegint \u00abProducte UNDETEC Control Granja\u00bb","og_url":"https:\/\/www.undetec.com\/blog\/producte-undetec-control-granja\/","og_site_name":"UNDETEC","article_publisher":"https:\/\/www.facebook.com\/pages\/UNDETEC\/120913354659573","article_modified_time":"2021-01-02T18:32:21+00:00","og_image":[{"width":640,"height":604,"url":"https:\/\/www.undetec.com\/blog\/wp-content\/uploads\/2018\/11\/prod_con_05.png","type":"image\/png"}],"twitter_card":"summary_large_image","twitter_misc":{"Temps estimat de lectura":"1 minut"},"schema":{"@context":"https:\/\/schema.org","@graph":[{"@type":"WebPage","@id":"https:\/\/www.undetec.com\/blog\/producte-undetec-control-granja\/","url":"https:\/\/www.undetec.com\/blog\/producte-undetec-control-granja\/","name":"Producte UNDETEC Control Granja","isPartOf":{"@id":"https:\/\/www.undetec.com\/blog\/#website"},"primaryImageOfPage":{"@id":"https:\/\/www.undetec.com\/blog\/producte-undetec-control-granja\/#primaryimage"},"image":{"@id":"https:\/\/www.undetec.com\/blog\/producte-undetec-control-granja\/#primaryimage"},"thumbnailUrl":"https:\/\/www.undetec.com\/blog\/wp-content\/uploads\/2018\/11\/prod_con_05.png","datePublished":"2015-02-26T09:14:57+00:00","dateModified":"2021-01-02T18:32:21+00:00","breadcrumb":{"@id":"https:\/\/www.undetec.com\/blog\/producte-undetec-control-granja\/#breadcrumb"},"inLanguage":"ca","potentialAction":[{"@type":"ReadAction","target":["https:\/\/www.undetec.com\/blog\/producte-undetec-control-granja\/"]}]},{"@type":"ImageObject","inLanguage":"ca","@id":"https:\/\/www.undetec.com\/blog\/producte-undetec-control-granja\/#primaryimage","url":"https:\/\/www.undetec.com\/blog\/wp-content\/uploads\/2018\/11\/prod_con_05.png","contentUrl":"https:\/\/www.undetec.com\/blog\/wp-content\/uploads\/2018\/11\/prod_con_05.png","width":640,"height":604,"caption":"Undetec control granja"},{"@type":"BreadcrumbList","@id":"https:\/\/www.undetec.com\/blog\/producte-undetec-control-granja\/#breadcrumb","itemListElement":[{"@type":"ListItem","position":1,"name":"Inici","item":"https:\/\/www.undetec.com\/blog\/"},{"@type":"ListItem","position":2,"name":"Producte UNDETEC Control Granja"}]},{"@type":"WebSite","@id":"https:\/\/www.undetec.com\/blog\/#website","url":"https:\/\/www.undetec.com\/blog\/","name":"UNDETEC","description":"UNI\u00d3 DE TECNOLOGIES","publisher":{"@id":"https:\/\/www.undetec.com\/blog\/#organization"},"potentialAction":[{"@type":"SearchAction","target":{"@type":"EntryPoint","urlTemplate":"https:\/\/www.undetec.com\/blog\/?s={search_term_string}"},"query-input":{"@type":"PropertyValueSpecification","valueRequired":true,"valueName":"search_term_string"}}],"inLanguage":"ca"},{"@type":"Organization","@id":"https:\/\/www.undetec.com\/blog\/#organization","name":"UNDETEC","url":"https:\/\/www.undetec.com\/blog\/","logo":{"@type":"ImageObject","inLanguage":"ca","@id":"https:\/\/www.undetec.com\/blog\/#\/schema\/logo\/image\/","url":"https:\/\/www.undetec.com\/blog\/wp-content\/uploads\/2016\/11\/undetec_logo.gif","contentUrl":"https:\/\/www.undetec.com\/blog\/wp-content\/uploads\/2016\/11\/undetec_logo.gif","width":154,"height":45,"caption":"UNDETEC"},"image":{"@id":"https:\/\/www.undetec.com\/blog\/#\/schema\/logo\/image\/"},"sameAs":["https:\/\/www.facebook.com\/pages\/UNDETEC\/120913354659573"]}]}},"_links":{"self":[{"href":"https:\/\/www.undetec.com\/blog\/wp-json\/wp\/v2\/pages\/590","targetHints":{"allow":["GET"]}}],"collection":[{"href":"https:\/\/www.undetec.com\/blog\/wp-json\/wp\/v2\/pages"}],"about":[{"href":"https:\/\/www.undetec.com\/blog\/wp-json\/wp\/v2\/types\/page"}],"author":[{"embeddable":true,"href":"https:\/\/www.undetec.com\/blog\/wp-json\/wp\/v2\/users\/2"}],"replies":[{"embeddable":true,"href":"https:\/\/www.undetec.com\/blog\/wp-json\/wp\/v2\/comments?post=590"}],"version-history":[{"count":24,"href":"https:\/\/www.undetec.com\/blog\/wp-json\/wp\/v2\/pages\/590\/revisions"}],"predecessor-version":[{"id":1993,"href":"https:\/\/www.undetec.com\/blog\/wp-json\/wp\/v2\/pages\/590\/revisions\/1993"}],"wp:featuredmedia":[{"embeddable":true,"href":"https:\/\/www.undetec.com\/blog\/wp-json\/wp\/v2\/media\/1215"}],"wp:attachment":[{"href":"https:\/\/www.undetec.com\/blog\/wp-json\/wp\/v2\/media?parent=590"}],"curies":[{"name":"wp","href":"https:\/\/api.w.org\/{rel}","templated":true}]}}