{"id":593,"date":"2015-02-26T10:16:09","date_gmt":"2015-02-26T09:16:09","guid":{"rendered":"http:\/\/undetec.com\/blog\/?page_id=593"},"modified":"2021-01-01T18:40:47","modified_gmt":"2021-01-01T17:40:47","slug":"producte-undetec-control-transport","status":"publish","type":"page","link":"https:\/\/www.undetec.com\/blog\/producte-undetec-control-transport\/","title":{"rendered":"Producte UNDETEC Control Transport"},"content":{"rendered":"\n<p>Autocars, autobusos, camions&#8230; qualsevol tipus de transport pot millorar la seguretat amb la instal\u00b7laci\u00f3 del producte&nbsp;UNDETEC CONTROL TRANSPORT.<\/p>\n\n\n\n<div class=\"wp-block-image\"><figure class=\"alignright\"><a href=\"\/blog\/wp-content\/uploads\/2016\/01\/image02.jpg\" rel=\"attachment wp-att-870\"><img loading=\"lazy\" decoding=\"async\" width=\"280\" height=\"373\" src=\"\/blog\/wp-content\/uploads\/2016\/01\/image02.jpg\" alt=\"image02\" class=\"wp-image-870\" srcset=\"https:\/\/www.undetec.com\/blog\/wp-content\/uploads\/2016\/01\/image02.jpg 280w, https:\/\/www.undetec.com\/blog\/wp-content\/uploads\/2016\/01\/image02-225x300.jpg 225w\" sizes=\"auto, (max-width: 280px) 85vw, 280px\" \/><\/a><\/figure><\/div>\n\n\n\n<p>Fer un model de mobilitat sostenible, segur i competitiu \u00e9s l\u2019objectiu del projecte UNDETEC CONTROL TRANSPORT.<\/p>\n\n\n\n<p>Amb el nou projecte de V\u00eddeo Vigil\u00e0ncia embarcada, es fa un pas m\u00e9s en el cam\u00ed de millorar la seguretat en l&#8217;interior dels&nbsp;vehicles, augmenta la qualitat del lloc de treball del conductor i tamb\u00e9 augmenta la informaci\u00f3 davant d\u2019un incident.<\/p>\n\n\n\n<p>La implantaci\u00f3 del nou sistema suposa la incorporaci\u00f3 de diversos equipaments als vehicles i la posada en marxa d&#8217;una plataforma central per a la gesti\u00f3 i recepci\u00f3 d&#8217;alarmes.<\/p>\n\n\n\n<div class=\"wp-block-image\"><figure class=\"alignright\"><a href=\"\/blog\/wp-content\/uploads\/2016\/01\/image01.jpg\" rel=\"attachment wp-att-869\"><img loading=\"lazy\" decoding=\"async\" width=\"180\" height=\"138\" src=\"\/blog\/wp-content\/uploads\/2016\/01\/image01.jpg\" alt=\"image01\" class=\"wp-image-869\"\/><\/a><\/figure><\/div>\n\n\n\n<p>Les imatges gravades s&#8217;emmagatzemen en un disc dur instal\u00b7lat en el propi vehicle i tamb\u00e9, depenent de la cobertura, es retransmeten en temps real a la Central Receptora d&#8217;Alarmes (CRA).<\/p>\n\n\n\n<p>\u00c9s important destacar que aquest sistema de gravaci\u00f3 compleix tots els requisits establerts per la legislaci\u00f3 en aquesta mat\u00e8ria.<\/p>\n\n\n\n<p>En el projecte UNDETEC CONTROL TRANSPORT tamb\u00e9 s\u2019incorpora un m\u00f2dul de GPS. D\u2019aquesta manera es pot saber on esta situat cada vehicle en cada moment i enlla\u00e7ar directament amb el control d\u2019imatges.<\/p>\n\n\n\n<p>El sistema GPS ens diu la situaci\u00f3 exacta del vehicle identificat per la seva matr\u00edcula. Polsant a sobre podem veure les imatges en temps real.<a href=\"\/blog\/wp-content\/uploads\/2016\/01\/image04.jpg\" rel=\"attachment wp-att-872\"><img loading=\"lazy\" decoding=\"async\" class=\"alignnone size-full wp-image-872\" src=\"\/blog\/wp-content\/uploads\/2016\/01\/image04.jpg\" alt=\"image04\" width=\"898\" height=\"686\" srcset=\"https:\/\/www.undetec.com\/blog\/wp-content\/uploads\/2016\/01\/image04.jpg 898w, https:\/\/www.undetec.com\/blog\/wp-content\/uploads\/2016\/01\/image04-300x229.jpg 300w, https:\/\/www.undetec.com\/blog\/wp-content\/uploads\/2016\/01\/image04-768x587.jpg 768w, https:\/\/www.undetec.com\/blog\/wp-content\/uploads\/2016\/01\/image04-600x458.jpg 600w\" sizes=\"auto, (max-width: 709px) 85vw, (max-width: 909px) 67vw, (max-width: 1362px) 62vw, 840px\" \/><\/a><\/p>\n\n\n\n<div class=\"wp-block-image\"><figure class=\"alignright\"><a href=\"\/blog\/wp-content\/uploads\/2016\/01\/image05.jpg\" rel=\"attachment wp-att-873\"><img loading=\"lazy\" decoding=\"async\" width=\"300\" height=\"201\" src=\"\/blog\/wp-content\/uploads\/2016\/01\/image05-300x201.jpg\" alt=\"image05\" class=\"wp-image-873\" srcset=\"https:\/\/www.undetec.com\/blog\/wp-content\/uploads\/2016\/01\/image05-300x201.jpg 300w, https:\/\/www.undetec.com\/blog\/wp-content\/uploads\/2016\/01\/image05.jpg 400w\" sizes=\"auto, (max-width: 300px) 85vw, 300px\" \/><\/a><\/figure><\/div>\n\n\n\n<p><br>Tamb\u00e9 podem fer un recorregut per l\u2019hist\u00f2ric d\u2019imatges gravades que ha fet el vehicle una vegada s\u2019hagin descarregat a la central. D\u2019aquesta manera es pot reconstruir tot el viatge amb les seves parades amb les estad\u00edstiques de temps mig, total, de parades, de c\u00e0rrega i desc\u00e0rrega&#8230;<\/p>\n\n\n\n<p>A m\u00e9s tamb\u00e9 es guarda les dades de control del vehicle com velocitats, consum, frenades&#8230; D\u2019aquesta manera podem saber estad\u00edsticament els diferents tipus de velocitats, com per exemple entre un punt i un altre del mapa o entre una hora i una altra, amb el nombre de parades i frenades i tamb\u00e9 amb el que ha consumit el vehicle. D\u2019aquesta manera podem fer comparacions entre vehicles amb incorporacions de diversos par\u00e0metres com c\u00e0rregues, recorreguts, temps, consums, parades&#8230;<\/p>\n\n\n\n<div class=\"wp-block-image\"><figure class=\"alignright\"><a href=\"\/blog\/wp-content\/uploads\/2016\/01\/image10.jpg\" rel=\"attachment wp-att-878\"><img loading=\"lazy\" decoding=\"async\" width=\"340\" height=\"1211\" src=\"\/blog\/wp-content\/uploads\/2016\/01\/image10.jpg\" alt=\"image10\" class=\"wp-image-878\" srcset=\"https:\/\/www.undetec.com\/blog\/wp-content\/uploads\/2016\/01\/image10.jpg 340w, https:\/\/www.undetec.com\/blog\/wp-content\/uploads\/2016\/01\/image10-84x300.jpg 84w\" sizes=\"auto, (max-width: 340px) 85vw, 340px\" \/><\/a><\/figure><\/div>\n\n\n\n<p>Diverses autoritats del transport han escollit el v\u00eddeo en xarxa per millorar la seguretat i protecci\u00f3 en els seus sistemes de tr\u00e0nsit, o per veure i compartir informaci\u00f3 en temps real sobre el tr\u00e0nsit i les condicions de les carreteres.&nbsp;Com a conseq\u00fc\u00e8ncia, es beneficien de:<\/p>\n\n\n\n<ul class=\"wp-block-list\"><li>Un entorn m\u00e9s segur per als passatgers i el personal.<br>Menys vandalisme, viol\u00e8ncia i reclamacions de danys fraudulentes.<\/li><li>Acc\u00e9s en temps real a imatges en viu i gravades.<\/li><li>Una soluci\u00f3 de vigil\u00e0ncia flexible i preparada per al futur.<\/li><li>Vigil\u00e0ncia m\u00f2bil en camions, autocars, autobusos, ferrocarrils, furgonetes, turismes&#8230;<\/li><li>Les c\u00e0meres de xarxa UNDETEC ajuden a crear un entorn segur en qualsevol vehicle.&nbsp;A m\u00e9s, ofereixen les capacitats seg\u00fcents:<\/li><li>Imatges d&#8217;alta qualitat que no donen lloc a interpretacions equivocades.<\/li><li>Alarma antimanipulaci\u00f3 integrada que avisa autom\u00e0ticament si es manipula la c\u00e0mera.<\/li><li>Instal\u00b7laci\u00f3 flexible i rendible gr\u00e0cies a l&#8217;\u00fas de connexi\u00f3 a xarxa IP est\u00e0ndard i Alimentaci\u00f3 a trav\u00e9s d&#8217;Ethernet (PoE).<\/li><li>Calefactor integrat per garantir la plena funcionalitat a totes les temperatures.<\/li><li>Vigil\u00e0ncia d&#8217;aeroports, estacions, terminals, magatzems&#8230;<\/li><\/ul>\n\n\n\n<p>Hi ha moltes raons per vigilar qualsevol instal\u00b7laci\u00f3 de transport.&nbsp;El v\u00eddeo en xarxa ofereix una soluci\u00f3 de vigil\u00e0ncia que proporciona v\u00eddeo d&#8217;alta qualitat dels incidents i amenaces potencials.&nbsp;Tamb\u00e9 es beneficia de les caracter\u00edstiques intel\u00b7ligents integrades que afegeixen valor al seu sistema de vigil\u00e0ncia, per exemple, la detecci\u00f3 de moviment, que permet enviar autom\u00e0ticament una alerta quan una persona camina per les vies o alg\u00fa entra en una zona restringida.<br>Informaci\u00f3 de la infraestructura: tr\u00e0nsit, carreteres i vies.<\/p>\n\n\n\n<p>La demanda d&#8217;informaci\u00f3 en temps real de les condicions del tr\u00e0nsit i les carreteres est\u00e0 creixent r\u00e0pidament.&nbsp;I la introducci\u00f3 del v\u00eddeo en xarxa crea noves possibilitats per recopilar i compartir de manera eficient informaci\u00f3 de v\u00eddeo d&#8217;alta qualitat per a diferents grups objectiu:<\/p>\n\n\n\n<ul class=\"wp-block-list\"><li>Els passatgers habituals de rodalies poden accedir f\u00e0cilment a v\u00eddeo en viu des de qualsevol part a trav\u00e9s d&#8217;un ordinador.<\/li><li>Les unitats de resposta immediata poden determinar r\u00e0pidament la millor ruta i veure les condicions previstes despr\u00e9s de l&#8217;arribada.<\/li><li>Les noves estacions poden accedir en directe a butlletins d&#8217;informaci\u00f3 de tr\u00e0nsit.<\/li><li>El personal de manteniment pot establir m\u00e9s f\u00e0cilment prioritats en les seves ordres de treball.<\/li><\/ul>\n\n\n\n<p>Descarrega <a href=\"\/pdf\/product_transport_ca.pdf\" target=\"_blank\" rel=\"noopener\">PDF<\/a>.<\/p>\n","protected":false},"excerpt":{"rendered":"<p>Autocars, autobusos, camions&#8230; qualsevol tipus de transport pot millorar la seguretat amb la instal\u00b7laci\u00f3 del producte&nbsp;UNDETEC CONTROL TRANSPORT. Fer un model de mobilitat sostenible, segur i competitiu \u00e9s l\u2019objectiu del projecte UNDETEC CONTROL TRANSPORT. Amb el nou projecte de V\u00eddeo Vigil\u00e0ncia embarcada, es fa un pas m\u00e9s en el cam\u00ed de millorar la seguretat en &hellip; <a href=\"https:\/\/www.undetec.com\/blog\/producte-undetec-control-transport\/\" class=\"more-link\">Continua llegint <span class=\"screen-reader-text\">\u00abProducte UNDETEC Control Transport\u00bb<\/span><\/a><\/p>\n","protected":false},"author":2,"featured_media":0,"parent":0,"menu_order":0,"comment_status":"closed","ping_status":"closed","template":"","meta":{"footnotes":""},"class_list":["post-593","page","type-page","status-publish","hentry"],"yoast_head":"<!-- This site is optimized with the Yoast SEO plugin v27.4 - https:\/\/yoast.com\/product\/yoast-seo-wordpress\/ -->\n<title>Producte UNDETEC Control Transport<\/title>\n<meta name=\"robots\" content=\"index, follow, max-snippet:-1, max-image-preview:large, max-video-preview:-1\" \/>\n<link rel=\"canonical\" href=\"https:\/\/www.undetec.com\/blog\/producte-undetec-control-transport\/\" \/>\n<meta property=\"og:locale\" content=\"ca_ES\" \/>\n<meta property=\"og:type\" content=\"article\" \/>\n<meta property=\"og:title\" content=\"Producte UNDETEC Control Transport\" \/>\n<meta property=\"og:description\" content=\"Autocars, autobusos, camions&#8230; qualsevol tipus de transport pot millorar la seguretat amb la instal\u00b7laci\u00f3 del producte&nbsp;UNDETEC CONTROL TRANSPORT. Fer un model de mobilitat sostenible, segur i competitiu \u00e9s l\u2019objectiu del projecte UNDETEC CONTROL TRANSPORT. Amb el nou projecte de V\u00eddeo Vigil\u00e0ncia embarcada, es fa un pas m\u00e9s en el cam\u00ed de millorar la seguretat en &hellip; Continua llegint \u00abProducte UNDETEC Control Transport\u00bb\" \/>\n<meta property=\"og:url\" content=\"https:\/\/www.undetec.com\/blog\/producte-undetec-control-transport\/\" \/>\n<meta property=\"og:site_name\" content=\"UNDETEC\" \/>\n<meta property=\"article:publisher\" content=\"https:\/\/www.facebook.com\/pages\/UNDETEC\/120913354659573\" \/>\n<meta property=\"article:modified_time\" content=\"2021-01-01T17:40:47+00:00\" \/>\n<meta property=\"og:image\" content=\"https:\/\/www.undetec.com\/blog\/wp-content\/uploads\/2016\/01\/image02.jpg\" \/>\n<meta name=\"twitter:card\" content=\"summary_large_image\" \/>\n<meta name=\"twitter:label1\" content=\"Temps estimat de lectura\" \/>\n\t<meta name=\"twitter:data1\" content=\"4 minuts\" \/>\n<script type=\"application\/ld+json\" class=\"yoast-schema-graph\">{\"@context\":\"https:\\\/\\\/schema.org\",\"@graph\":[{\"@type\":\"WebPage\",\"@id\":\"https:\\\/\\\/www.undetec.com\\\/blog\\\/producte-undetec-control-transport\\\/\",\"url\":\"https:\\\/\\\/www.undetec.com\\\/blog\\\/producte-undetec-control-transport\\\/\",\"name\":\"Producte UNDETEC Control Transport\",\"isPartOf\":{\"@id\":\"https:\\\/\\\/www.undetec.com\\\/blog\\\/#website\"},\"datePublished\":\"2015-02-26T09:16:09+00:00\",\"dateModified\":\"2021-01-01T17:40:47+00:00\",\"breadcrumb\":{\"@id\":\"https:\\\/\\\/www.undetec.com\\\/blog\\\/producte-undetec-control-transport\\\/#breadcrumb\"},\"inLanguage\":\"ca\",\"potentialAction\":[{\"@type\":\"ReadAction\",\"target\":[\"https:\\\/\\\/www.undetec.com\\\/blog\\\/producte-undetec-control-transport\\\/\"]}]},{\"@type\":\"BreadcrumbList\",\"@id\":\"https:\\\/\\\/www.undetec.com\\\/blog\\\/producte-undetec-control-transport\\\/#breadcrumb\",\"itemListElement\":[{\"@type\":\"ListItem\",\"position\":1,\"name\":\"Inici\",\"item\":\"https:\\\/\\\/www.undetec.com\\\/blog\\\/\"},{\"@type\":\"ListItem\",\"position\":2,\"name\":\"Producte UNDETEC Control Transport\"}]},{\"@type\":\"WebSite\",\"@id\":\"https:\\\/\\\/www.undetec.com\\\/blog\\\/#website\",\"url\":\"https:\\\/\\\/www.undetec.com\\\/blog\\\/\",\"name\":\"UNDETEC\",\"description\":\"UNI\u00d3 DE TECNOLOGIES\",\"publisher\":{\"@id\":\"https:\\\/\\\/www.undetec.com\\\/blog\\\/#organization\"},\"potentialAction\":[{\"@type\":\"SearchAction\",\"target\":{\"@type\":\"EntryPoint\",\"urlTemplate\":\"https:\\\/\\\/www.undetec.com\\\/blog\\\/?s={search_term_string}\"},\"query-input\":{\"@type\":\"PropertyValueSpecification\",\"valueRequired\":true,\"valueName\":\"search_term_string\"}}],\"inLanguage\":\"ca\"},{\"@type\":\"Organization\",\"@id\":\"https:\\\/\\\/www.undetec.com\\\/blog\\\/#organization\",\"name\":\"UNDETEC\",\"url\":\"https:\\\/\\\/www.undetec.com\\\/blog\\\/\",\"logo\":{\"@type\":\"ImageObject\",\"inLanguage\":\"ca\",\"@id\":\"https:\\\/\\\/www.undetec.com\\\/blog\\\/#\\\/schema\\\/logo\\\/image\\\/\",\"url\":\"https:\\\/\\\/www.undetec.com\\\/blog\\\/wp-content\\\/uploads\\\/2016\\\/11\\\/undetec_logo.gif\",\"contentUrl\":\"https:\\\/\\\/www.undetec.com\\\/blog\\\/wp-content\\\/uploads\\\/2016\\\/11\\\/undetec_logo.gif\",\"width\":154,\"height\":45,\"caption\":\"UNDETEC\"},\"image\":{\"@id\":\"https:\\\/\\\/www.undetec.com\\\/blog\\\/#\\\/schema\\\/logo\\\/image\\\/\"},\"sameAs\":[\"https:\\\/\\\/www.facebook.com\\\/pages\\\/UNDETEC\\\/120913354659573\"]}]}<\/script>\n<!-- \/ Yoast SEO plugin. -->","yoast_head_json":{"title":"Producte UNDETEC Control Transport","robots":{"index":"index","follow":"follow","max-snippet":"max-snippet:-1","max-image-preview":"max-image-preview:large","max-video-preview":"max-video-preview:-1"},"canonical":"https:\/\/www.undetec.com\/blog\/producte-undetec-control-transport\/","og_locale":"ca_ES","og_type":"article","og_title":"Producte UNDETEC Control Transport","og_description":"Autocars, autobusos, camions&#8230; qualsevol tipus de transport pot millorar la seguretat amb la instal\u00b7laci\u00f3 del producte&nbsp;UNDETEC CONTROL TRANSPORT. Fer un model de mobilitat sostenible, segur i competitiu \u00e9s l\u2019objectiu del projecte UNDETEC CONTROL TRANSPORT. Amb el nou projecte de V\u00eddeo Vigil\u00e0ncia embarcada, es fa un pas m\u00e9s en el cam\u00ed de millorar la seguretat en &hellip; Continua llegint \u00abProducte UNDETEC Control Transport\u00bb","og_url":"https:\/\/www.undetec.com\/blog\/producte-undetec-control-transport\/","og_site_name":"UNDETEC","article_publisher":"https:\/\/www.facebook.com\/pages\/UNDETEC\/120913354659573","article_modified_time":"2021-01-01T17:40:47+00:00","og_image":[{"url":"https:\/\/www.undetec.com\/blog\/wp-content\/uploads\/2016\/01\/image02.jpg","type":"","width":"","height":""}],"twitter_card":"summary_large_image","twitter_misc":{"Temps estimat de lectura":"4 minuts"},"schema":{"@context":"https:\/\/schema.org","@graph":[{"@type":"WebPage","@id":"https:\/\/www.undetec.com\/blog\/producte-undetec-control-transport\/","url":"https:\/\/www.undetec.com\/blog\/producte-undetec-control-transport\/","name":"Producte UNDETEC Control Transport","isPartOf":{"@id":"https:\/\/www.undetec.com\/blog\/#website"},"datePublished":"2015-02-26T09:16:09+00:00","dateModified":"2021-01-01T17:40:47+00:00","breadcrumb":{"@id":"https:\/\/www.undetec.com\/blog\/producte-undetec-control-transport\/#breadcrumb"},"inLanguage":"ca","potentialAction":[{"@type":"ReadAction","target":["https:\/\/www.undetec.com\/blog\/producte-undetec-control-transport\/"]}]},{"@type":"BreadcrumbList","@id":"https:\/\/www.undetec.com\/blog\/producte-undetec-control-transport\/#breadcrumb","itemListElement":[{"@type":"ListItem","position":1,"name":"Inici","item":"https:\/\/www.undetec.com\/blog\/"},{"@type":"ListItem","position":2,"name":"Producte UNDETEC Control Transport"}]},{"@type":"WebSite","@id":"https:\/\/www.undetec.com\/blog\/#website","url":"https:\/\/www.undetec.com\/blog\/","name":"UNDETEC","description":"UNI\u00d3 DE TECNOLOGIES","publisher":{"@id":"https:\/\/www.undetec.com\/blog\/#organization"},"potentialAction":[{"@type":"SearchAction","target":{"@type":"EntryPoint","urlTemplate":"https:\/\/www.undetec.com\/blog\/?s={search_term_string}"},"query-input":{"@type":"PropertyValueSpecification","valueRequired":true,"valueName":"search_term_string"}}],"inLanguage":"ca"},{"@type":"Organization","@id":"https:\/\/www.undetec.com\/blog\/#organization","name":"UNDETEC","url":"https:\/\/www.undetec.com\/blog\/","logo":{"@type":"ImageObject","inLanguage":"ca","@id":"https:\/\/www.undetec.com\/blog\/#\/schema\/logo\/image\/","url":"https:\/\/www.undetec.com\/blog\/wp-content\/uploads\/2016\/11\/undetec_logo.gif","contentUrl":"https:\/\/www.undetec.com\/blog\/wp-content\/uploads\/2016\/11\/undetec_logo.gif","width":154,"height":45,"caption":"UNDETEC"},"image":{"@id":"https:\/\/www.undetec.com\/blog\/#\/schema\/logo\/image\/"},"sameAs":["https:\/\/www.facebook.com\/pages\/UNDETEC\/120913354659573"]}]}},"_links":{"self":[{"href":"https:\/\/www.undetec.com\/blog\/wp-json\/wp\/v2\/pages\/593","targetHints":{"allow":["GET"]}}],"collection":[{"href":"https:\/\/www.undetec.com\/blog\/wp-json\/wp\/v2\/pages"}],"about":[{"href":"https:\/\/www.undetec.com\/blog\/wp-json\/wp\/v2\/types\/page"}],"author":[{"embeddable":true,"href":"https:\/\/www.undetec.com\/blog\/wp-json\/wp\/v2\/users\/2"}],"replies":[{"embeddable":true,"href":"https:\/\/www.undetec.com\/blog\/wp-json\/wp\/v2\/comments?post=593"}],"version-history":[{"count":6,"href":"https:\/\/www.undetec.com\/blog\/wp-json\/wp\/v2\/pages\/593\/revisions"}],"predecessor-version":[{"id":1961,"href":"https:\/\/www.undetec.com\/blog\/wp-json\/wp\/v2\/pages\/593\/revisions\/1961"}],"wp:attachment":[{"href":"https:\/\/www.undetec.com\/blog\/wp-json\/wp\/v2\/media?parent=593"}],"curies":[{"name":"wp","href":"https:\/\/api.w.org\/{rel}","templated":true}]}}