{"id":595,"date":"2015-02-26T10:17:07","date_gmt":"2015-02-26T09:17:07","guid":{"rendered":"http:\/\/undetec.com\/blog\/?page_id=595"},"modified":"2018-11-12T23:23:09","modified_gmt":"2018-11-12T22:23:09","slug":"producte-undetec-sentinella","status":"publish","type":"page","link":"https:\/\/www.undetec.com\/blog\/producte-undetec-sentinella\/","title":{"rendered":"Producte UNDETEC Sentinella"},"content":{"rendered":"<p>\u00c9s una caixa tancada que incorpora un sistema de vigil\u00e0ncia en c\u00e0meres i alarmes que protegeix, controla i comunica qualsevol indret amb el client mitjan\u00e7ant el m\u00f2bil i internet: No necessita de cap instal\u00b7laci\u00f3 pr\u00e8via de l\u00ednia de dades ni tampoc de cap subministrament de corrent si la infraestructura no ho permet.<\/p>\n<p>Controli temporalment llocs remots, hostils, inaccessibles, amb la instal\u00b7laci\u00f3 del producte UNDETEC SENTINELLA.<\/p>\n<ul class=\"ul1\">\n<li style=\"list-style-type: none\">\n<ul class=\"ul1\">\n<li class=\"li1\">Possibilitat de lloguer durant el temps necessari. Un Robust, fidel i segur SENTINELLA li controlar\u00e0 i vigilar\u00e0 un indret concret dins el seu negoci, explotaci\u00f3 o empresa.<\/li>\n<\/ul>\n<\/li>\n<\/ul>\n<p>&nbsp;<\/p>\n<ul class=\"ul1\">\n<li style=\"list-style-type: none\">\n<ul class=\"ul1\">\n<li class=\"li1\">L&#8217;avisar\u00e0 quan marxi el subministrament el\u00e8ctric, si els sensors de temperatura, humitat&#8230; estan fora de rang, i tamb\u00e9 si alg\u00fa sense autoritzaci\u00f3 entra dins l&#8217;\u00e0rea protegida, etc.<\/li>\n<\/ul>\n<\/li>\n<\/ul>\n<p>&nbsp;<\/p>\n<ul class=\"ul1\">\n<li style=\"list-style-type: none\">\n<ul class=\"ul1\">\n<li class=\"li1\">Podr\u00e0 consultar les c\u00e0meres en directe o veure les imatges gravades(dia i nit) de tot el que UNDETEC SENTINELLA ha vist.<\/li>\n<\/ul>\n<\/li>\n<\/ul>\n<p>&nbsp;<\/p>\n<ul class=\"ul1\">\n<li class=\"li1\">Es pot demanar o rebre peri\u00f2dicament informes l&#8217;estat de la instal\u00b7laci\u00f3.<\/li>\n<\/ul>\n<p>En UNDETEC SENTINELLA si pot confiar plenament. No el decebr\u00e0.<\/p>\n<figure id=\"attachment_1120\" aria-describedby=\"caption-attachment-1120\" style=\"width: 600px\" class=\"wp-caption alignnone\"><a href=\"\/blog\/wp-content\/uploads\/2018\/03\/IMG_3349.jpg\"><img loading=\"lazy\" decoding=\"async\" class=\"size-full wp-image-1120\" src=\"\/blog\/wp-content\/uploads\/2018\/03\/IMG_3349.jpg\" alt=\"Sentinella\" width=\"600\" height=\"800\" srcset=\"https:\/\/www.undetec.com\/blog\/wp-content\/uploads\/2018\/03\/IMG_3349.jpg 600w, https:\/\/www.undetec.com\/blog\/wp-content\/uploads\/2018\/03\/IMG_3349-225x300.jpg 225w\" sizes=\"auto, (max-width: 600px) 85vw, 600px\" \/><\/a><figcaption id=\"caption-attachment-1120\" class=\"wp-caption-text\">Sentinella<\/figcaption><\/figure>\n<p>&nbsp;<\/p>\n","protected":false},"excerpt":{"rendered":"<p>\u00c9s una caixa tancada que incorpora un sistema de vigil\u00e0ncia en c\u00e0meres i alarmes que protegeix, controla i comunica qualsevol indret amb el client mitjan\u00e7ant el m\u00f2bil i internet: No necessita de cap instal\u00b7laci\u00f3 pr\u00e8via de l\u00ednia de dades ni tampoc de cap subministrament de corrent si la infraestructura no ho permet. Controli temporalment llocs &hellip; <a href=\"https:\/\/www.undetec.com\/blog\/producte-undetec-sentinella\/\" class=\"more-link\">Continua llegint <span class=\"screen-reader-text\">\u00abProducte UNDETEC Sentinella\u00bb<\/span><\/a><\/p>\n","protected":false},"author":2,"featured_media":0,"parent":0,"menu_order":0,"comment_status":"closed","ping_status":"closed","template":"","meta":{"footnotes":""},"class_list":["post-595","page","type-page","status-publish","hentry"],"yoast_head":"<!-- This site is optimized with the Yoast SEO plugin v27.6 - https:\/\/yoast.com\/product\/yoast-seo-wordpress\/ -->\n<title>Producte UNDETEC Sentinella<\/title>\n<meta name=\"robots\" content=\"index, follow, max-snippet:-1, max-image-preview:large, max-video-preview:-1\" \/>\n<link rel=\"canonical\" href=\"https:\/\/www.undetec.com\/blog\/producte-undetec-sentinella\/\" \/>\n<meta property=\"og:locale\" content=\"ca_ES\" \/>\n<meta property=\"og:type\" content=\"article\" \/>\n<meta property=\"og:title\" content=\"Producte UNDETEC Sentinella\" \/>\n<meta property=\"og:description\" content=\"\u00c9s una caixa tancada que incorpora un sistema de vigil\u00e0ncia en c\u00e0meres i alarmes que protegeix, controla i comunica qualsevol indret amb el client mitjan\u00e7ant el m\u00f2bil i internet: No necessita de cap instal\u00b7laci\u00f3 pr\u00e8via de l\u00ednia de dades ni tampoc de cap subministrament de corrent si la infraestructura no ho permet. Controli temporalment llocs &hellip; Continua llegint \u00abProducte UNDETEC Sentinella\u00bb\" \/>\n<meta property=\"og:url\" content=\"https:\/\/www.undetec.com\/blog\/producte-undetec-sentinella\/\" \/>\n<meta property=\"og:site_name\" content=\"UNDETEC\" \/>\n<meta property=\"article:publisher\" content=\"https:\/\/www.facebook.com\/pages\/UNDETEC\/120913354659573\" \/>\n<meta property=\"article:modified_time\" content=\"2018-11-12T22:23:09+00:00\" \/>\n<meta property=\"og:image\" content=\"https:\/\/www.undetec.com\/blog\/wp-content\/uploads\/2018\/03\/IMG_3349.jpg\" \/>\n<meta name=\"twitter:card\" content=\"summary_large_image\" \/>\n<meta name=\"twitter:label1\" content=\"Temps estimat de lectura\" \/>\n\t<meta name=\"twitter:data1\" content=\"1 minut\" \/>\n<script type=\"application\/ld+json\" class=\"yoast-schema-graph\">{\"@context\":\"https:\\\/\\\/schema.org\",\"@graph\":[{\"@type\":\"WebPage\",\"@id\":\"https:\\\/\\\/www.undetec.com\\\/blog\\\/producte-undetec-sentinella\\\/\",\"url\":\"https:\\\/\\\/www.undetec.com\\\/blog\\\/producte-undetec-sentinella\\\/\",\"name\":\"Producte UNDETEC Sentinella\",\"isPartOf\":{\"@id\":\"https:\\\/\\\/www.undetec.com\\\/blog\\\/#website\"},\"datePublished\":\"2015-02-26T09:17:07+00:00\",\"dateModified\":\"2018-11-12T22:23:09+00:00\",\"breadcrumb\":{\"@id\":\"https:\\\/\\\/www.undetec.com\\\/blog\\\/producte-undetec-sentinella\\\/#breadcrumb\"},\"inLanguage\":\"ca\",\"potentialAction\":[{\"@type\":\"ReadAction\",\"target\":[\"https:\\\/\\\/www.undetec.com\\\/blog\\\/producte-undetec-sentinella\\\/\"]}]},{\"@type\":\"BreadcrumbList\",\"@id\":\"https:\\\/\\\/www.undetec.com\\\/blog\\\/producte-undetec-sentinella\\\/#breadcrumb\",\"itemListElement\":[{\"@type\":\"ListItem\",\"position\":1,\"name\":\"Inici\",\"item\":\"https:\\\/\\\/www.undetec.com\\\/blog\\\/\"},{\"@type\":\"ListItem\",\"position\":2,\"name\":\"Producte UNDETEC Sentinella\"}]},{\"@type\":\"WebSite\",\"@id\":\"https:\\\/\\\/www.undetec.com\\\/blog\\\/#website\",\"url\":\"https:\\\/\\\/www.undetec.com\\\/blog\\\/\",\"name\":\"UNDETEC\",\"description\":\"UNI\u00d3 DE TECNOLOGIES\",\"publisher\":{\"@id\":\"https:\\\/\\\/www.undetec.com\\\/blog\\\/#organization\"},\"potentialAction\":[{\"@type\":\"SearchAction\",\"target\":{\"@type\":\"EntryPoint\",\"urlTemplate\":\"https:\\\/\\\/www.undetec.com\\\/blog\\\/?s={search_term_string}\"},\"query-input\":{\"@type\":\"PropertyValueSpecification\",\"valueRequired\":true,\"valueName\":\"search_term_string\"}}],\"inLanguage\":\"ca\"},{\"@type\":\"Organization\",\"@id\":\"https:\\\/\\\/www.undetec.com\\\/blog\\\/#organization\",\"name\":\"UNDETEC\",\"url\":\"https:\\\/\\\/www.undetec.com\\\/blog\\\/\",\"logo\":{\"@type\":\"ImageObject\",\"inLanguage\":\"ca\",\"@id\":\"https:\\\/\\\/www.undetec.com\\\/blog\\\/#\\\/schema\\\/logo\\\/image\\\/\",\"url\":\"https:\\\/\\\/www.undetec.com\\\/blog\\\/wp-content\\\/uploads\\\/2016\\\/11\\\/undetec_logo.gif\",\"contentUrl\":\"https:\\\/\\\/www.undetec.com\\\/blog\\\/wp-content\\\/uploads\\\/2016\\\/11\\\/undetec_logo.gif\",\"width\":154,\"height\":45,\"caption\":\"UNDETEC\"},\"image\":{\"@id\":\"https:\\\/\\\/www.undetec.com\\\/blog\\\/#\\\/schema\\\/logo\\\/image\\\/\"},\"sameAs\":[\"https:\\\/\\\/www.facebook.com\\\/pages\\\/UNDETEC\\\/120913354659573\"]}]}<\/script>\n<!-- \/ Yoast SEO plugin. -->","yoast_head_json":{"title":"Producte UNDETEC Sentinella","robots":{"index":"index","follow":"follow","max-snippet":"max-snippet:-1","max-image-preview":"max-image-preview:large","max-video-preview":"max-video-preview:-1"},"canonical":"https:\/\/www.undetec.com\/blog\/producte-undetec-sentinella\/","og_locale":"ca_ES","og_type":"article","og_title":"Producte UNDETEC Sentinella","og_description":"\u00c9s una caixa tancada que incorpora un sistema de vigil\u00e0ncia en c\u00e0meres i alarmes que protegeix, controla i comunica qualsevol indret amb el client mitjan\u00e7ant el m\u00f2bil i internet: No necessita de cap instal\u00b7laci\u00f3 pr\u00e8via de l\u00ednia de dades ni tampoc de cap subministrament de corrent si la infraestructura no ho permet. Controli temporalment llocs &hellip; Continua llegint \u00abProducte UNDETEC Sentinella\u00bb","og_url":"https:\/\/www.undetec.com\/blog\/producte-undetec-sentinella\/","og_site_name":"UNDETEC","article_publisher":"https:\/\/www.facebook.com\/pages\/UNDETEC\/120913354659573","article_modified_time":"2018-11-12T22:23:09+00:00","og_image":[{"url":"https:\/\/www.undetec.com\/blog\/wp-content\/uploads\/2018\/03\/IMG_3349.jpg","type":"","width":"","height":""}],"twitter_card":"summary_large_image","twitter_misc":{"Temps estimat de lectura":"1 minut"},"schema":{"@context":"https:\/\/schema.org","@graph":[{"@type":"WebPage","@id":"https:\/\/www.undetec.com\/blog\/producte-undetec-sentinella\/","url":"https:\/\/www.undetec.com\/blog\/producte-undetec-sentinella\/","name":"Producte UNDETEC Sentinella","isPartOf":{"@id":"https:\/\/www.undetec.com\/blog\/#website"},"datePublished":"2015-02-26T09:17:07+00:00","dateModified":"2018-11-12T22:23:09+00:00","breadcrumb":{"@id":"https:\/\/www.undetec.com\/blog\/producte-undetec-sentinella\/#breadcrumb"},"inLanguage":"ca","potentialAction":[{"@type":"ReadAction","target":["https:\/\/www.undetec.com\/blog\/producte-undetec-sentinella\/"]}]},{"@type":"BreadcrumbList","@id":"https:\/\/www.undetec.com\/blog\/producte-undetec-sentinella\/#breadcrumb","itemListElement":[{"@type":"ListItem","position":1,"name":"Inici","item":"https:\/\/www.undetec.com\/blog\/"},{"@type":"ListItem","position":2,"name":"Producte UNDETEC Sentinella"}]},{"@type":"WebSite","@id":"https:\/\/www.undetec.com\/blog\/#website","url":"https:\/\/www.undetec.com\/blog\/","name":"UNDETEC","description":"UNI\u00d3 DE TECNOLOGIES","publisher":{"@id":"https:\/\/www.undetec.com\/blog\/#organization"},"potentialAction":[{"@type":"SearchAction","target":{"@type":"EntryPoint","urlTemplate":"https:\/\/www.undetec.com\/blog\/?s={search_term_string}"},"query-input":{"@type":"PropertyValueSpecification","valueRequired":true,"valueName":"search_term_string"}}],"inLanguage":"ca"},{"@type":"Organization","@id":"https:\/\/www.undetec.com\/blog\/#organization","name":"UNDETEC","url":"https:\/\/www.undetec.com\/blog\/","logo":{"@type":"ImageObject","inLanguage":"ca","@id":"https:\/\/www.undetec.com\/blog\/#\/schema\/logo\/image\/","url":"https:\/\/www.undetec.com\/blog\/wp-content\/uploads\/2016\/11\/undetec_logo.gif","contentUrl":"https:\/\/www.undetec.com\/blog\/wp-content\/uploads\/2016\/11\/undetec_logo.gif","width":154,"height":45,"caption":"UNDETEC"},"image":{"@id":"https:\/\/www.undetec.com\/blog\/#\/schema\/logo\/image\/"},"sameAs":["https:\/\/www.facebook.com\/pages\/UNDETEC\/120913354659573"]}]}},"_links":{"self":[{"href":"https:\/\/www.undetec.com\/blog\/wp-json\/wp\/v2\/pages\/595","targetHints":{"allow":["GET"]}}],"collection":[{"href":"https:\/\/www.undetec.com\/blog\/wp-json\/wp\/v2\/pages"}],"about":[{"href":"https:\/\/www.undetec.com\/blog\/wp-json\/wp\/v2\/types\/page"}],"author":[{"embeddable":true,"href":"https:\/\/www.undetec.com\/blog\/wp-json\/wp\/v2\/users\/2"}],"replies":[{"embeddable":true,"href":"https:\/\/www.undetec.com\/blog\/wp-json\/wp\/v2\/comments?post=595"}],"version-history":[{"count":4,"href":"https:\/\/www.undetec.com\/blog\/wp-json\/wp\/v2\/pages\/595\/revisions"}],"predecessor-version":[{"id":1307,"href":"https:\/\/www.undetec.com\/blog\/wp-json\/wp\/v2\/pages\/595\/revisions\/1307"}],"wp:attachment":[{"href":"https:\/\/www.undetec.com\/blog\/wp-json\/wp\/v2\/media?parent=595"}],"curies":[{"name":"wp","href":"https:\/\/api.w.org\/{rel}","templated":true}]}}