{"id":6,"date":"2014-11-30T01:27:59","date_gmt":"2014-11-30T00:27:59","guid":{"rendered":"http:\/\/undetec.com\/blog\/?page_id=6"},"modified":"2018-11-12T23:01:30","modified_gmt":"2018-11-12T22:01:30","slug":"qui-som","status":"publish","type":"page","link":"https:\/\/www.undetec.com\/blog\/qui-som\/","title":{"rendered":"Qui som?"},"content":{"rendered":"<p>UNDETEC. Uni\u00f3 de tecnologies.<\/p>\n<p><a href=\"\/blog\/wp-content\/uploads\/2015\/03\/UNDETEC.jpg\" rel=\"attachment wp-att-649\"><img loading=\"lazy\" decoding=\"async\" class=\"alignleft wp-image-649 size-thumbnail\" src=\"\/blog\/wp-content\/uploads\/2015\/03\/UNDETEC-150x150.jpg\" alt=\"UNDETEC\" width=\"150\" height=\"150\"><\/a>Empresa fundada al 2009 dedicada al sector de les Noves Tecnologies i la inform\u00e0tica, amb creaci\u00f3 pr\u00f2pia, gesti\u00f3 i investigaci\u00f3. Maquinari i programari amb an\u00e0lisi i instal\u00b7laci\u00f3 de projectes, fru\u00eft de la uni\u00f3 de diverses tecnologies.<\/p>\n<p>Especialitzats en controlar remotament, via web o m\u00f2bil\/smartphone, diferents automatismes industrials, sistemes de videovigil\u00e0ncia, seguretat, control biom\u00e8tric, hist\u00f2rics i serveis web de qualsevol tipus.<\/p>\n<p>Per qualsevol q\u00fcesti\u00f3 podeu utilitzar la p\u00e0gina de <a href=\"\/blog\/contacta\/\">contacta<\/a>.<\/p>\n","protected":false},"excerpt":{"rendered":"<p>UNDETEC. Uni\u00f3 de tecnologies. Empresa fundada al 2009 dedicada al sector de les Noves Tecnologies i la inform\u00e0tica, amb creaci\u00f3 pr\u00f2pia, gesti\u00f3 i investigaci\u00f3. Maquinari i programari amb an\u00e0lisi i instal\u00b7laci\u00f3 de projectes, fru\u00eft de la uni\u00f3 de diverses tecnologies. Especialitzats en controlar remotament, via web o m\u00f2bil\/smartphone, diferents automatismes industrials, sistemes de videovigil\u00e0ncia, seguretat, &hellip; <a href=\"https:\/\/www.undetec.com\/blog\/qui-som\/\" class=\"more-link\">Continua llegint <span class=\"screen-reader-text\">\u00abQui som?\u00bb<\/span><\/a><\/p>\n","protected":false},"author":2,"featured_media":0,"parent":0,"menu_order":0,"comment_status":"closed","ping_status":"closed","template":"","meta":{"footnotes":""},"class_list":["post-6","page","type-page","status-publish","hentry"],"yoast_head":"<!-- This site is optimized with the Yoast SEO plugin v27.4 - https:\/\/yoast.com\/product\/yoast-seo-wordpress\/ -->\n<title>Qui som?<\/title>\n<meta name=\"robots\" content=\"index, follow, max-snippet:-1, max-image-preview:large, max-video-preview:-1\" \/>\n<link rel=\"canonical\" href=\"https:\/\/www.undetec.com\/blog\/qui-som\/\" \/>\n<meta property=\"og:locale\" content=\"ca_ES\" \/>\n<meta property=\"og:type\" content=\"article\" \/>\n<meta property=\"og:title\" content=\"Qui som?\" \/>\n<meta property=\"og:description\" content=\"UNDETEC. Uni\u00f3 de tecnologies. Empresa fundada al 2009 dedicada al sector de les Noves Tecnologies i la inform\u00e0tica, amb creaci\u00f3 pr\u00f2pia, gesti\u00f3 i investigaci\u00f3. Maquinari i programari amb an\u00e0lisi i instal\u00b7laci\u00f3 de projectes, fru\u00eft de la uni\u00f3 de diverses tecnologies. Especialitzats en controlar remotament, via web o m\u00f2bil\/smartphone, diferents automatismes industrials, sistemes de videovigil\u00e0ncia, seguretat, &hellip; Continua llegint \u00abQui som?\u00bb\" \/>\n<meta property=\"og:url\" content=\"https:\/\/www.undetec.com\/blog\/qui-som\/\" \/>\n<meta property=\"og:site_name\" content=\"UNDETEC\" \/>\n<meta property=\"article:publisher\" content=\"https:\/\/www.facebook.com\/pages\/UNDETEC\/120913354659573\" \/>\n<meta property=\"article:modified_time\" content=\"2018-11-12T22:01:30+00:00\" \/>\n<meta property=\"og:image\" content=\"https:\/\/www.undetec.com\/blog\/wp-content\/uploads\/2015\/03\/UNDETEC-150x150.jpg\" \/>\n<meta name=\"twitter:card\" content=\"summary_large_image\" \/>\n<script type=\"application\/ld+json\" class=\"yoast-schema-graph\">{\"@context\":\"https:\\\/\\\/schema.org\",\"@graph\":[{\"@type\":\"WebPage\",\"@id\":\"https:\\\/\\\/www.undetec.com\\\/blog\\\/qui-som\\\/\",\"url\":\"https:\\\/\\\/www.undetec.com\\\/blog\\\/qui-som\\\/\",\"name\":\"Qui som?\",\"isPartOf\":{\"@id\":\"https:\\\/\\\/www.undetec.com\\\/blog\\\/#website\"},\"datePublished\":\"2014-11-30T00:27:59+00:00\",\"dateModified\":\"2018-11-12T22:01:30+00:00\",\"breadcrumb\":{\"@id\":\"https:\\\/\\\/www.undetec.com\\\/blog\\\/qui-som\\\/#breadcrumb\"},\"inLanguage\":\"ca\",\"potentialAction\":[{\"@type\":\"ReadAction\",\"target\":[\"https:\\\/\\\/www.undetec.com\\\/blog\\\/qui-som\\\/\"]}]},{\"@type\":\"BreadcrumbList\",\"@id\":\"https:\\\/\\\/www.undetec.com\\\/blog\\\/qui-som\\\/#breadcrumb\",\"itemListElement\":[{\"@type\":\"ListItem\",\"position\":1,\"name\":\"Inici\",\"item\":\"https:\\\/\\\/www.undetec.com\\\/blog\\\/\"},{\"@type\":\"ListItem\",\"position\":2,\"name\":\"Qui som?\"}]},{\"@type\":\"WebSite\",\"@id\":\"https:\\\/\\\/www.undetec.com\\\/blog\\\/#website\",\"url\":\"https:\\\/\\\/www.undetec.com\\\/blog\\\/\",\"name\":\"UNDETEC\",\"description\":\"UNI\u00d3 DE TECNOLOGIES\",\"publisher\":{\"@id\":\"https:\\\/\\\/www.undetec.com\\\/blog\\\/#organization\"},\"potentialAction\":[{\"@type\":\"SearchAction\",\"target\":{\"@type\":\"EntryPoint\",\"urlTemplate\":\"https:\\\/\\\/www.undetec.com\\\/blog\\\/?s={search_term_string}\"},\"query-input\":{\"@type\":\"PropertyValueSpecification\",\"valueRequired\":true,\"valueName\":\"search_term_string\"}}],\"inLanguage\":\"ca\"},{\"@type\":\"Organization\",\"@id\":\"https:\\\/\\\/www.undetec.com\\\/blog\\\/#organization\",\"name\":\"UNDETEC\",\"url\":\"https:\\\/\\\/www.undetec.com\\\/blog\\\/\",\"logo\":{\"@type\":\"ImageObject\",\"inLanguage\":\"ca\",\"@id\":\"https:\\\/\\\/www.undetec.com\\\/blog\\\/#\\\/schema\\\/logo\\\/image\\\/\",\"url\":\"https:\\\/\\\/www.undetec.com\\\/blog\\\/wp-content\\\/uploads\\\/2016\\\/11\\\/undetec_logo.gif\",\"contentUrl\":\"https:\\\/\\\/www.undetec.com\\\/blog\\\/wp-content\\\/uploads\\\/2016\\\/11\\\/undetec_logo.gif\",\"width\":154,\"height\":45,\"caption\":\"UNDETEC\"},\"image\":{\"@id\":\"https:\\\/\\\/www.undetec.com\\\/blog\\\/#\\\/schema\\\/logo\\\/image\\\/\"},\"sameAs\":[\"https:\\\/\\\/www.facebook.com\\\/pages\\\/UNDETEC\\\/120913354659573\"]}]}<\/script>\n<!-- \/ Yoast SEO plugin. -->","yoast_head_json":{"title":"Qui som?","robots":{"index":"index","follow":"follow","max-snippet":"max-snippet:-1","max-image-preview":"max-image-preview:large","max-video-preview":"max-video-preview:-1"},"canonical":"https:\/\/www.undetec.com\/blog\/qui-som\/","og_locale":"ca_ES","og_type":"article","og_title":"Qui som?","og_description":"UNDETEC. Uni\u00f3 de tecnologies. Empresa fundada al 2009 dedicada al sector de les Noves Tecnologies i la inform\u00e0tica, amb creaci\u00f3 pr\u00f2pia, gesti\u00f3 i investigaci\u00f3. Maquinari i programari amb an\u00e0lisi i instal\u00b7laci\u00f3 de projectes, fru\u00eft de la uni\u00f3 de diverses tecnologies. Especialitzats en controlar remotament, via web o m\u00f2bil\/smartphone, diferents automatismes industrials, sistemes de videovigil\u00e0ncia, seguretat, &hellip; Continua llegint \u00abQui som?\u00bb","og_url":"https:\/\/www.undetec.com\/blog\/qui-som\/","og_site_name":"UNDETEC","article_publisher":"https:\/\/www.facebook.com\/pages\/UNDETEC\/120913354659573","article_modified_time":"2018-11-12T22:01:30+00:00","og_image":[{"url":"https:\/\/www.undetec.com\/blog\/wp-content\/uploads\/2015\/03\/UNDETEC-150x150.jpg","type":"","width":"","height":""}],"twitter_card":"summary_large_image","schema":{"@context":"https:\/\/schema.org","@graph":[{"@type":"WebPage","@id":"https:\/\/www.undetec.com\/blog\/qui-som\/","url":"https:\/\/www.undetec.com\/blog\/qui-som\/","name":"Qui som?","isPartOf":{"@id":"https:\/\/www.undetec.com\/blog\/#website"},"datePublished":"2014-11-30T00:27:59+00:00","dateModified":"2018-11-12T22:01:30+00:00","breadcrumb":{"@id":"https:\/\/www.undetec.com\/blog\/qui-som\/#breadcrumb"},"inLanguage":"ca","potentialAction":[{"@type":"ReadAction","target":["https:\/\/www.undetec.com\/blog\/qui-som\/"]}]},{"@type":"BreadcrumbList","@id":"https:\/\/www.undetec.com\/blog\/qui-som\/#breadcrumb","itemListElement":[{"@type":"ListItem","position":1,"name":"Inici","item":"https:\/\/www.undetec.com\/blog\/"},{"@type":"ListItem","position":2,"name":"Qui som?"}]},{"@type":"WebSite","@id":"https:\/\/www.undetec.com\/blog\/#website","url":"https:\/\/www.undetec.com\/blog\/","name":"UNDETEC","description":"UNI\u00d3 DE TECNOLOGIES","publisher":{"@id":"https:\/\/www.undetec.com\/blog\/#organization"},"potentialAction":[{"@type":"SearchAction","target":{"@type":"EntryPoint","urlTemplate":"https:\/\/www.undetec.com\/blog\/?s={search_term_string}"},"query-input":{"@type":"PropertyValueSpecification","valueRequired":true,"valueName":"search_term_string"}}],"inLanguage":"ca"},{"@type":"Organization","@id":"https:\/\/www.undetec.com\/blog\/#organization","name":"UNDETEC","url":"https:\/\/www.undetec.com\/blog\/","logo":{"@type":"ImageObject","inLanguage":"ca","@id":"https:\/\/www.undetec.com\/blog\/#\/schema\/logo\/image\/","url":"https:\/\/www.undetec.com\/blog\/wp-content\/uploads\/2016\/11\/undetec_logo.gif","contentUrl":"https:\/\/www.undetec.com\/blog\/wp-content\/uploads\/2016\/11\/undetec_logo.gif","width":154,"height":45,"caption":"UNDETEC"},"image":{"@id":"https:\/\/www.undetec.com\/blog\/#\/schema\/logo\/image\/"},"sameAs":["https:\/\/www.facebook.com\/pages\/UNDETEC\/120913354659573"]}]}},"_links":{"self":[{"href":"https:\/\/www.undetec.com\/blog\/wp-json\/wp\/v2\/pages\/6","targetHints":{"allow":["GET"]}}],"collection":[{"href":"https:\/\/www.undetec.com\/blog\/wp-json\/wp\/v2\/pages"}],"about":[{"href":"https:\/\/www.undetec.com\/blog\/wp-json\/wp\/v2\/types\/page"}],"author":[{"embeddable":true,"href":"https:\/\/www.undetec.com\/blog\/wp-json\/wp\/v2\/users\/2"}],"replies":[{"embeddable":true,"href":"https:\/\/www.undetec.com\/blog\/wp-json\/wp\/v2\/comments?post=6"}],"version-history":[{"count":6,"href":"https:\/\/www.undetec.com\/blog\/wp-json\/wp\/v2\/pages\/6\/revisions"}],"predecessor-version":[{"id":1281,"href":"https:\/\/www.undetec.com\/blog\/wp-json\/wp\/v2\/pages\/6\/revisions\/1281"}],"wp:attachment":[{"href":"https:\/\/www.undetec.com\/blog\/wp-json\/wp\/v2\/media?parent=6"}],"curies":[{"name":"wp","href":"https:\/\/api.w.org\/{rel}","templated":true}]}}