{"id":856,"date":"2016-01-12T15:42:23","date_gmt":"2016-01-12T14:42:23","guid":{"rendered":"http:\/\/www.undetec.com\/blog\/?page_id=856"},"modified":"2020-12-20T22:30:12","modified_gmt":"2020-12-20T21:30:12","slug":"producte-undetec-control-bascules-pesar-camions","status":"publish","type":"page","link":"https:\/\/www.undetec.com\/blog\/producte-undetec-control-bascules-pesar-camions\/","title":{"rendered":"Producte UNDETEC Control B\u00e0scules de pesar camions"},"content":{"rendered":"\n<p>Qualsevol b\u00e0scula per pesar camions que tingui sortida de dades, <a href=\"https:\/\/ca.wikipedia.org\/wiki\/RS-232\">RS232<\/a>, <a href=\"https:\/\/ca.wikipedia.org\/wiki\/RS-485\">RS485<\/a> o qualsevol altre, \u00e9s susceptible de integrar-se a UNDETEC control b\u00e0scules de pesar camions.<\/p>\n\n\n\n<p>Aquest producte est\u00e0 ubicat dins al <a href=\"\/blog\/undetec-serveis\/\">servei<\/a> &#8220;<a href=\"\/blog\/servei-undetec-serveis-web\/\">Serveis web<\/a>&#8220;. \u00c9s una petita aplicaci\u00f3 per gestionar una o v\u00e0ries b\u00e0scules pesa camions.<\/p>\n\n\n\n<p>UNDETEC Control b\u00e0scules pesa camions t\u00e9 dues parts. Una part encarregada de la captura i transmissi\u00f3 de dades des de la b\u00e0scula fins als servidors UNDETEC i una segona part encarregada de gestionar aquestes lectures.<\/p>\n\n\n\n<p>Aqu\u00ed ens centrarem en la aplicaci\u00f3 web encarregada de gestionar aquestes lectures.<\/p>\n\n\n\n<p>L&#8217;aplicaci\u00f3 es composa de tres apartats. Aquests apartats s\u00f3n visibles conjuntament i des de qualsevol opci\u00f3 de UNDETEC Control b\u00e0scules pesa camions.<\/p>\n\n\n\n<ol class=\"wp-block-list\"><li><a href=\"#menu\">Men\u00fa<\/a><\/li><li><a href=\"#pendents\">Pendents<\/a><\/li><li><a href=\"#definitius\">Definitius<\/a><\/li><\/ol>\n\n\n\n<figure class=\"wp-block-image\"><img loading=\"lazy\" decoding=\"async\" width=\"484\" height=\"770\" src=\"\/blog\/wp-content\/uploads\/2016\/01\/bascules-menu-pendents-definitius.png\" alt=\"bascules-menu-pendents-definitius\" class=\"wp-image-954\" srcset=\"https:\/\/www.undetec.com\/blog\/wp-content\/uploads\/2016\/01\/bascules-menu-pendents-definitius.png 484w, https:\/\/www.undetec.com\/blog\/wp-content\/uploads\/2016\/01\/bascules-menu-pendents-definitius-189x300.png 189w\" sizes=\"auto, (max-width: 484px) 85vw, 484px\" \/><\/figure>\n\n\n\n<p><br><a id=\"menu\"><\/a><\/p>\n\n\n\n<h2 class=\"wp-block-heading\">1. Men\u00fa<\/h2>\n\n\n\n<p>Al men\u00fa tenim 4 apartats, per cada b\u00e0scula que gestionem.<\/p>\n\n\n\n<figure class=\"wp-block-image\"><img loading=\"lazy\" decoding=\"async\" width=\"304\" height=\"31\" src=\"\/blog\/wp-content\/uploads\/2016\/01\/menu.png\" alt=\"menu\" class=\"wp-image-915\" srcset=\"https:\/\/www.undetec.com\/blog\/wp-content\/uploads\/2016\/01\/menu.png 304w, https:\/\/www.undetec.com\/blog\/wp-content\/uploads\/2016\/01\/menu-300x31.png 300w\" sizes=\"auto, (max-width: 304px) 85vw, 304px\" \/><\/figure>\n\n\n\n<h3 class=\"wp-block-heading\">Nou tiquet<\/h3>\n\n\n\n<p>A [Nou tiquet] gravem manualment un tiquet de b\u00e0scula. \u00c9s \u00fatil si no s&#8217;ha pogut gravar la lectura al servidor. per exemple, amb un tall en les comunicacions mentre est\u00e0 retransmetent. S&#8217;ha de dir que el sistema quan ha d&#8217;enviar dades, va repetint l&#8217;enviament varies vegades, per minimitzar l&#8217;error en els possibles talls en les comunicacions.<\/p>\n\n\n\n<p>Els par\u00e0metres d&#8217;entrada a [Nou Tiquet] s\u00f3n la Data, Hora i Pes.<\/p>\n\n\n\n<figure class=\"wp-block-image\"><img loading=\"lazy\" decoding=\"async\" width=\"449\" height=\"140\" src=\"\/blog\/wp-content\/uploads\/2016\/01\/bascules-nou-tiquet.png\" alt=\"bascules-nou-tiquet\" class=\"wp-image-910\" srcset=\"https:\/\/www.undetec.com\/blog\/wp-content\/uploads\/2016\/01\/bascules-nou-tiquet.png 449w, https:\/\/www.undetec.com\/blog\/wp-content\/uploads\/2016\/01\/bascules-nou-tiquet-300x94.png 300w\" sizes=\"auto, (max-width: 449px) 85vw, 449px\" \/><\/figure>\n\n\n\n<p><br><a id=\"productes\"><\/a><\/p>\n\n\n\n<h3 class=\"wp-block-heading\">Productes<\/h3>\n\n\n\n<p>La segona opci\u00f3 de men\u00fa \u00e9s la gesti\u00f3 de productes. A cada b\u00e0scula s&#8217;ha d&#8217;entrar els productes que estan prevists que es pesaran.&nbsp; En qualsevol moment es pot entrar a [Prod.] i afegir, modificar o eliminar.<\/p>\n\n\n\n<figure class=\"wp-block-image\"><img loading=\"lazy\" decoding=\"async\" width=\"448\" height=\"161\" src=\"\/blog\/wp-content\/uploads\/2016\/01\/bascules-productes.png\" alt=\"bascules-productes\" class=\"wp-image-913\" srcset=\"https:\/\/www.undetec.com\/blog\/wp-content\/uploads\/2016\/01\/bascules-productes.png 448w, https:\/\/www.undetec.com\/blog\/wp-content\/uploads\/2016\/01\/bascules-productes-300x108.png 300w\" sizes=\"auto, (max-width: 448px) 85vw, 448px\" \/><\/figure>\n\n\n\n<h3 class=\"wp-block-heading\">Ajuda<\/h3>\n\n\n\n<p>La tercera opci\u00f3 es aquesta ajuda, que podem anar-hi en qualsevol moment.<\/p>\n\n\n\n<h3 class=\"wp-block-heading\">Detall<\/h3>\n\n\n\n<p>La quarta i \u00faltima opci\u00f3 del men\u00fa es per ensenyar\/amagar l\u00ednies addicionals als <a href=\"#pendents\">Pendents<\/a> i <a href=\"#definitius\">Definitius<\/a>.<br><a id=\"pendents\"><\/a><\/p>\n\n\n\n<h2 class=\"wp-block-heading\">2. Pendents<\/h2>\n\n\n\n<p>A &#8220;Pendents&#8221; tenim els tiquets individuals que s&#8217;han anant afegint manualment o autom\u00e0ticament. A cada tiquet diu si s&#8217;ha entrat manualment amb Nou tiquet o autom\u00e0ticament des de la b\u00e0scula.<\/p>\n\n\n\n<p>Falta decidir quin es la tara, el pes brut i calcular el net.&nbsp; per fer-ho seleccionem un tiquet amb la casella de la esquerra.<\/p>\n\n\n\n<figure class=\"wp-block-image\"><img loading=\"lazy\" decoding=\"async\" width=\"449\" height=\"741\" src=\"\/blog\/wp-content\/uploads\/2016\/01\/pendents-2.png\" alt=\"pendents\" class=\"wp-image-919\" srcset=\"https:\/\/www.undetec.com\/blog\/wp-content\/uploads\/2016\/01\/pendents-2.png 449w, https:\/\/www.undetec.com\/blog\/wp-content\/uploads\/2016\/01\/pendents-2-182x300.png 182w\" sizes=\"auto, (max-width: 449px) 85vw, 449px\" \/><\/figure>\n\n\n\n<p>Un cop seleccionat el primer, seleccionem el tiquet relacionat amb el seleccionat.<\/p>\n\n\n\n<figure class=\"wp-block-image\"><img loading=\"lazy\" decoding=\"async\" width=\"452\" height=\"347\" src=\"\/blog\/wp-content\/uploads\/2016\/01\/bascules-pas-a-definitiu-primer.png\" alt=\"bascules-pas-a-definitiu-primer\" class=\"wp-image-920\" srcset=\"https:\/\/www.undetec.com\/blog\/wp-content\/uploads\/2016\/01\/bascules-pas-a-definitiu-primer.png 452w, https:\/\/www.undetec.com\/blog\/wp-content\/uploads\/2016\/01\/bascules-pas-a-definitiu-primer-300x230.png 300w\" sizes=\"auto, (max-width: 452px) 85vw, 452px\" \/><\/figure>\n\n\n\n<p>Un cop tenim l&#8217;entrada i la sortida de la b\u00e0scula, la tara, el pes brut, el pes net i el temps transcorregut ho calcula autom\u00e0ticament. Nom\u00e9s falta decidir quin <a href=\"#productes\">producte<\/a> ha pesat i gravar per passar-ho a <a href=\"#definitius\">definitiu<\/a>.<\/p>\n\n\n\n<figure class=\"wp-block-image\"><img loading=\"lazy\" decoding=\"async\" width=\"452\" height=\"388\" src=\"\/blog\/wp-content\/uploads\/2016\/01\/bascules-pas-a-definitiu-segon.png\" alt=\"bascules-pas-a-definitiu-segon\" class=\"wp-image-912\" srcset=\"https:\/\/www.undetec.com\/blog\/wp-content\/uploads\/2016\/01\/bascules-pas-a-definitiu-segon.png 452w, https:\/\/www.undetec.com\/blog\/wp-content\/uploads\/2016\/01\/bascules-pas-a-definitiu-segon-300x258.png 300w\" sizes=\"auto, (max-width: 452px) 85vw, 452px\" \/><\/figure>\n\n\n\n<p><br><a id=\"definitius\"><\/a><\/p>\n\n\n\n<h2 class=\"wp-block-heading\">3. Definitius<\/h2>\n\n\n\n<p>Podem seleccionar els definitius per data i per producte. Podem configurar el per\u00edode que volem veure. En aquest cas, per defecte, surten els dos \u00faltims mesos.<\/p>\n\n\n\n<figure class=\"wp-block-image\"><img loading=\"lazy\" decoding=\"async\" width=\"478\" height=\"743\" src=\"\/blog\/wp-content\/uploads\/2016\/01\/definitiu1.png\" alt=\"definitiu1\" class=\"wp-image-924\" srcset=\"https:\/\/www.undetec.com\/blog\/wp-content\/uploads\/2016\/01\/definitiu1.png 478w, https:\/\/www.undetec.com\/blog\/wp-content\/uploads\/2016\/01\/definitiu1-193x300.png 193w\" sizes=\"auto, (max-width: 478px) 85vw, 478px\" \/><\/figure>\n\n\n\n<p>Podem editar qualsevol dels definitius per afegir informaci\u00f3.<\/p>\n\n\n\n<figure class=\"wp-block-image\"><img loading=\"lazy\" decoding=\"async\" width=\"461\" height=\"176\" src=\"\/blog\/wp-content\/uploads\/2016\/01\/bascules-modifica.png\" alt=\"bascules-modifica\" class=\"wp-image-909\" srcset=\"https:\/\/www.undetec.com\/blog\/wp-content\/uploads\/2016\/01\/bascules-modifica.png 461w, https:\/\/www.undetec.com\/blog\/wp-content\/uploads\/2016\/01\/bascules-modifica-300x115.png 300w\" sizes=\"auto, (max-width: 461px) 85vw, 461px\" \/><\/figure>\n","protected":false},"excerpt":{"rendered":"<p>Qualsevol b\u00e0scula per pesar camions que tingui sortida de dades, RS232, RS485 o qualsevol altre, \u00e9s susceptible de integrar-se a UNDETEC control b\u00e0scules de pesar camions. Aquest producte est\u00e0 ubicat dins al servei &#8220;Serveis web&#8220;. \u00c9s una petita aplicaci\u00f3 per gestionar una o v\u00e0ries b\u00e0scules pesa camions. UNDETEC Control b\u00e0scules pesa camions t\u00e9 dues parts. &hellip; <a href=\"https:\/\/www.undetec.com\/blog\/producte-undetec-control-bascules-pesar-camions\/\" class=\"more-link\">Continua llegint <span class=\"screen-reader-text\">\u00abProducte UNDETEC Control B\u00e0scules de pesar camions\u00bb<\/span><\/a><\/p>\n","protected":false},"author":2,"featured_media":0,"parent":0,"menu_order":0,"comment_status":"closed","ping_status":"closed","template":"","meta":{"footnotes":""},"class_list":["post-856","page","type-page","status-publish","hentry"],"yoast_head":"<!-- This site is optimized with the Yoast SEO plugin v27.5 - https:\/\/yoast.com\/product\/yoast-seo-wordpress\/ -->\n<title>Producte UNDETEC Control B\u00e0scules de pesar camions<\/title>\n<meta name=\"robots\" content=\"index, follow, max-snippet:-1, max-image-preview:large, max-video-preview:-1\" \/>\n<link rel=\"canonical\" href=\"https:\/\/www.undetec.com\/blog\/producte-undetec-control-bascules\/\" \/>\n<meta property=\"og:locale\" content=\"ca_ES\" \/>\n<meta property=\"og:type\" content=\"article\" \/>\n<meta property=\"og:title\" content=\"Producte UNDETEC Control B\u00e0scules de pesar camions\" \/>\n<meta property=\"og:description\" content=\"Qualsevol b\u00e0scula per pesar camions que tingui sortida de dades, RS232, RS485 o qualsevol altre, \u00e9s susceptible de integrar-se a UNDETEC control b\u00e0scules de pesar camions. Aquest producte est\u00e0 ubicat dins al servei &#8220;Serveis web&#8220;. \u00c9s una petita aplicaci\u00f3 per gestionar una o v\u00e0ries b\u00e0scules pesa camions. UNDETEC Control b\u00e0scules pesa camions t\u00e9 dues parts. &hellip; Continua llegint \u00abProducte UNDETEC Control B\u00e0scules de pesar camions\u00bb\" \/>\n<meta property=\"og:url\" content=\"https:\/\/www.undetec.com\/blog\/producte-undetec-control-bascules\/\" \/>\n<meta property=\"og:site_name\" content=\"UNDETEC\" \/>\n<meta property=\"article:publisher\" content=\"https:\/\/www.facebook.com\/pages\/UNDETEC\/120913354659573\" \/>\n<meta property=\"article:modified_time\" content=\"2020-12-20T21:30:12+00:00\" \/>\n<meta property=\"og:image\" content=\"https:\/\/www.undetec.com\/blog\/wp-content\/uploads\/2016\/01\/bascules-menu-pendents-definitius.png\" \/>\n<meta name=\"twitter:card\" content=\"summary_large_image\" \/>\n<meta name=\"twitter:label1\" content=\"Temps estimat de lectura\" \/>\n\t<meta name=\"twitter:data1\" content=\"2 minuts\" \/>\n<script type=\"application\/ld+json\" class=\"yoast-schema-graph\">{\"@context\":\"https:\\\/\\\/schema.org\",\"@graph\":[{\"@type\":\"WebPage\",\"@id\":\"https:\\\/\\\/www.undetec.com\\\/blog\\\/producte-undetec-control-bascules-pesar-camions\\\/\",\"url\":\"https:\\\/\\\/www.undetec.com\\\/blog\\\/producte-undetec-control-bascules\\\/\",\"name\":\"Producte UNDETEC Control B\u00e0scules de pesar camions\",\"isPartOf\":{\"@id\":\"https:\\\/\\\/www.undetec.com\\\/blog\\\/#website\"},\"datePublished\":\"2016-01-12T14:42:23+00:00\",\"dateModified\":\"2020-12-20T21:30:12+00:00\",\"breadcrumb\":{\"@id\":\"https:\\\/\\\/www.undetec.com\\\/blog\\\/producte-undetec-control-bascules\\\/#breadcrumb\"},\"inLanguage\":\"ca\",\"potentialAction\":[{\"@type\":\"ReadAction\",\"target\":[\"https:\\\/\\\/www.undetec.com\\\/blog\\\/producte-undetec-control-bascules\\\/\"]}]},{\"@type\":\"BreadcrumbList\",\"@id\":\"https:\\\/\\\/www.undetec.com\\\/blog\\\/producte-undetec-control-bascules\\\/#breadcrumb\",\"itemListElement\":[{\"@type\":\"ListItem\",\"position\":1,\"name\":\"Inici\",\"item\":\"https:\\\/\\\/www.undetec.com\\\/blog\\\/\"},{\"@type\":\"ListItem\",\"position\":2,\"name\":\"Producte UNDETEC Control B\u00e0scules de pesar camions\"}]},{\"@type\":\"WebSite\",\"@id\":\"https:\\\/\\\/www.undetec.com\\\/blog\\\/#website\",\"url\":\"https:\\\/\\\/www.undetec.com\\\/blog\\\/\",\"name\":\"UNDETEC\",\"description\":\"UNI\u00d3 DE TECNOLOGIES\",\"publisher\":{\"@id\":\"https:\\\/\\\/www.undetec.com\\\/blog\\\/#organization\"},\"potentialAction\":[{\"@type\":\"SearchAction\",\"target\":{\"@type\":\"EntryPoint\",\"urlTemplate\":\"https:\\\/\\\/www.undetec.com\\\/blog\\\/?s={search_term_string}\"},\"query-input\":{\"@type\":\"PropertyValueSpecification\",\"valueRequired\":true,\"valueName\":\"search_term_string\"}}],\"inLanguage\":\"ca\"},{\"@type\":\"Organization\",\"@id\":\"https:\\\/\\\/www.undetec.com\\\/blog\\\/#organization\",\"name\":\"UNDETEC\",\"url\":\"https:\\\/\\\/www.undetec.com\\\/blog\\\/\",\"logo\":{\"@type\":\"ImageObject\",\"inLanguage\":\"ca\",\"@id\":\"https:\\\/\\\/www.undetec.com\\\/blog\\\/#\\\/schema\\\/logo\\\/image\\\/\",\"url\":\"https:\\\/\\\/www.undetec.com\\\/blog\\\/wp-content\\\/uploads\\\/2016\\\/11\\\/undetec_logo.gif\",\"contentUrl\":\"https:\\\/\\\/www.undetec.com\\\/blog\\\/wp-content\\\/uploads\\\/2016\\\/11\\\/undetec_logo.gif\",\"width\":154,\"height\":45,\"caption\":\"UNDETEC\"},\"image\":{\"@id\":\"https:\\\/\\\/www.undetec.com\\\/blog\\\/#\\\/schema\\\/logo\\\/image\\\/\"},\"sameAs\":[\"https:\\\/\\\/www.facebook.com\\\/pages\\\/UNDETEC\\\/120913354659573\"]}]}<\/script>\n<!-- \/ Yoast SEO plugin. -->","yoast_head_json":{"title":"Producte UNDETEC Control B\u00e0scules de pesar camions","robots":{"index":"index","follow":"follow","max-snippet":"max-snippet:-1","max-image-preview":"max-image-preview:large","max-video-preview":"max-video-preview:-1"},"canonical":"https:\/\/www.undetec.com\/blog\/producte-undetec-control-bascules\/","og_locale":"ca_ES","og_type":"article","og_title":"Producte UNDETEC Control B\u00e0scules de pesar camions","og_description":"Qualsevol b\u00e0scula per pesar camions que tingui sortida de dades, RS232, RS485 o qualsevol altre, \u00e9s susceptible de integrar-se a UNDETEC control b\u00e0scules de pesar camions. Aquest producte est\u00e0 ubicat dins al servei &#8220;Serveis web&#8220;. \u00c9s una petita aplicaci\u00f3 per gestionar una o v\u00e0ries b\u00e0scules pesa camions. UNDETEC Control b\u00e0scules pesa camions t\u00e9 dues parts. &hellip; Continua llegint \u00abProducte UNDETEC Control B\u00e0scules de pesar camions\u00bb","og_url":"https:\/\/www.undetec.com\/blog\/producte-undetec-control-bascules\/","og_site_name":"UNDETEC","article_publisher":"https:\/\/www.facebook.com\/pages\/UNDETEC\/120913354659573","article_modified_time":"2020-12-20T21:30:12+00:00","og_image":[{"url":"https:\/\/www.undetec.com\/blog\/wp-content\/uploads\/2016\/01\/bascules-menu-pendents-definitius.png","type":"","width":"","height":""}],"twitter_card":"summary_large_image","twitter_misc":{"Temps estimat de lectura":"2 minuts"},"schema":{"@context":"https:\/\/schema.org","@graph":[{"@type":"WebPage","@id":"https:\/\/www.undetec.com\/blog\/producte-undetec-control-bascules-pesar-camions\/","url":"https:\/\/www.undetec.com\/blog\/producte-undetec-control-bascules\/","name":"Producte UNDETEC Control B\u00e0scules de pesar camions","isPartOf":{"@id":"https:\/\/www.undetec.com\/blog\/#website"},"datePublished":"2016-01-12T14:42:23+00:00","dateModified":"2020-12-20T21:30:12+00:00","breadcrumb":{"@id":"https:\/\/www.undetec.com\/blog\/producte-undetec-control-bascules\/#breadcrumb"},"inLanguage":"ca","potentialAction":[{"@type":"ReadAction","target":["https:\/\/www.undetec.com\/blog\/producte-undetec-control-bascules\/"]}]},{"@type":"BreadcrumbList","@id":"https:\/\/www.undetec.com\/blog\/producte-undetec-control-bascules\/#breadcrumb","itemListElement":[{"@type":"ListItem","position":1,"name":"Inici","item":"https:\/\/www.undetec.com\/blog\/"},{"@type":"ListItem","position":2,"name":"Producte UNDETEC Control B\u00e0scules de pesar camions"}]},{"@type":"WebSite","@id":"https:\/\/www.undetec.com\/blog\/#website","url":"https:\/\/www.undetec.com\/blog\/","name":"UNDETEC","description":"UNI\u00d3 DE TECNOLOGIES","publisher":{"@id":"https:\/\/www.undetec.com\/blog\/#organization"},"potentialAction":[{"@type":"SearchAction","target":{"@type":"EntryPoint","urlTemplate":"https:\/\/www.undetec.com\/blog\/?s={search_term_string}"},"query-input":{"@type":"PropertyValueSpecification","valueRequired":true,"valueName":"search_term_string"}}],"inLanguage":"ca"},{"@type":"Organization","@id":"https:\/\/www.undetec.com\/blog\/#organization","name":"UNDETEC","url":"https:\/\/www.undetec.com\/blog\/","logo":{"@type":"ImageObject","inLanguage":"ca","@id":"https:\/\/www.undetec.com\/blog\/#\/schema\/logo\/image\/","url":"https:\/\/www.undetec.com\/blog\/wp-content\/uploads\/2016\/11\/undetec_logo.gif","contentUrl":"https:\/\/www.undetec.com\/blog\/wp-content\/uploads\/2016\/11\/undetec_logo.gif","width":154,"height":45,"caption":"UNDETEC"},"image":{"@id":"https:\/\/www.undetec.com\/blog\/#\/schema\/logo\/image\/"},"sameAs":["https:\/\/www.facebook.com\/pages\/UNDETEC\/120913354659573"]}]}},"_links":{"self":[{"href":"https:\/\/www.undetec.com\/blog\/wp-json\/wp\/v2\/pages\/856","targetHints":{"allow":["GET"]}}],"collection":[{"href":"https:\/\/www.undetec.com\/blog\/wp-json\/wp\/v2\/pages"}],"about":[{"href":"https:\/\/www.undetec.com\/blog\/wp-json\/wp\/v2\/types\/page"}],"author":[{"embeddable":true,"href":"https:\/\/www.undetec.com\/blog\/wp-json\/wp\/v2\/users\/2"}],"replies":[{"embeddable":true,"href":"https:\/\/www.undetec.com\/blog\/wp-json\/wp\/v2\/comments?post=856"}],"version-history":[{"count":19,"href":"https:\/\/www.undetec.com\/blog\/wp-json\/wp\/v2\/pages\/856\/revisions"}],"predecessor-version":[{"id":1881,"href":"https:\/\/www.undetec.com\/blog\/wp-json\/wp\/v2\/pages\/856\/revisions\/1881"}],"wp:attachment":[{"href":"https:\/\/www.undetec.com\/blog\/wp-json\/wp\/v2\/media?parent=856"}],"curies":[{"name":"wp","href":"https:\/\/api.w.org\/{rel}","templated":true}]}}