{"id":940,"date":"2018-10-19T23:47:47","date_gmt":"2018-10-19T21:47:47","guid":{"rendered":"http:\/\/www.undetec.com\/blog\/?page_id=940"},"modified":"2020-12-21T00:21:44","modified_gmt":"2020-12-20T23:21:44","slug":"manual-control-sitges","status":"publish","type":"page","link":"https:\/\/www.undetec.com\/blog\/manual-control-sitges\/","title":{"rendered":"Manual CONTROL SITGES"},"content":{"rendered":"\n<p>Aquest manual forma part del producte <a href=\"\/blog\/producte-undetec-control-granja\/\">UNDETEC CONTROL GRANJA<\/a>.<\/p>\n\n\n\n<p>Comencem amb un petit glossari per definir conceptes.<\/p>\n\n\n\n<h2 class=\"wp-block-heading\">Glossari<br><\/h2>\n\n\n\n<dl>\n<dt>Caixa de sumes<\/dt>\n<dd>Electr\u00f2nica per concentrar diverses c\u00e8l\u00b7lules de c\u00e0rrega amb una \u00fanica sortida<\/dd>\n<dt>C\u00e8l\u00b7lula de C\u00e0rrega<\/dt>\n<dd>Sensor de for\u00e7a que transforma una energia mec\u00e0nica en una d&#8217;el\u00e8ctrica mesurable.<\/dd>\n<dt>ESTACI\u00d3 BASE<\/dt>\n<dd>Electr\u00f2nica desenvolupada per UNDETEC per llegir les dades dels diferents LECTORS i enviar-la als SERVIDORS UNDETEC Per tal que es pugui fer-ne la gesti\u00f3 des d&#8217;INTERNET.<\/dd>\n<dt>ESTALEC<\/dt>\n<dd>Electr\u00f2nica desenvolupada per UNDETEC resultat de la uni\u00f3 d&#8217;una ESTACI\u00d3 BASE i un LECTOR. Indicada per granges amb una sola nau amb 1 o dues sitges juntes.<\/dd>\n<dt>LECTOR<\/dt>\n<dd>Electr\u00f2nica desenvolupada per UNDETEC per llegir els senyals el\u00e8ctrics de les c\u00e8l\u00b7lules de c\u00e0rrega i enviar-les a l&#8217;ESTACI\u00d3 BASE<\/dd>\n<dt>Sitja<\/dt>\n<dd>Dip\u00f2sit cil\u00edndric, fet d&#8217;acer o poli\u00e8ster, amb una al\u00e7ada de quatre a vuit vegades el di\u00e0metre o el costat de la base, destinat a l&#8217;emmagatzematge de pinso, que s\u00f3n carregats per la part superior del dip\u00f2sit i descarregats per la seva part inferior. Molt utilitzada l&#8217;expressi\u00f3 castellana &#8220;SILO&#8221;<\/dd>\n<\/dl>\n\n\n\n<p>Aquest manual inclou des de la col\u00b7locaci\u00f3 de les c\u00e8l\u00b7lules de c\u00e0rrega fins com veure des de internet les dades capturades. Explicarem les connexions que s&#8217;han de fer.<\/p>\n\n\n\n<h2 class=\"wp-block-heading\">C\u00e8l\u00b7lules de c\u00e0rrega.<\/h2>\n\n\n\n<ul class=\"wp-block-list\"><li><a href=\"\/blog\/cellules-de-carrega#DESC\">Descripci\u00f3 General<\/a><\/li><li><a href=\"\/blog\/cellules-de-carrega#CARAC\">Caracter\u00edstiques t\u00e8cniques<\/a><\/li><li><a href=\"\/blog\/cellules-de-carrega#INST\">Col\u00b7locaci\u00f3<\/a><\/li><\/ul>\n\n\n\n<h2 class=\"wp-block-heading\">Connexions sitges<\/h2>\n\n\n\n<ul class=\"wp-block-list\"><li><a href=\"\/blog\/connexions-sitges#DIRECT\">Connexions LECTOR sense caixes de sumes<\/a><\/li><li><a href=\"\/blog\/connexions-sitges#SUMES\">Connexions LECTOR amb caixa de sumes<\/a><\/li><li><a href=\"\/blog\/connexions-sitges#SWIFT\">Connexions LECTOR a partir d&#8217;un SWIFT<\/a><\/li><\/ul>\n\n\n\n<h2 class=\"wp-block-heading\">Comunicacions<\/h2>\n\n\n\n<ul class=\"wp-block-list\"><li>Interna (RF, RS485)<\/li><li>Externa (INTERNET, GSM)<\/li><\/ul>\n\n\n\n<h2 class=\"wp-block-heading\">LECTOR<\/h2>\n\n\n\n<ul class=\"wp-block-list\"><li><a href=\"\/blog\/producte-undetec-lector-cellules-carrega#DESCR\">Descripci\u00f3 general<\/a><\/li><li><a href=\"\/blog\/producte-undetec-lector-cellules-carrega#CARAC\">Caracter\u00edstiques t\u00e8cniques<\/a><\/li><li><a href=\"\/blog\/producte-undetec-lector-cellules-carrega#COMP\">Components<\/a> <ul><li><a href=\"\/blog\/producte-undetec-lector-cellules-carrega#PANT\">pantalla<\/a><\/li><li><a href=\"\/blog\/producte-undetec-lector-cellules-carrega#TARA\">polsador per tarar<\/a><\/li><li><a href=\"\/blog\/producte-undetec-lector-cellules-carrega#CALIB\">Calibrador<\/a><\/li><li><a href=\"\/blog\/producte-undetec-lector-cellules-carrega#CONN\">Connexionat<\/a> <\/li><\/ul><\/li><li><a href=\"\/blog\/producte-undetec-lector-cellules-carrega#VALOR\">Valor Afegit<\/a><\/li><\/ul>\n\n\n\n<h2 class=\"wp-block-heading\">ESTACI\u00d3 BASE<\/h2>\n\n\n\n<p><a href=\"https:\/\/www.undetec.com\/blog\/wp-admin\/edit.php?post_type=page\"><\/a><\/p>\n\n\n\n<ul class=\"wp-block-list\"><li>Components<\/li><li>pantalla<\/li><li><a href=\"\/blog\/estacio-base#BASE\">Connexions<\/a><\/li><li>entrada: RF, RS485<\/li><li>sortida: internet, GSM<\/li><\/ul>\n\n\n\n<h2 class=\"wp-block-heading\">Situacions<\/h2>\n\n\n\n<ul class=\"wp-block-list\"><li><a href=\"\/blog\/situacions-i-caracteristiques-contemplades#SIT1\">1 Nau amb 1 o 2 sitges juntes<\/a><\/li><li><a href=\"\/blog\/situacions-i-caracteristiques-contemplades#SIT2\">Varies naus amb 1 o 2 sitges juntes per nau<\/a><\/li><\/ul>\n\n\n\n<h2 class=\"wp-block-heading\">Aplicaci\u00f3 web HIST\u00d2RICS SENSORS<\/h2>\n\n\n\n<ul class=\"wp-block-list\"><li><a href=\"https:\/\/www.undetec.com\/blog\/historics-sensors#RESUM\">Resum sensors<\/a><br><\/li><li><a href=\"https:\/\/www.undetec.com\/blog\/historics-sensors#SCADA\">SCADA sensors<\/a><\/li><li><a href=\"https:\/\/www.undetec.com\/blog\/historics-sensors#GRAFIQUES\">Gr\u00e0fiques<\/a><br><\/li><\/ul>\n","protected":false},"excerpt":{"rendered":"<p>Aquest manual forma part del producte UNDETEC CONTROL GRANJA. Comencem amb un petit glossari per definir conceptes. Glossari Caixa de sumes Electr\u00f2nica per concentrar diverses c\u00e8l\u00b7lules de c\u00e0rrega amb una \u00fanica sortida C\u00e8l\u00b7lula de C\u00e0rrega Sensor de for\u00e7a que transforma una energia mec\u00e0nica en una d&#8217;el\u00e8ctrica mesurable. ESTACI\u00d3 BASE Electr\u00f2nica desenvolupada per UNDETEC per llegir &hellip; <a href=\"https:\/\/www.undetec.com\/blog\/manual-control-sitges\/\" class=\"more-link\">Continua llegint <span class=\"screen-reader-text\">\u00abManual CONTROL SITGES\u00bb<\/span><\/a><\/p>\n","protected":false},"author":2,"featured_media":0,"parent":0,"menu_order":0,"comment_status":"closed","ping_status":"closed","template":"","meta":{"footnotes":""},"class_list":["post-940","page","type-page","status-publish","hentry"],"yoast_head":"<!-- This site is optimized with the Yoast SEO plugin v27.3 - https:\/\/yoast.com\/product\/yoast-seo-wordpress\/ -->\n<title>Manual CONTROL SITGES<\/title>\n<meta name=\"robots\" content=\"index, follow, max-snippet:-1, max-image-preview:large, max-video-preview:-1\" \/>\n<link rel=\"canonical\" href=\"https:\/\/www.undetec.com\/blog\/manual-control-sitges\/\" \/>\n<meta property=\"og:locale\" content=\"ca_ES\" \/>\n<meta property=\"og:type\" content=\"article\" \/>\n<meta property=\"og:title\" content=\"Manual CONTROL SITGES\" \/>\n<meta property=\"og:description\" content=\"Aquest manual forma part del producte UNDETEC CONTROL GRANJA. Comencem amb un petit glossari per definir conceptes. Glossari Caixa de sumes Electr\u00f2nica per concentrar diverses c\u00e8l\u00b7lules de c\u00e0rrega amb una \u00fanica sortida C\u00e8l\u00b7lula de C\u00e0rrega Sensor de for\u00e7a que transforma una energia mec\u00e0nica en una d&#8217;el\u00e8ctrica mesurable. ESTACI\u00d3 BASE Electr\u00f2nica desenvolupada per UNDETEC per llegir &hellip; Continua llegint \u00abManual CONTROL SITGES\u00bb\" \/>\n<meta property=\"og:url\" content=\"https:\/\/www.undetec.com\/blog\/manual-control-sitges\/\" \/>\n<meta property=\"og:site_name\" content=\"UNDETEC\" \/>\n<meta property=\"article:publisher\" content=\"https:\/\/www.facebook.com\/pages\/UNDETEC\/120913354659573\" \/>\n<meta property=\"article:modified_time\" content=\"2020-12-20T23:21:44+00:00\" \/>\n<meta name=\"twitter:card\" content=\"summary_large_image\" \/>\n<meta name=\"twitter:label1\" content=\"Temps estimat de lectura\" \/>\n\t<meta name=\"twitter:data1\" content=\"2 minuts\" \/>\n<script type=\"application\/ld+json\" class=\"yoast-schema-graph\">{\"@context\":\"https:\\\/\\\/schema.org\",\"@graph\":[{\"@type\":\"WebPage\",\"@id\":\"https:\\\/\\\/www.undetec.com\\\/blog\\\/manual-control-sitges\\\/\",\"url\":\"https:\\\/\\\/www.undetec.com\\\/blog\\\/manual-control-sitges\\\/\",\"name\":\"Manual CONTROL SITGES\",\"isPartOf\":{\"@id\":\"https:\\\/\\\/www.undetec.com\\\/blog\\\/#website\"},\"datePublished\":\"2018-10-19T21:47:47+00:00\",\"dateModified\":\"2020-12-20T23:21:44+00:00\",\"breadcrumb\":{\"@id\":\"https:\\\/\\\/www.undetec.com\\\/blog\\\/manual-control-sitges\\\/#breadcrumb\"},\"inLanguage\":\"ca\",\"potentialAction\":[{\"@type\":\"ReadAction\",\"target\":[\"https:\\\/\\\/www.undetec.com\\\/blog\\\/manual-control-sitges\\\/\"]}]},{\"@type\":\"BreadcrumbList\",\"@id\":\"https:\\\/\\\/www.undetec.com\\\/blog\\\/manual-control-sitges\\\/#breadcrumb\",\"itemListElement\":[{\"@type\":\"ListItem\",\"position\":1,\"name\":\"Inici\",\"item\":\"https:\\\/\\\/www.undetec.com\\\/blog\\\/\"},{\"@type\":\"ListItem\",\"position\":2,\"name\":\"Manual CONTROL SITGES\"}]},{\"@type\":\"WebSite\",\"@id\":\"https:\\\/\\\/www.undetec.com\\\/blog\\\/#website\",\"url\":\"https:\\\/\\\/www.undetec.com\\\/blog\\\/\",\"name\":\"UNDETEC\",\"description\":\"UNI\u00d3 DE TECNOLOGIES\",\"publisher\":{\"@id\":\"https:\\\/\\\/www.undetec.com\\\/blog\\\/#organization\"},\"potentialAction\":[{\"@type\":\"SearchAction\",\"target\":{\"@type\":\"EntryPoint\",\"urlTemplate\":\"https:\\\/\\\/www.undetec.com\\\/blog\\\/?s={search_term_string}\"},\"query-input\":{\"@type\":\"PropertyValueSpecification\",\"valueRequired\":true,\"valueName\":\"search_term_string\"}}],\"inLanguage\":\"ca\"},{\"@type\":\"Organization\",\"@id\":\"https:\\\/\\\/www.undetec.com\\\/blog\\\/#organization\",\"name\":\"UNDETEC\",\"url\":\"https:\\\/\\\/www.undetec.com\\\/blog\\\/\",\"logo\":{\"@type\":\"ImageObject\",\"inLanguage\":\"ca\",\"@id\":\"https:\\\/\\\/www.undetec.com\\\/blog\\\/#\\\/schema\\\/logo\\\/image\\\/\",\"url\":\"https:\\\/\\\/www.undetec.com\\\/blog\\\/wp-content\\\/uploads\\\/2016\\\/11\\\/undetec_logo.gif\",\"contentUrl\":\"https:\\\/\\\/www.undetec.com\\\/blog\\\/wp-content\\\/uploads\\\/2016\\\/11\\\/undetec_logo.gif\",\"width\":154,\"height\":45,\"caption\":\"UNDETEC\"},\"image\":{\"@id\":\"https:\\\/\\\/www.undetec.com\\\/blog\\\/#\\\/schema\\\/logo\\\/image\\\/\"},\"sameAs\":[\"https:\\\/\\\/www.facebook.com\\\/pages\\\/UNDETEC\\\/120913354659573\"]}]}<\/script>\n<!-- \/ Yoast SEO plugin. -->","yoast_head_json":{"title":"Manual CONTROL SITGES","robots":{"index":"index","follow":"follow","max-snippet":"max-snippet:-1","max-image-preview":"max-image-preview:large","max-video-preview":"max-video-preview:-1"},"canonical":"https:\/\/www.undetec.com\/blog\/manual-control-sitges\/","og_locale":"ca_ES","og_type":"article","og_title":"Manual CONTROL SITGES","og_description":"Aquest manual forma part del producte UNDETEC CONTROL GRANJA. Comencem amb un petit glossari per definir conceptes. Glossari Caixa de sumes Electr\u00f2nica per concentrar diverses c\u00e8l\u00b7lules de c\u00e0rrega amb una \u00fanica sortida C\u00e8l\u00b7lula de C\u00e0rrega Sensor de for\u00e7a que transforma una energia mec\u00e0nica en una d&#8217;el\u00e8ctrica mesurable. ESTACI\u00d3 BASE Electr\u00f2nica desenvolupada per UNDETEC per llegir &hellip; Continua llegint \u00abManual CONTROL SITGES\u00bb","og_url":"https:\/\/www.undetec.com\/blog\/manual-control-sitges\/","og_site_name":"UNDETEC","article_publisher":"https:\/\/www.facebook.com\/pages\/UNDETEC\/120913354659573","article_modified_time":"2020-12-20T23:21:44+00:00","twitter_card":"summary_large_image","twitter_misc":{"Temps estimat de lectura":"2 minuts"},"schema":{"@context":"https:\/\/schema.org","@graph":[{"@type":"WebPage","@id":"https:\/\/www.undetec.com\/blog\/manual-control-sitges\/","url":"https:\/\/www.undetec.com\/blog\/manual-control-sitges\/","name":"Manual CONTROL SITGES","isPartOf":{"@id":"https:\/\/www.undetec.com\/blog\/#website"},"datePublished":"2018-10-19T21:47:47+00:00","dateModified":"2020-12-20T23:21:44+00:00","breadcrumb":{"@id":"https:\/\/www.undetec.com\/blog\/manual-control-sitges\/#breadcrumb"},"inLanguage":"ca","potentialAction":[{"@type":"ReadAction","target":["https:\/\/www.undetec.com\/blog\/manual-control-sitges\/"]}]},{"@type":"BreadcrumbList","@id":"https:\/\/www.undetec.com\/blog\/manual-control-sitges\/#breadcrumb","itemListElement":[{"@type":"ListItem","position":1,"name":"Inici","item":"https:\/\/www.undetec.com\/blog\/"},{"@type":"ListItem","position":2,"name":"Manual CONTROL SITGES"}]},{"@type":"WebSite","@id":"https:\/\/www.undetec.com\/blog\/#website","url":"https:\/\/www.undetec.com\/blog\/","name":"UNDETEC","description":"UNI\u00d3 DE TECNOLOGIES","publisher":{"@id":"https:\/\/www.undetec.com\/blog\/#organization"},"potentialAction":[{"@type":"SearchAction","target":{"@type":"EntryPoint","urlTemplate":"https:\/\/www.undetec.com\/blog\/?s={search_term_string}"},"query-input":{"@type":"PropertyValueSpecification","valueRequired":true,"valueName":"search_term_string"}}],"inLanguage":"ca"},{"@type":"Organization","@id":"https:\/\/www.undetec.com\/blog\/#organization","name":"UNDETEC","url":"https:\/\/www.undetec.com\/blog\/","logo":{"@type":"ImageObject","inLanguage":"ca","@id":"https:\/\/www.undetec.com\/blog\/#\/schema\/logo\/image\/","url":"https:\/\/www.undetec.com\/blog\/wp-content\/uploads\/2016\/11\/undetec_logo.gif","contentUrl":"https:\/\/www.undetec.com\/blog\/wp-content\/uploads\/2016\/11\/undetec_logo.gif","width":154,"height":45,"caption":"UNDETEC"},"image":{"@id":"https:\/\/www.undetec.com\/blog\/#\/schema\/logo\/image\/"},"sameAs":["https:\/\/www.facebook.com\/pages\/UNDETEC\/120913354659573"]}]}},"_links":{"self":[{"href":"https:\/\/www.undetec.com\/blog\/wp-json\/wp\/v2\/pages\/940","targetHints":{"allow":["GET"]}}],"collection":[{"href":"https:\/\/www.undetec.com\/blog\/wp-json\/wp\/v2\/pages"}],"about":[{"href":"https:\/\/www.undetec.com\/blog\/wp-json\/wp\/v2\/types\/page"}],"author":[{"embeddable":true,"href":"https:\/\/www.undetec.com\/blog\/wp-json\/wp\/v2\/users\/2"}],"replies":[{"embeddable":true,"href":"https:\/\/www.undetec.com\/blog\/wp-json\/wp\/v2\/comments?post=940"}],"version-history":[{"count":39,"href":"https:\/\/www.undetec.com\/blog\/wp-json\/wp\/v2\/pages\/940\/revisions"}],"predecessor-version":[{"id":1906,"href":"https:\/\/www.undetec.com\/blog\/wp-json\/wp\/v2\/pages\/940\/revisions\/1906"}],"wp:attachment":[{"href":"https:\/\/www.undetec.com\/blog\/wp-json\/wp\/v2\/media?parent=940"}],"curies":[{"name":"wp","href":"https:\/\/api.w.org\/{rel}","templated":true}]}}