{"id":95,"date":"2015-01-06T23:31:04","date_gmt":"2015-01-06T22:31:04","guid":{"rendered":"http:\/\/undetec.com\/blog\/?page_id=95"},"modified":"2019-07-14T12:39:23","modified_gmt":"2019-07-14T10:39:23","slug":"webcam-catalunya-mapa","status":"publish","type":"page","link":"https:\/\/www.undetec.com\/blog\/webcam-catalunya-mapa\/","title":{"rendered":"WebCam Catalunya Mapa"},"content":{"rendered":"<script type=\"text\/javascript\" src=\"https:\/\/maps.google.com\/maps\/api\/js?sensor=false&key=AIzaSyCAwUSi0R8EGHwCfETfcCKaW9fuC9rXlGE\"><\/script>\n<script type=\"text\/javascript\" src=\"https:\/\/www.undetec.com\/mapcam\/javascript\/mapcam_mapa.js\"><\/script>   \n<input title=\"MAPA\" type=\"submit\" value=\"MAPA\" name=\"mapa\" disabled=\"disabled\" onClick=\"top.location.href='https:\/\/www.undetec.com\/blog\/webcam-catalunya-mapa\/';\"><input title=\"LLISTA\" type=\"submit\" value=\"LLISTA\" name=\"llista\" onClick=\"top.location.href='https:\/\/www.undetec.com\/blog\/webcam-catalunya-llista\/';\"><input title=\"CONTACTA\" type=\"submit\" value=\"CONTACTA\" name=\"contacta\" onClick=\"top.location.href='https:\/\/www.undetec.com\/blog\/webcam-contacta\/';\"><br \/><select  name=\"markers\" id=\"markers\" onchange=\"location.href='https:\/\/www.undetec.com\/blog\/'+document.getElementById('markers').value;\"><option SELECTED value=\"mapcam\/\">WEBCAM...<\/option>\n <option value=\"webcam-alcarras-estacio-meteorologica\">Alcarr\u00e0s (Estaci\u00f3 meteorol\u00f2gica)<\/option>\n <option value=\"webcam-alguaire-aeroport-nordoest\">Alguaire Aeroport NordOest<\/option>\n <option value=\"webcam-alguaire-aeroport-sudest\">Alguaire Aeroport SudEst<\/option>\n <option value=\"webcam-alos-isil\">Al\u00f3s d'Isil (Pla\u00e7a)<\/option>\n <option value=\"webcam-ametlla-de-mar-port\">L'Ametlla de Mar (Port)<\/option>\n <option value=\"webcam-amposta-pont-penjant\">Amposta (Pont Penjant)<\/option>\n <option value=\"webcam-balaguer-riu\">Balaguer (Riu)<\/option>\n <option value=\"webcam-barcelona-arago-gracia\">Barcelona (Arag\u00f2 - Gr\u00e0cia)<\/option>\n <option value=\"webcam-barcelona-arts-santa-monica\">Barcelona (Arts Santa M\u00f2nica)<\/option>\n <option value=\"webcam-barcelona-balmes-gran-via\">Barcelona (Balmes - Gran Via)<\/option>\n <option value=\"webcam-barcelona-balmes-mitre\">Barcelona (Balmes-Mitre)<\/option>\n <option value=\"webcam-barcelona-collserola\">Barcelona (Collserola)<\/option>\n <option value=\"webcam-barcelona-diagonal-centre\">Barcelona (Diagonal Centre)<\/option>\n <option value=\"webcam-barcelona-diagonal-ciutat-de-granada\">Barcelona (Diagonal - Ciutat de Granada)<\/option>\n <option value=\"webcam-barcelona-diagonal-maria-cristina\">Barcelona (Diagonal - Maria Cristina)<\/option>\n <option value=\"webcam-barcelona-gran-via-bac-de-roda\">Barcelona (Gran Via - Bac de Roda)<\/option>\n <option value=\"webcam-barcelona-gran-via-marina\">Barcelona (Gran Via - Marina)<\/option>\n <option value=\"webcam-barcelona-marina-pujades\">Barcelona (Marina - Pujades)<\/option>\n <option value=\"webcam-barcelona-meridiana-felip-ii\">Barcelona (Meridiana - Felip II)<\/option>\n <option value=\"webcam-barcelona-meridiana-rio-de-janeiro\">Barcelona (Meridiana - Rio de Janeiro)<\/option>\n <option value=\"webcam-barcelona-placa-antonio-lopez\">Barcelona (Pla\u00e7a Antonio L\u00f3pez)<\/option>\n <option value=\"webcam-barcelona-placa-catalunya-pelai\">Barcelona (Pla\u00e7a Catalunya - Pelai)<\/option>\n <option value=\"webcam-barcelona-placa-cerda\">Barcelona (Pla\u00e7a Cerd\u00e0)<\/option>\n <option value=\"webcam-barcelona-placa-espanya-parallel\">Barcelona (Pla\u00e7a Espanya - Paral\u00b7lel)<\/option>\n <option value=\"webcam-barcelona-placa-marina\">Barcelona (Pla\u00e7a Marina)<\/option>\n <option value=\"webcam-barcelona-placa-paisos-catalans\">Barcelona (Pla\u00e7a Pa\u00efsos Catalans)<\/option>\n <option value=\"webcam-barcelona-placa-pau-vila\">Barcelona (Pla\u00e7a Pau Vila)<\/option>\n <option value=\"webcam-barcelona-placa-urquinaona\">Barcelona (Pla\u00e7a Urquinaona)<\/option>\n <option value=\"webcam-barcelona-port-olimpic\">Barcelona (Port Ol\u00edmpic)<\/option>\n <option value=\"webcam-barcelona-rambla-monuments\">Barcelona (Rambla Monuments)<\/option>\n <option value=\"webcam-barcelona-ronda-de-dalt-carretera-esplugues\">Barcelona (Ronda de Dalt - ctra. Esplugues)<\/option>\n <option value=\"webcam-barcelona-ronda-de-dalt-meridiana\">Barcelona (Ronda de Dalt - Meridiana)<\/option>\n <option value=\"webcam-barcelona-ronda-de-dalt-sant-gervasi\">Barcelona (Ronda de Dalt - Sant Gervasi)<\/option>\n <option value=\"webcam-barcelona-ronda-de-dalt-velodrom\">Barcelona (Ronda de Dalt - Vel\u00f3drom)<\/option>\n <option value=\"webcam-barcelona-ronda-litoral-badajoz\">Barcelona (Ronda Litoral - Badajoz)<\/option>\n <option value=\"webcam-barcelona-ronda-litoral-bon-pastor\">Barcelona (Ronda Litoral - Bon Pastor)<\/option>\n <option value=\"webcam-barcelona-ronda-litoral-moll-de-la-fusta\">Barcelona (Ronda Litoral - Moll de la Fusta)<\/option>\n <option value=\"webcam-barcelona-ronda-litoral-zona-franca\">Barcelona (Ronda Litoral - Zona Franca)<\/option>\n <option value=\"webcam-barcelona-tunel-de-la-rovira\">Barcelona (T\u00fanel de la Rovira)<\/option>\n <option value=\"webcam-barruera-cdavallboi\">Barruera<\/option>\n <option value=\"webcam-bellvei-aerodrom\">Bellvei (Aer\u00f2drom)<\/option>\n <option value=\"webcam-berga-santuari-de-queralt\">Berga (Santuari de Queralt)<\/option>\n <option value=\"webcam-boi-taull-resort-carlina-cota-2170\">Bo\u00ed Ta\u00fcll (Carlina cota 2170)<\/option>\n <option value=\"webcam-boi-taull-resort-pla-de-vaques-zona-express\">Bo\u00ed Ta\u00fcll (Pla de Vaques zona express)<\/option>\n <option value=\"webcam-boi-taull-resort-pla-de-vaques-zona-vaques\">Bo\u00ed Ta\u00fcll (Pla de Vaques zona Vaques)<\/option>\n <option value=\"webcam-cabdella\">Cabdella<\/option>\n <option value=\"webcam-cambrils-port\">Cambrils (Port)<\/option>\n <option value=\"webcam-capafonts-picorandan\">Capafonts (Picorandan)<\/option>\n <option value=\"webcam-castell-de-santa-maria-aerodrom\">Castell de Santa Maria (Aer\u00f2drom)<\/option>\n <option value=\"webcam-cervera-muralla\">Cervera (Muralla)<\/option>\n <option value=\"webcam-cervia-de-les-garrigues-1\">Cervi\u00e0 de les Garrigues<\/option>\n <option value=\"webcam-el-pla-de-santa-maria\">El Pla de Santa Maria (Pla\u00e7a)<\/option>\n <option value=\"webcam-espot-esqui-cota-2000\">Espot (Espot Esqu\u00ed cota 2000)<\/option>\n <option value=\"webcam-espot-esqui-cota-2200\">Espot (Espot Esqu\u00ed cota 2200)<\/option>\n <option value=\"webcam-espot-pallars-tv3-cota-2300\">Espot (Espot Esqu\u00ed TV3 cota 2300)<\/option>\n <option value=\"webcam-espot-refugi-amitges-nord\">Espot Refugi Amitges (Vista nord)<\/option>\n <option value=\"webcam-espot-refugi-amitges-sud\">Espot Refugi Amitges (Vista Sud)<\/option>\n <option value=\"webcam-espot-refugi-josep-maria-blanc-estany\">Espot (Refugi Josep Maria Blanc)<\/option>\n <option value=\"webcam-esterri-daneu-muntanya\">Esterri d'\u00c0neu (vista a muntanya)<\/option>\n <option value=\"webcam-esterri-daneu-vista-general\">Esterri d'\u00c0neu (Vista general)<\/option>\n <option value=\"webcam-guissona-parramon\">Guissona (Parramon)<\/option>\n <option value=\"webcam-igualada-aerodrom-pista-17\">Igualada (Aer\u00f2drom pista 17)<\/option>\n <option value=\"webcam-igualada-aerodrom-pista-35\">Igualada (Aer\u00f2drom pista 35)<\/option>\n <option value=\"webcam-isil\">Isil<\/option>\n <option value=\"webcam-la-guardia-dels-prats-exterior\">La Gu\u00e0rdia dels Prats (Exterior)<\/option>\n <option value=\"webcam-la-molina-cap-de-comella\">La Molina (Cap de Comella)<\/option>\n <option value=\"webcam-la-molina-estadi-font-canaleta\">La Molina (Estadi Font Canaleta)<\/option>\n <option value=\"webcam-la-molina-pista-llarga-taquilles\">La Molina (Pista Llarga-taquilles)<\/option>\n <option value=\"webcam-la-molina-pista-llarga-tv3\">La Molina (Pista Llarga)<\/option>\n <option value=\"webcam-la-molina-refugi-niu-aguila\">La Molina (Refugi Niu de l'\u00c0guila)<\/option>\n <option value=\"webcam-la-riba-exterior\">La Riba (Exterior)<\/option>\n <option value=\"webcam-lalbiol-castell\">L'Albiol (Castell)<\/option>\n <option value=\"webcam-laleixar-la-mussara\">L'Aleixar (La Mussara)<\/option>\n <option value=\"webcam-lespluga-de-francoli-placa-esglesia\">L'Espluga de Francol\u00ed (Pla\u00e7a de l'Esglesia)<\/option>\n <option value=\"webcam-lleida-blondel\">Lleida (Blondel)<\/option>\n <option value=\"webcam-lleida-la-seu\">Lleida (Vista Seu Vella)<\/option>\n <option value=\"webcam-lleida-pcital\">Lleida (PCiTAL)<\/option>\n <option value=\"webcam-lleida-placa-sant-joan\">Lleida (Pla\u00e7a Sant Joan)<\/option>\n <option value=\"webcam-lleida-pont-vell\">Lleida (Pont Vell)<\/option>\n <option value=\"webcam-lleida-rambla-ferran\">Lleida (Rambla Ferran)<\/option>\n <option value=\"webcam-llimiana-embassament-de-terradets\">Llimiana (Embassament de Terradets)<\/option>\n <option value=\"webcam-llimiana-placa\">Llimiana (Pla\u00e7a)<\/option>\n <option value=\"webcam-manresa-la-seu-pont-vell\">Manresa (La Seu i el Pont Vell)<\/option>\n <option value=\"webcam-masella-coma-oriola\">Masella (Coma Oriola)<\/option>\n <option value=\"webcam-masella-jet\">Masella (Jet)<\/option>\n <option value=\"webcam-masella-jumbo-tosa\">Masella (Jumbo Tosa)<\/option>\n <option value=\"webcam-masella-la-pia\">Masella (La Pia)<\/option>\n <option value=\"webcam-masella-la-pleta\">Masella (La Pleta)<\/option>\n <option value=\"webcam-masella-la-tosa\">Masella (La Tosa)<\/option>\n <option value=\"webcam-masella-pla\">Masella (Pla)<\/option>\n <option value=\"webcam-masella-tgv\">Masella (TGV)<\/option>\n <option value=\"webcam-mollerussa-aerodrom\">Mollerussa (Aer\u00f2drom)<\/option>\n <option value=\"webcam-mollo-esglesia\"><\/option>\n <option value=\"webcam-monistrol-de-montserrat-abadia-de-montserrat-tv3\">Monistrol de Montserrat (Abadia de Montserrat)<\/option>\n <option value=\"webcam-mont-ral-vista-general\">Mont-ral<\/option>\n <option value=\"webcam-montblanc-muralla\">Montblanc (Muralla)<\/option>\n <option value=\"webcam-montoliu-de-lleida\">Montoliu de Lleida<\/option>\n <option value=\"webcam-pinetell-poble\">El Pinetell<\/option>\n <option value=\"webcam-platja-aro\">Platja d'Aro (Platja)<\/option>\n <option value=\"webcam-port-del-comte-prat-donado\">El Port del Comte ( Prat Donad\u00f3)<\/option>\n <option value=\"webcam-port-del-comte-querol\">El Port del Comte (Querol)<\/option>\n <option value=\"webcam-port-del-comte-vista-general\">El Port del Comte (Vista General)<\/option>\n <option value=\"webcam-prades-bombers\">Prades (Bombers)<\/option>\n <option value=\"webcam-prades-closos-llupol-damm\">Prades (Closos - Finca Ll\u00fapol)<\/option>\n <option value=\"webcam-prades-placa-major\">Prades (Pla\u00e7a Major)<\/option>\n <option value=\"webcam-prades-tossal-de-la-baltasana\">Prades (Tossal de la Baltasana)<\/option>\n <option value=\"webcam-queixans-meteoqueixans-1\">Queixans (Cam1)<\/option>\n <option value=\"webcam-queixans-meteoqueixans-2\">Queixans (Cam2)<\/option>\n <option value=\"webcam-queixans-meteoqueixans-3\">Queixans (Cam3)<\/option>\n <option value=\"webcam-querol-mas-llenas\">Querol (Mas Llenas)<\/option>\n <option value=\"webcam-querol-placa-sant-sebastia\">Querol (Pla\u00e7a Sant Sebasti\u00e0)<\/option>\n <option value=\"webcam-reus-campanar\">Reus (Campanar)<\/option>\n <option value=\"webcam-reus-placa-prim\">Reus (Pla\u00e7a Prim)<\/option>\n <option value=\"webcam-rialp-port-aine-cota-2000\">Rialp (Port Ain\u00e9 cota 2000)<\/option>\n <option value=\"webcam-rialp-port-aine-pallars-tv3-cota-2100\">Rialp (Port Ain\u00e9 TV3 cota 2100)<\/option>\n <option value=\"webcam-rialp-port-aine-panoramica\">Rialp (Port Ain\u00e9 panor\u00e0mica)<\/option>\n <option value=\"webcam-ripoll-placa-monestir\">Ripoll (Pla\u00e7a Monestir)<\/option>\n <option value=\"webcam-rojals-exterior\">Rojals (Exterior)<\/option>\n <option value=\"webcam-roses-platja\">Roses (Platja)<\/option>\n <option value=\"webcam-sant-boi-de-llobregat-ermita-de-sant-ramon\">Sant Boi de Llobregat  (Ermita de Sant Ramon)<\/option>\n <option value=\"webcam-sant-joan-de-lerm-refugi\">Sant Joan de l'Erm (Refugi)<\/option>\n <option value=\"webcam-sant-joan-despi-tv3\">Sant Joan Desp\u00ed (TV3)<\/option>\n <option value=\"webcam-sant-marti-de-canals-casacota\">Sant Mart\u00ed de Canals (Casacota)<\/option>\n <option value=\"webcam-sant-pere-de-ribes-carrer-nou\">Sant Pere de Ribes (Carrer nou)<\/option>\n <option value=\"webcam-sant-pere-de-ribes-esglesia\">Sant Pere de Ribes (Esglesia)<\/option>\n <option value=\"webcam-santes-creus-monestir\">Santes Creus (Monestir)<\/option>\n <option value=\"webcam-segur-de-calafell\">Segur de Calafell ( Platja)<\/option>\n <option value=\"webcam-setcases-vallter-estadi\">Setcases (Vallter estadi)<\/option>\n <option value=\"webcam-setcases-vallter-morens\">Setcases (Vallter Morens)<\/option>\n <option value=\"webcam-setcases-vallter-tv3-cota-2300\">Setcases (Vallter TV3 cota 2300)<\/option>\n <option value=\"webcam-tarragona-mar\">Tarragona (Vista mar)<\/option>\n <option value=\"webcam-tavascan-pleta-del-prat\">Tavascan (Pleta del prat)<\/option>\n <option value=\"webcam-torroella-de-montgri-estartit\">Torroella de Montgr\u00ed (Estartit)<\/option>\n <option value=\"webcam-tortosa-ebre\">Tortosa (Ebre)<\/option>\n <option value=\"webcam-valencia-aneu-pla-esterri\">Val\u00e8ncia d'\u00c0neu (Pla d'Esterri)<\/option>\n <option value=\"webcam-vallmoll-aerodrom\">Vallmoll (Aer\u00f2drom)<\/option>\n <option value=\"webcam-valls-miramar\">Valls (Miramar)<\/option>\n <option value=\"webcam-valls-pic-de-miramar\">Valls (Pic de Miramar)<\/option>\n <option value=\"webcam-vic-placa-major\">Vic (Pla\u00e7a Major)<\/option>\n <option value=\"webcam-vielha\">Vielha e Mitjaran (Vista General)<\/option>\n <option value=\"webcam-viladamat-aerodrom\">Viladamat (Aer\u00f2drom)<\/option>\n <option value=\"webcam-vilanova-de-prades-poble\">Vilanova de Prades (Poble)<\/option>\n <option value=\"webcam-vimbodi-i-poblet-casa-forestal-de-la-pena\">Vimbod\u00ed i Poblet (Casa forestal de la pena)<\/option>\n <option value=\"webcam-vimbodi-i-poblet-monestir-de-poblet\">Vinbod\u00ed i Poblet (Monestir de Poblet)<\/option>\n<\/select><br \/><input title=\"posici\u00f3 inicial del mapa\" type=\"submit\" value=\"Inici\" name=\"inici\" onClick=\"anar(8,41.503089,1.788576);\"><input title=\"Totes\" type=\"submit\" value=\"Totes\" name=\"Totes\" onClick=\"showHideMarkersAll('tipus',1);\"><input title=\"Cap\"  type=\"submit\" value=\"Cap\" name=\"Cap\" onClick=\"showHideMarkersAll('tipus',0);\"> OK: 1  KO:143<br><table align= \"center\"  width=\"100%\"  border=\"0\"><tr><td><input type=\"checkbox\" name=\"tipus\" value=\"2\" checked onclick=\"showHideMarkers(this);\" \/>AERO (9)<\/td><td><input type=\"checkbox\" name=\"tipus\" value=\"1\" checked onclick=\"showHideMarkers(this);\" \/>AJUNT (10)<\/td><td><input type=\"checkbox\" name=\"tipus\" value=\"3\" checked onclick=\"showHideMarkers(this);\" \/>ASSOC (2)<\/td><td><input type=\"checkbox\" name=\"tipus\" value=\"12\" checked onclick=\"showHideMarkers(this);\" \/>EMPRESA (1)<\/td><\/tr><tr><td><input type=\"checkbox\" name=\"tipus\" value=\"4\" checked onclick=\"showHideMarkers(this);\" \/>HOTEL (1)<\/td><td><input type=\"checkbox\" name=\"tipus\" value=\"6\" checked onclick=\"showHideMarkers(this);\" \/>METEO (16)<\/td><td><input type=\"checkbox\" name=\"tipus\" value=\"13\" checked onclick=\"showHideMarkers(this);\" \/>METEO PRADES (16)<\/td><td><input type=\"checkbox\" name=\"tipus\" value=\"9\" checked onclick=\"showHideMarkers(this);\" \/>NEU (26)<\/td><\/tr><tr><td><input type=\"checkbox\" name=\"tipus\" value=\"8\" checked onclick=\"showHideMarkers(this);\" \/>PARTIC (1)<\/td><td><input type=\"checkbox\" name=\"tipus\" value=\"7\" checked onclick=\"showHideMarkers(this);\" \/>PREMSA (3)<\/td><td><input type=\"checkbox\" name=\"tipus\" value=\"5\" checked onclick=\"showHideMarkers(this);\" \/>REFUGI (4)<\/td><td><input type=\"checkbox\" name=\"tipus\" value=\"11\" checked onclick=\"showHideMarkers(this);\" \/>TEMPS TV3 (28)<\/td><\/tr><tr><td><input type=\"checkbox\" name=\"tipus\" value=\"10\" checked onclick=\"showHideMarkers(this);\" \/>TRANSIT BNC (27)<\/td><td><input type=\"checkbox\" name=\"tipus\" value=\"14\" checked onclick=\"showHideMarkers(this);\" \/>TRANSIT GENCAT (0)<\/td><td><\/td><td><\/td><\/tr><\/table>              \n<div  align=\"center\" id=\"map\" style=\"width:100%; height:600px\"><\/div><br \/>\n\n\n\n\n<p>Per qualsevol consulta, aclariment, rectificaci\u00f3 de dades referent a WebCam Catalunya podeu utilitzar el formulari privat de<a title=\"webcam-contacta\" href=\"http:\/\/undetec.com\/blog\/webcam-contacta\/\"> contacta<\/a>&nbsp;&nbsp;o deixar un comentari p\u00fablic aqu\u00ed a la mateixa p\u00e0gina.<\/p>\n","protected":false},"excerpt":{"rendered":"<p>Per qualsevol consulta, aclariment, rectificaci\u00f3 de dades referent a WebCam Catalunya podeu utilitzar el formulari privat de contacta&nbsp;&nbsp;o deixar un comentari p\u00fablic aqu\u00ed a la mateixa p\u00e0gina.<\/p>\n","protected":false},"author":2,"featured_media":0,"parent":0,"menu_order":0,"comment_status":"closed","ping_status":"closed","template":"","meta":{"footnotes":""},"class_list":["post-95","page","type-page","status-publish","hentry"],"yoast_head":"<!-- This site is optimized with the Yoast SEO plugin v27.4 - https:\/\/yoast.com\/product\/yoast-seo-wordpress\/ -->\n<title>WebCam Catalunya Mapa<\/title>\n<meta name=\"description\" content=\"Mapa amb la localitzaci\u00f3 de totes les Webcam de Catalunya. Detecta les que no estan operatives.\" \/>\n<meta name=\"robots\" content=\"index, follow, max-snippet:-1, max-image-preview:large, max-video-preview:-1\" \/>\n<link rel=\"canonical\" href=\"https:\/\/www.undetec.com\/blog\/webcam-catalunya-mapa\/\" \/>\n<meta property=\"og:locale\" content=\"ca_ES\" \/>\n<meta property=\"og:type\" content=\"article\" \/>\n<meta property=\"og:title\" content=\"WebCam Catalunya Mapa\" \/>\n<meta property=\"og:description\" content=\"Mapa amb la localitzaci\u00f3 de totes les Webcam de Catalunya. Detecta les que no estan operatives.\" \/>\n<meta property=\"og:url\" content=\"https:\/\/www.undetec.com\/blog\/webcam-catalunya-mapa\/\" \/>\n<meta property=\"og:site_name\" content=\"UNDETEC\" \/>\n<meta property=\"article:publisher\" content=\"https:\/\/www.facebook.com\/pages\/UNDETEC\/120913354659573\" \/>\n<meta property=\"article:modified_time\" content=\"2019-07-14T10:39:23+00:00\" \/>\n<meta name=\"twitter:card\" content=\"summary_large_image\" \/>\n<script type=\"application\/ld+json\" class=\"yoast-schema-graph\">{\"@context\":\"https:\\\/\\\/schema.org\",\"@graph\":[{\"@type\":\"WebPage\",\"@id\":\"https:\\\/\\\/www.undetec.com\\\/blog\\\/webcam-catalunya-mapa\\\/\",\"url\":\"https:\\\/\\\/www.undetec.com\\\/blog\\\/webcam-catalunya-mapa\\\/\",\"name\":\"WebCam Catalunya Mapa\",\"isPartOf\":{\"@id\":\"https:\\\/\\\/www.undetec.com\\\/blog\\\/#website\"},\"datePublished\":\"2015-01-06T22:31:04+00:00\",\"dateModified\":\"2019-07-14T10:39:23+00:00\",\"description\":\"Mapa amb la localitzaci\u00f3 de totes les Webcam de Catalunya. Detecta les que no estan operatives.\",\"breadcrumb\":{\"@id\":\"https:\\\/\\\/www.undetec.com\\\/blog\\\/webcam-catalunya-mapa\\\/#breadcrumb\"},\"inLanguage\":\"ca\",\"potentialAction\":[{\"@type\":\"ReadAction\",\"target\":[\"https:\\\/\\\/www.undetec.com\\\/blog\\\/webcam-catalunya-mapa\\\/\"]}]},{\"@type\":\"BreadcrumbList\",\"@id\":\"https:\\\/\\\/www.undetec.com\\\/blog\\\/webcam-catalunya-mapa\\\/#breadcrumb\",\"itemListElement\":[{\"@type\":\"ListItem\",\"position\":1,\"name\":\"Inici\",\"item\":\"https:\\\/\\\/www.undetec.com\\\/blog\\\/\"},{\"@type\":\"ListItem\",\"position\":2,\"name\":\"WebCam Catalunya Mapa\"}]},{\"@type\":\"WebSite\",\"@id\":\"https:\\\/\\\/www.undetec.com\\\/blog\\\/#website\",\"url\":\"https:\\\/\\\/www.undetec.com\\\/blog\\\/\",\"name\":\"UNDETEC\",\"description\":\"UNI\u00d3 DE TECNOLOGIES\",\"publisher\":{\"@id\":\"https:\\\/\\\/www.undetec.com\\\/blog\\\/#organization\"},\"potentialAction\":[{\"@type\":\"SearchAction\",\"target\":{\"@type\":\"EntryPoint\",\"urlTemplate\":\"https:\\\/\\\/www.undetec.com\\\/blog\\\/?s={search_term_string}\"},\"query-input\":{\"@type\":\"PropertyValueSpecification\",\"valueRequired\":true,\"valueName\":\"search_term_string\"}}],\"inLanguage\":\"ca\"},{\"@type\":\"Organization\",\"@id\":\"https:\\\/\\\/www.undetec.com\\\/blog\\\/#organization\",\"name\":\"UNDETEC\",\"url\":\"https:\\\/\\\/www.undetec.com\\\/blog\\\/\",\"logo\":{\"@type\":\"ImageObject\",\"inLanguage\":\"ca\",\"@id\":\"https:\\\/\\\/www.undetec.com\\\/blog\\\/#\\\/schema\\\/logo\\\/image\\\/\",\"url\":\"https:\\\/\\\/www.undetec.com\\\/blog\\\/wp-content\\\/uploads\\\/2016\\\/11\\\/undetec_logo.gif\",\"contentUrl\":\"https:\\\/\\\/www.undetec.com\\\/blog\\\/wp-content\\\/uploads\\\/2016\\\/11\\\/undetec_logo.gif\",\"width\":154,\"height\":45,\"caption\":\"UNDETEC\"},\"image\":{\"@id\":\"https:\\\/\\\/www.undetec.com\\\/blog\\\/#\\\/schema\\\/logo\\\/image\\\/\"},\"sameAs\":[\"https:\\\/\\\/www.facebook.com\\\/pages\\\/UNDETEC\\\/120913354659573\"]}]}<\/script>\n<!-- \/ Yoast SEO plugin. -->","yoast_head_json":{"title":"WebCam Catalunya Mapa","description":"Mapa amb la localitzaci\u00f3 de totes les Webcam de Catalunya. Detecta les que no estan operatives.","robots":{"index":"index","follow":"follow","max-snippet":"max-snippet:-1","max-image-preview":"max-image-preview:large","max-video-preview":"max-video-preview:-1"},"canonical":"https:\/\/www.undetec.com\/blog\/webcam-catalunya-mapa\/","og_locale":"ca_ES","og_type":"article","og_title":"WebCam Catalunya Mapa","og_description":"Mapa amb la localitzaci\u00f3 de totes les Webcam de Catalunya. Detecta les que no estan operatives.","og_url":"https:\/\/www.undetec.com\/blog\/webcam-catalunya-mapa\/","og_site_name":"UNDETEC","article_publisher":"https:\/\/www.facebook.com\/pages\/UNDETEC\/120913354659573","article_modified_time":"2019-07-14T10:39:23+00:00","twitter_card":"summary_large_image","schema":{"@context":"https:\/\/schema.org","@graph":[{"@type":"WebPage","@id":"https:\/\/www.undetec.com\/blog\/webcam-catalunya-mapa\/","url":"https:\/\/www.undetec.com\/blog\/webcam-catalunya-mapa\/","name":"WebCam Catalunya Mapa","isPartOf":{"@id":"https:\/\/www.undetec.com\/blog\/#website"},"datePublished":"2015-01-06T22:31:04+00:00","dateModified":"2019-07-14T10:39:23+00:00","description":"Mapa amb la localitzaci\u00f3 de totes les Webcam de Catalunya. Detecta les que no estan operatives.","breadcrumb":{"@id":"https:\/\/www.undetec.com\/blog\/webcam-catalunya-mapa\/#breadcrumb"},"inLanguage":"ca","potentialAction":[{"@type":"ReadAction","target":["https:\/\/www.undetec.com\/blog\/webcam-catalunya-mapa\/"]}]},{"@type":"BreadcrumbList","@id":"https:\/\/www.undetec.com\/blog\/webcam-catalunya-mapa\/#breadcrumb","itemListElement":[{"@type":"ListItem","position":1,"name":"Inici","item":"https:\/\/www.undetec.com\/blog\/"},{"@type":"ListItem","position":2,"name":"WebCam Catalunya Mapa"}]},{"@type":"WebSite","@id":"https:\/\/www.undetec.com\/blog\/#website","url":"https:\/\/www.undetec.com\/blog\/","name":"UNDETEC","description":"UNI\u00d3 DE TECNOLOGIES","publisher":{"@id":"https:\/\/www.undetec.com\/blog\/#organization"},"potentialAction":[{"@type":"SearchAction","target":{"@type":"EntryPoint","urlTemplate":"https:\/\/www.undetec.com\/blog\/?s={search_term_string}"},"query-input":{"@type":"PropertyValueSpecification","valueRequired":true,"valueName":"search_term_string"}}],"inLanguage":"ca"},{"@type":"Organization","@id":"https:\/\/www.undetec.com\/blog\/#organization","name":"UNDETEC","url":"https:\/\/www.undetec.com\/blog\/","logo":{"@type":"ImageObject","inLanguage":"ca","@id":"https:\/\/www.undetec.com\/blog\/#\/schema\/logo\/image\/","url":"https:\/\/www.undetec.com\/blog\/wp-content\/uploads\/2016\/11\/undetec_logo.gif","contentUrl":"https:\/\/www.undetec.com\/blog\/wp-content\/uploads\/2016\/11\/undetec_logo.gif","width":154,"height":45,"caption":"UNDETEC"},"image":{"@id":"https:\/\/www.undetec.com\/blog\/#\/schema\/logo\/image\/"},"sameAs":["https:\/\/www.facebook.com\/pages\/UNDETEC\/120913354659573"]}]}},"_links":{"self":[{"href":"https:\/\/www.undetec.com\/blog\/wp-json\/wp\/v2\/pages\/95","targetHints":{"allow":["GET"]}}],"collection":[{"href":"https:\/\/www.undetec.com\/blog\/wp-json\/wp\/v2\/pages"}],"about":[{"href":"https:\/\/www.undetec.com\/blog\/wp-json\/wp\/v2\/types\/page"}],"author":[{"embeddable":true,"href":"https:\/\/www.undetec.com\/blog\/wp-json\/wp\/v2\/users\/2"}],"replies":[{"embeddable":true,"href":"https:\/\/www.undetec.com\/blog\/wp-json\/wp\/v2\/comments?post=95"}],"version-history":[{"count":29,"href":"https:\/\/www.undetec.com\/blog\/wp-json\/wp\/v2\/pages\/95\/revisions"}],"predecessor-version":[{"id":1670,"href":"https:\/\/www.undetec.com\/blog\/wp-json\/wp\/v2\/pages\/95\/revisions\/1670"}],"wp:attachment":[{"href":"https:\/\/www.undetec.com\/blog\/wp-json\/wp\/v2\/media?parent=95"}],"curies":[{"name":"wp","href":"https:\/\/api.w.org\/{rel}","templated":true}]}}